{"id":15588,"date":"2024-06-03T14:39:35","date_gmt":"2024-06-03T12:39:35","guid":{"rendered":"https:\/\/existing-lookandfeel.hullschool.ch\/?page_id=15588"},"modified":"2024-06-13T08:21:59","modified_gmt":"2024-06-13T06:21:59","slug":"ec2-interne-pruefungswoche","status":"publish","type":"page","link":"https:\/\/www.hullschool.ch\/de\/eltern\/ec2-english-college-y2\/pruefungen\/ec2-interne-pruefungswoche\/","title":{"rendered":"EC2 Interne Pr\u00fcfungswoche"},"content":{"rendered":"\t\t<div data-elementor-type=\"wp-page\" data-elementor-id=\"15588\" class=\"elementor elementor-15588 elementor-13706\" data-elementor-post-type=\"page\">\n\t\t\t\t<div class=\"elementor-element elementor-element-61e129cd e-con-full pad-tb-l-first e-flex e-con e-parent\" data-id=\"61e129cd\" data-element_type=\"container\" data-e-type=\"container\" data-settings=\"{&quot;background_background&quot;:&quot;classic&quot;}\">\n\t\t<div class=\"elementor-element elementor-element-53f79b45 c-box e-flex e-con-boxed e-con e-child\" data-id=\"53f79b45\" data-element_type=\"container\" data-e-type=\"container\">\n\t\t\t\t\t<div class=\"e-con-inner\">\n\t\t<div class=\"elementor-element elementor-element-7ce3ece1 e-con-full e-flex e-con e-child\" data-id=\"7ce3ece1\" data-element_type=\"container\" data-e-type=\"container\">\n\t\t\t\t<div class=\"elementor-element elementor-element-53a13dd3 elementor-invisible elementor-widget elementor-widget-heading\" data-id=\"53a13dd3\" data-element_type=\"widget\" data-e-type=\"widget\" data-settings=\"{&quot;_animation&quot;:&quot;fadeInDown&quot;,&quot;_animation_delay&quot;:200}\" data-widget_type=\"heading.default\">\n\t\t\t\t<div class=\"elementor-widget-container\">\n\t\t\t\t\t<p class=\"elementor-heading-title elementor-size-default\">Das erste College der Schweiz mit einem englischen 10. Schuljahr<\/p>\t\t\t\t<\/div>\n\t\t\t\t<\/div>\n\t\t\t\t<\/div>\n\t\t\t\t\t<\/div>\n\t\t\t\t<\/div>\n\t\t\t\t<\/div>\n\t\t<div class=\"elementor-element elementor-element-2ad1dac e-con-full e-flex e-con e-parent\" data-id=\"2ad1dac\" data-element_type=\"container\" data-e-type=\"container\" data-settings=\"{&quot;background_background&quot;:&quot;classic&quot;}\">\n\t\t<div class=\"elementor-element elementor-element-3d2f114 c-box pad-tb-m e-flex e-con-boxed e-con e-child\" data-id=\"3d2f114\" data-element_type=\"container\" data-e-type=\"container\" data-settings=\"{&quot;background_background&quot;:&quot;classic&quot;}\">\n\t\t\t\t\t<div class=\"e-con-inner\">\n\t\t<div class=\"elementor-element elementor-element-2dc6eda5 e-con-full elementor-hidden-tablet elementor-hidden-mobile elementor-hidden-tablet_extra e-flex e-con e-child\" data-id=\"2dc6eda5\" data-element_type=\"container\" data-e-type=\"container\" data-settings=\"{&quot;background_background&quot;:&quot;classic&quot;}\">\n\t\t\t\t<div class=\"elementor-element elementor-element-6e7bf36 verticalmenu elementor-nav-menu__text-align-aside elementor-widget elementor-widget-global elementor-global-13414 elementor-widget-nav-menu\" data-id=\"6e7bf36\" data-element_type=\"widget\" data-e-type=\"widget\" data-settings=\"{&quot;layout&quot;:&quot;dropdown&quot;,&quot;submenu_icon&quot;:{&quot;value&quot;:&quot;fas fa-chevron-down&quot;,&quot;library&quot;:&quot;fa-solid&quot;}}\" data-widget_type=\"nav-menu.default\">\n\t\t\t\t<div class=\"elementor-widget-container\">\n\t\t\t\t\t\t\t\t<nav class=\"elementor-nav-menu--dropdown elementor-nav-menu__container\" aria-hidden=\"true\">\n\t\t\t\t<ul id=\"menu-2-6e7bf36\" class=\"elementor-nav-menu\"><li class=\"menu-item menu-item-type-post_type menu-item-object-page menu-item-has-children menu-item-15807\"><a href=\"https:\/\/www.hullschool.ch\/de\/eltern\/allgemeine-informationen\/\" class=\"elementor-item\" tabindex=\"-1\">Allgemeine Informationen<\/a>\n<ul class=\"sub-menu elementor-nav-menu--dropdown\">\n\t<li class=\"menu-item menu-item-type-post_type menu-item-object-page menu-item-15808\"><a href=\"https:\/\/www.hullschool.ch\/de\/eltern\/allgemeine-informationen\/schulregeln\/\" class=\"elementor-sub-item\" tabindex=\"-1\">Schulregeln<\/a><\/li>\n\t<li class=\"menu-item menu-item-type-post_type menu-item-object-page menu-item-15813\"><a href=\"https:\/\/www.hullschool.ch\/de\/eltern\/allgemeine-informationen\/stundenplan\/\" class=\"elementor-sub-item\" tabindex=\"-1\">Stundenplan<\/a><\/li>\n\t<li class=\"menu-item menu-item-type-post_type menu-item-object-page menu-item-15818\"><a href=\"https:\/\/www.hullschool.ch\/de\/eltern\/allgemeine-informationen\/absenzen-entschuldigungen\/\" class=\"elementor-sub-item\" tabindex=\"-1\">Absenzen \/ Entschuldigungen<\/a><\/li>\n\t<li class=\"menu-item menu-item-type-post_type menu-item-object-page menu-item-15819\"><a href=\"https:\/\/www.hullschool.ch\/de\/eltern\/allgemeine-informationen\/lehrer\/\" class=\"elementor-sub-item\" tabindex=\"-1\">Lehrer<\/a><\/li>\n\t<li class=\"menu-item menu-item-type-post_type menu-item-object-page menu-item-15821\"><a href=\"https:\/\/www.hullschool.ch\/de\/eltern\/allgemeine-informationen\/schulkultur-und-sport\/\" class=\"elementor-sub-item\" tabindex=\"-1\">Schulkultur und Sport<\/a><\/li>\n<\/ul>\n<\/li>\n<li class=\"menu-item menu-item-type-post_type menu-item-object-page menu-item-has-children menu-item-15823\"><a href=\"\/de\/eltern\/ec1-english-college-y1\/elterninformationen\/\" class=\"elementor-item\" tabindex=\"-1\">EC1 (English College Y1)<\/a>\n<ul class=\"sub-menu elementor-nav-menu--dropdown\">\n\t<li class=\"menu-item menu-item-type-post_type menu-item-object-page menu-item-15824\"><a href=\"https:\/\/www.hullschool.ch\/de\/eltern\/ec1-english-college-y1\/elterninformationen\/\" class=\"elementor-sub-item\" tabindex=\"-1\">Elterninformationen<\/a><\/li>\n\t<li class=\"menu-item menu-item-type-post_type menu-item-object-page menu-item-15833\"><a href=\"https:\/\/www.hullschool.ch\/de\/eltern\/ec2-english-college-y2\/elterninformationen\/elternabende\/\" class=\"elementor-sub-item\" tabindex=\"-1\">Elternabende<\/a><\/li>\n\t<li class=\"menu-item menu-item-type-post_type menu-item-object-page menu-item-15837\"><a href=\"https:\/\/www.hullschool.ch\/de\/eltern\/ec1-english-college-y1\/stundenplan\/\" class=\"elementor-sub-item\" tabindex=\"-1\">Stundenplan<\/a><\/li>\n\t<li class=\"menu-item menu-item-type-post_type menu-item-object-page menu-item-15843\"><a href=\"https:\/\/www.hullschool.ch\/de\/eltern\/ec1-english-college-y1\/schulkalender-und-ferienplan\/\" class=\"elementor-sub-item\" tabindex=\"-1\">Schulkalender &#038; Ferienplan<\/a><\/li>\n\t<li class=\"menu-item menu-item-type-post_type menu-item-object-page menu-item-has-children menu-item-15847\"><a href=\"https:\/\/www.hullschool.ch\/de\/eltern\/ec1-english-college-y1\/pruefungen\/\" class=\"elementor-sub-item\" tabindex=\"-1\">Pr\u00fcfungen<\/a>\n\t<ul class=\"sub-menu elementor-nav-menu--dropdown\">\n\t\t<li class=\"menu-item menu-item-type-post_type menu-item-object-page menu-item-15852\"><a href=\"https:\/\/www.hullschool.ch\/de\/eltern\/ec1-english-college-y1\/pruefungen\/ec1-interne-pruefungswoche\/\" class=\"elementor-sub-item\" tabindex=\"-1\">EC1 Interne Pr\u00fcfungswoche<\/a><\/li>\n\t\t<li class=\"menu-item menu-item-type-post_type menu-item-object-page menu-item-15851\"><a href=\"https:\/\/www.hullschool.ch\/de\/eltern\/ec1-english-college-y1\/pruefungen\/ec1-interne-jahresendpruefungen\/\" class=\"elementor-sub-item\" tabindex=\"-1\">EC1 Interne Jahresendpr\u00fcfungen<\/a><\/li>\n\t\t<li class=\"menu-item menu-item-type-post_type menu-item-object-page menu-item-15853\"><a href=\"https:\/\/www.hullschool.ch\/de\/eltern\/ec1-english-college-y1\/pruefungen\/resultate-diplome\/\" class=\"elementor-sub-item\" tabindex=\"-1\">Resultate &#038; Diplome<\/a><\/li>\n\t<\/ul>\n<\/li>\n\t<li class=\"menu-item menu-item-type-post_type menu-item-object-page menu-item-has-children menu-item-15854\"><a href=\"https:\/\/www.hullschool.ch\/de\/eltern\/ec1-english-college-y1\/ausfluege-veranstaltungen-exkursionen\/\" class=\"elementor-sub-item\" tabindex=\"-1\">Ausfl\u00fcge \/ Veranstaltungen \/ Exkursionen<\/a>\n\t<ul class=\"sub-menu elementor-nav-menu--dropdown\">\n\t\t<li class=\"menu-item menu-item-type-post_type menu-item-object-page menu-item-15855\"><a href=\"https:\/\/www.hullschool.ch\/de\/eltern\/ec1-english-college-y1\/ausfluege-veranstaltungen-exkursionen\/tonhallelate\/\" class=\"elementor-sub-item\" tabindex=\"-1\">TonhalleLATE<\/a><\/li>\n\t\t<li class=\"menu-item menu-item-type-post_type menu-item-object-page menu-item-15856\"><a href=\"https:\/\/www.hullschool.ch\/de\/eltern\/ec1-english-college-y1\/ausfluege-veranstaltungen-exkursionen\/wandertag\/\" class=\"elementor-sub-item\" tabindex=\"-1\">Wandertag<\/a><\/li>\n\t\t<li class=\"menu-item menu-item-type-post_type menu-item-object-page menu-item-15857\"><a href=\"https:\/\/www.hullschool.ch\/de\/eltern\/ec1-english-college-y1\/ausfluege-veranstaltungen-exkursionen\/schlittschuhlauf-tag\/\" class=\"elementor-sub-item\" tabindex=\"-1\">Schlittschuhlauf-Tag<\/a><\/li>\n\t\t<li class=\"menu-item menu-item-type-post_type menu-item-object-page menu-item-15858\"><a href=\"https:\/\/www.hullschool.ch\/de\/eltern\/ec1-english-college-y1\/ausfluege-veranstaltungen-exkursionen\/winter-sporttag\/\" class=\"elementor-sub-item\" tabindex=\"-1\">Winter Sporttag<\/a><\/li>\n\t\t<li class=\"menu-item menu-item-type-post_type menu-item-object-page menu-item-15859\"><a href=\"https:\/\/www.hullschool.ch\/de\/eltern\/ec1-english-college-y1\/ausfluege-veranstaltungen-exkursionen\/technorama\/\" class=\"elementor-sub-item\" tabindex=\"-1\">Technorama<\/a><\/li>\n\t\t<li class=\"menu-item menu-item-type-post_type menu-item-object-page menu-item-15861\"><a href=\"https:\/\/www.hullschool.ch\/de\/eltern\/ec1-english-college-y1\/ausfluege-veranstaltungen-exkursionen\/drama-club\/\" class=\"elementor-sub-item\" tabindex=\"-1\">Drama Club<\/a><\/li>\n\t\t<li class=\"menu-item menu-item-type-post_type menu-item-object-page menu-item-15866\"><a href=\"https:\/\/www.hullschool.ch\/de\/eltern\/ec1-english-college-y1\/ausfluege-veranstaltungen-exkursionen\/sporttag\/\" class=\"elementor-sub-item\" tabindex=\"-1\">Sporttag<\/a><\/li>\n\t\t<li class=\"menu-item menu-item-type-post_type menu-item-object-page menu-item-15867\"><a href=\"https:\/\/www.hullschool.ch\/de\/eltern\/ec1-english-college-y1\/ausfluege-veranstaltungen-exkursionen\/london\/\" class=\"elementor-sub-item\" tabindex=\"-1\">London<\/a><\/li>\n\t\t<li class=\"menu-item menu-item-type-post_type menu-item-object-page menu-item-15870\"><a href=\"https:\/\/www.hullschool.ch\/de\/eltern\/ec1-english-college-y1\/ausfluege-veranstaltungen-exkursionen\/schulball\/\" class=\"elementor-sub-item\" tabindex=\"-1\">Schulball<\/a><\/li>\n\t<\/ul>\n<\/li>\n<\/ul>\n<\/li>\n<li class=\"menu-item menu-item-type-post_type menu-item-object-page menu-item-has-children menu-item-15872\"><a href=\"\/de\/eltern\/ec2-english-college-y2\/elterninformationen\/\" class=\"elementor-item\" tabindex=\"-1\">EC2 (English College Y2)<\/a>\n<ul class=\"sub-menu elementor-nav-menu--dropdown\">\n\t<li class=\"menu-item menu-item-type-post_type menu-item-object-page menu-item-15874\"><a href=\"https:\/\/www.hullschool.ch\/de\/eltern\/ec2-english-college-y2\/elterninformationen\/\" class=\"elementor-sub-item\" tabindex=\"-1\">Elterninformationen<\/a><\/li>\n\t<li class=\"menu-item menu-item-type-post_type menu-item-object-page menu-item-15878\"><a href=\"https:\/\/www.hullschool.ch\/de\/eltern\/ec2-english-college-y2\/elternabende\/\" class=\"elementor-sub-item\" tabindex=\"-1\">Elternabende<\/a><\/li>\n\t<li class=\"menu-item menu-item-type-post_type menu-item-object-page menu-item-15882\"><a href=\"https:\/\/www.hullschool.ch\/de\/eltern\/ec2-english-college-y2\/stundenplan\/\" class=\"elementor-sub-item\" tabindex=\"-1\">Stundenplan<\/a><\/li>\n\t<li class=\"menu-item menu-item-type-post_type menu-item-object-page menu-item-15888\"><a href=\"https:\/\/www.hullschool.ch\/de\/eltern\/ec2-english-college-y2\/schulkalender-und-ferienplan\/\" class=\"elementor-sub-item\" tabindex=\"-1\">Schulkalender &amp; Ferienplan<\/a><\/li>\n\t<li class=\"menu-item menu-item-type-post_type menu-item-object-page menu-item-has-children menu-item-15892\"><a href=\"https:\/\/www.hullschool.ch\/de\/eltern\/ec2-english-college-y2\/pruefungen\/\" class=\"elementor-sub-item\" tabindex=\"-1\">Pr\u00fcfungen<\/a>\n\t<ul class=\"sub-menu elementor-nav-menu--dropdown\">\n\t\t<li class=\"menu-item menu-item-type-post_type menu-item-object-page menu-item-15895\"><a href=\"https:\/\/www.hullschool.ch\/de\/eltern\/ec2-english-college-y2\/pruefungen\/ec2-interne-pruefungswoche\/\" class=\"elementor-sub-item\" tabindex=\"-1\">EC2 Interne Pr\u00fcfungswoche<\/a><\/li>\n\t\t<li class=\"menu-item menu-item-type-post_type menu-item-object-page menu-item-15897\"><a href=\"https:\/\/www.hullschool.ch\/de\/eltern\/ec2-english-college-y2\/pruefungen\/resultate-diplome\/\" class=\"elementor-sub-item\" tabindex=\"-1\">Resultate &#038; Diplome<\/a><\/li>\n\t<\/ul>\n<\/li>\n\t<li class=\"menu-item menu-item-type-post_type menu-item-object-page menu-item-has-children menu-item-15900\"><a href=\"https:\/\/www.hullschool.ch\/de\/eltern\/ec2-english-college-y2\/ausfluege-veranstaltungen-exkursionen\/\" class=\"elementor-sub-item\" tabindex=\"-1\">Ausfl\u00fcge \/ Veranstaltungen \/ Exkursionen<\/a>\n\t<ul class=\"sub-menu elementor-nav-menu--dropdown\">\n\t\t<li class=\"menu-item menu-item-type-post_type menu-item-object-page menu-item-15905\"><a href=\"https:\/\/www.hullschool.ch\/de\/eltern\/ec2-english-college-y2\/ausfluege-veranstaltungen-exkursionen\/tonhallelate\/\" class=\"elementor-sub-item\" tabindex=\"-1\">TonhalleLATE<\/a><\/li>\n\t\t<li class=\"menu-item menu-item-type-post_type menu-item-object-page menu-item-15907\"><a href=\"https:\/\/www.hullschool.ch\/de\/eltern\/ec2-english-college-y2\/ausfluege-veranstaltungen-exkursionen\/wandertag\/\" class=\"elementor-sub-item\" tabindex=\"-1\">Wandertag<\/a><\/li>\n\t\t<li class=\"menu-item menu-item-type-post_type menu-item-object-page menu-item-15908\"><a href=\"https:\/\/www.hullschool.ch\/de\/eltern\/ec2-english-college-y2\/ausfluege-veranstaltungen-exkursionen\/schlittschuhlauf-tag\/\" class=\"elementor-sub-item\" tabindex=\"-1\">Schlittschuhlauf-Tag<\/a><\/li>\n\t\t<li class=\"menu-item menu-item-type-post_type menu-item-object-page menu-item-15909\"><a href=\"https:\/\/www.hullschool.ch\/de\/eltern\/ec2-english-college-y2\/ausfluege-veranstaltungen-exkursionen\/winter-sporttag\/\" class=\"elementor-sub-item\" tabindex=\"-1\">Winter Sporttag<\/a><\/li>\n\t\t<li class=\"menu-item menu-item-type-post_type menu-item-object-page menu-item-15915\"><a href=\"https:\/\/www.hullschool.ch\/de\/eltern\/ec2-english-college-y2\/ausfluege-veranstaltungen-exkursionen\/physik-exkursion\/\" class=\"elementor-sub-item\" tabindex=\"-1\">Physik Exkursion<\/a><\/li>\n\t\t<li class=\"menu-item menu-item-type-post_type menu-item-object-page menu-item-15917\"><a href=\"https:\/\/www.hullschool.ch\/de\/eltern\/ec2-english-college-y2\/ausfluege-veranstaltungen-exkursionen\/drama-club\/\" class=\"elementor-sub-item\" tabindex=\"-1\">Drama Club<\/a><\/li>\n\t\t<li class=\"menu-item menu-item-type-post_type menu-item-object-page menu-item-15919\"><a href=\"https:\/\/www.hullschool.ch\/de\/eltern\/ec2-english-college-y2\/ausfluege-veranstaltungen-exkursionen\/sporttag\/\" class=\"elementor-sub-item\" tabindex=\"-1\">Sporttag<\/a><\/li>\n\t\t<li class=\"menu-item menu-item-type-post_type menu-item-object-page menu-item-15920\"><a href=\"https:\/\/www.hullschool.ch\/de\/eltern\/ec2-english-college-y2\/ausfluege-veranstaltungen-exkursionen\/berlin-reise\/\" class=\"elementor-sub-item\" tabindex=\"-1\">Berlin Reise<\/a><\/li>\n\t\t<li class=\"menu-item menu-item-type-post_type menu-item-object-page menu-item-15922\"><a href=\"https:\/\/www.hullschool.ch\/de\/eltern\/ec2-english-college-y2\/ausfluege-veranstaltungen-exkursionen\/schulball\/\" class=\"elementor-sub-item\" tabindex=\"-1\">Schulball<\/a><\/li>\n\t<\/ul>\n<\/li>\n<\/ul>\n<\/li>\n<li class=\"menu-item menu-item-type-post_type menu-item-object-page menu-item-has-children menu-item-15925\"><a href=\"\/de\/eltern\/ec3-english-college-y3\/elterninformationen\/\" class=\"elementor-item\" tabindex=\"-1\">EC3 (English College Y3)<\/a>\n<ul class=\"sub-menu elementor-nav-menu--dropdown\">\n\t<li class=\"menu-item menu-item-type-post_type menu-item-object-page menu-item-15928\"><a href=\"https:\/\/www.hullschool.ch\/de\/eltern\/ec3-english-college-y3\/elterninformationen\/\" class=\"elementor-sub-item\" tabindex=\"-1\">Elterninformationen<\/a><\/li>\n\t<li class=\"menu-item menu-item-type-post_type menu-item-object-page menu-item-15930\"><a href=\"https:\/\/www.hullschool.ch\/de\/eltern\/ec3-english-college-y3\/elternabende\/\" class=\"elementor-sub-item\" tabindex=\"-1\">Elternabende<\/a><\/li>\n\t<li class=\"menu-item menu-item-type-post_type menu-item-object-page menu-item-15931\"><a href=\"https:\/\/www.hullschool.ch\/de\/eltern\/ec3-english-college-y3\/stundenplan\/\" class=\"elementor-sub-item\" tabindex=\"-1\">Stundenplan<\/a><\/li>\n\t<li class=\"menu-item menu-item-type-post_type menu-item-object-page menu-item-15932\"><a href=\"https:\/\/www.hullschool.ch\/de\/eltern\/ec3-english-college-y3\/schulkalender-und-ferienplan\/\" class=\"elementor-sub-item\" tabindex=\"-1\">Schulkalender &amp; Ferienplan<\/a><\/li>\n\t<li class=\"menu-item menu-item-type-post_type menu-item-object-page menu-item-has-children menu-item-15933\"><a href=\"https:\/\/www.hullschool.ch\/de\/eltern\/ec3-english-college-y3\/pruefungen\/\" class=\"elementor-sub-item\" tabindex=\"-1\">Pr\u00fcfungen<\/a>\n\t<ul class=\"sub-menu elementor-nav-menu--dropdown\">\n\t\t<li class=\"menu-item menu-item-type-post_type menu-item-object-page menu-item-15939\"><a href=\"https:\/\/www.hullschool.ch\/de\/eltern\/ec3-english-college-y3\/pruefungen\/resultate-diplome\/\" class=\"elementor-sub-item\" tabindex=\"-1\">Resultate &#038; Diplome<\/a><\/li>\n\t<\/ul>\n<\/li>\n<\/ul>\n<\/li>\n<li class=\"menu-item menu-item-type-post_type menu-item-object-page menu-item-has-children menu-item-15940\"><a href=\"\/de\/eltern\/ec4-english-college-y4\/elterninformationen\/\" class=\"elementor-item\" tabindex=\"-1\">EC4 (English College Y4)<\/a>\n<ul class=\"sub-menu elementor-nav-menu--dropdown\">\n\t<li class=\"menu-item menu-item-type-post_type menu-item-object-page menu-item-15941\"><a href=\"https:\/\/www.hullschool.ch\/de\/eltern\/ec4-english-college-y4\/elterninformationen\/\" class=\"elementor-sub-item\" tabindex=\"-1\">Elterninformationen<\/a><\/li>\n\t<li class=\"menu-item menu-item-type-post_type menu-item-object-page menu-item-15942\"><a href=\"https:\/\/www.hullschool.ch\/de\/eltern\/ec4-english-college-y4\/elternabende\/\" class=\"elementor-sub-item\" tabindex=\"-1\">Elternabende<\/a><\/li>\n\t<li class=\"menu-item menu-item-type-post_type menu-item-object-page menu-item-15943\"><a href=\"https:\/\/www.hullschool.ch\/de\/eltern\/ec4-english-college-y4\/stundenplan\/\" class=\"elementor-sub-item\" tabindex=\"-1\">Stundenplan<\/a><\/li>\n\t<li class=\"menu-item menu-item-type-post_type menu-item-object-page menu-item-15944\"><a href=\"https:\/\/www.hullschool.ch\/de\/eltern\/ec4-english-college-y4\/schulkalender-und-ferienplan\/\" class=\"elementor-sub-item\" tabindex=\"-1\">Schulkalender &#038; Ferienplan<\/a><\/li>\n\t<li class=\"menu-item menu-item-type-post_type menu-item-object-page menu-item-has-children menu-item-15945\"><a href=\"https:\/\/www.hullschool.ch\/de\/eltern\/ec4-english-college-y4\/pruefungen\/\" class=\"elementor-sub-item\" tabindex=\"-1\">Pr\u00fcfungen<\/a>\n\t<ul class=\"sub-menu elementor-nav-menu--dropdown\">\n\t\t<li class=\"menu-item menu-item-type-post_type menu-item-object-page menu-item-15946\"><a href=\"https:\/\/www.hullschool.ch\/de\/?page_id=15758\" class=\"elementor-sub-item\" tabindex=\"-1\">Deutsche Matura<\/a><\/li>\n\t\t<li class=\"menu-item menu-item-type-post_type menu-item-object-page menu-item-15949\"><a href=\"https:\/\/www.hullschool.ch\/de\/eltern\/ec4-english-college-y4\/pruefungen\/resultate-diplome\/\" class=\"elementor-sub-item\" tabindex=\"-1\">Resultate &#038; Diplome<\/a><\/li>\n\t<\/ul>\n<\/li>\n\t<li class=\"menu-item menu-item-type-post_type menu-item-object-page menu-item-has-children menu-item-15953\"><a href=\"https:\/\/www.hullschool.ch\/de\/eltern\/ec4-english-college-y4\/ausfluege-veranstaltungen-exkursionen\/\" class=\"elementor-sub-item\" tabindex=\"-1\">Ausfl\u00fcge \/ Veranstaltungen \/ Exkursionen<\/a>\n\t<ul class=\"sub-menu elementor-nav-menu--dropdown\">\n\t\t<li class=\"menu-item menu-item-type-post_type menu-item-object-page menu-item-15956\"><a href=\"https:\/\/www.hullschool.ch\/de\/eltern\/ec4-english-college-y4\/ausfluege-veranstaltungen-exkursionen\/tonhallelate\/\" class=\"elementor-sub-item\" tabindex=\"-1\">TonhalleLATE<\/a><\/li>\n\t\t<li class=\"menu-item menu-item-type-post_type menu-item-object-page menu-item-15957\"><a href=\"https:\/\/www.hullschool.ch\/de\/eltern\/ec4-english-college-y4\/ausfluege-veranstaltungen-exkursionen\/wandertag\/\" class=\"elementor-sub-item\" tabindex=\"-1\">Wandertag<\/a><\/li>\n\t\t<li class=\"menu-item menu-item-type-post_type menu-item-object-page menu-item-15958\"><a href=\"https:\/\/www.hullschool.ch\/de\/eltern\/ec4-english-college-y4\/ausfluege-veranstaltungen-exkursionen\/schlittschuhlauf-tag\/\" class=\"elementor-sub-item\" tabindex=\"-1\">Schlittschuhlauf-Tag<\/a><\/li>\n\t\t<li class=\"menu-item menu-item-type-post_type menu-item-object-page menu-item-15959\"><a href=\"https:\/\/www.hullschool.ch\/de\/eltern\/ec4-english-college-y4\/ausfluege-veranstaltungen-exkursionen\/winter-sporttag\/\" class=\"elementor-sub-item\" tabindex=\"-1\">Winter Sporttag<\/a><\/li>\n\t\t<li class=\"menu-item menu-item-type-post_type menu-item-object-page menu-item-15962\"><a href=\"https:\/\/www.hullschool.ch\/de\/eltern\/ec4-english-college-y4\/ausfluege-veranstaltungen-exkursionen\/physik-exkursion\/\" class=\"elementor-sub-item\" tabindex=\"-1\">Physik Exkursion<\/a><\/li>\n\t\t<li class=\"menu-item menu-item-type-post_type menu-item-object-page menu-item-15963\"><a href=\"https:\/\/www.hullschool.ch\/de\/eltern\/ec4-english-college-y4\/ausfluege-veranstaltungen-exkursionen\/abschlusszeremonie\/\" class=\"elementor-sub-item\" tabindex=\"-1\">Abschlusszeremonie<\/a><\/li>\n\t\t<li class=\"menu-item menu-item-type-post_type menu-item-object-page menu-item-15964\"><a href=\"https:\/\/www.hullschool.ch\/de\/eltern\/ec4-english-college-y4\/ausfluege-veranstaltungen-exkursionen\/drama-club-und-auszeichnungen\/\" class=\"elementor-sub-item\" tabindex=\"-1\">Drama-Club und Auszeichnungen<\/a><\/li>\n\t\t<li class=\"menu-item menu-item-type-post_type menu-item-object-page menu-item-15968\"><a href=\"https:\/\/www.hullschool.ch\/de\/eltern\/ec4-english-college-y4\/ausfluege-veranstaltungen-exkursionen\/sporttag\/\" class=\"elementor-sub-item\" tabindex=\"-1\">Sporttag<\/a><\/li>\n\t\t<li class=\"menu-item menu-item-type-post_type menu-item-object-page menu-item-15973\"><a href=\"https:\/\/www.hullschool.ch\/de\/eltern\/ec4-english-college-y4\/ausfluege-veranstaltungen-exkursionen\/schulball\/\" class=\"elementor-sub-item\" tabindex=\"-1\">Schulball<\/a><\/li>\n\t<\/ul>\n<\/li>\n<\/ul>\n<\/li>\n<\/ul>\t\t\t<\/nav>\n\t\t\t\t\t\t<\/div>\n\t\t\t\t<\/div>\n\t\t\t\t<\/div>\n\t\t<div class=\"elementor-element elementor-element-c548b8b e-con-full e-flex e-con e-child\" data-id=\"c548b8b\" data-element_type=\"container\" data-e-type=\"container\">\n\t\t<div class=\"elementor-element elementor-element-67555326 e-con-full e-flex e-con e-child\" data-id=\"67555326\" data-element_type=\"container\" data-e-type=\"container\">\n\t\t\t\t<div class=\"elementor-element elementor-element-17f8e184 elementor-invisible elementor-widget elementor-widget-html\" data-id=\"17f8e184\" data-element_type=\"widget\" data-e-type=\"widget\" data-settings=\"{&quot;_animation&quot;:&quot;fadeInDown&quot;}\" data-widget_type=\"html.default\">\n\t\t\t\t<div class=\"elementor-widget-container\">\n\t\t\t\t\t<nav aria-label=\"breadcrumbs\" class=\"rank-math-breadcrumb\"><p><span class=\"last\">Home<\/span><\/p><\/nav>\t\t\t\t<\/div>\n\t\t\t\t<\/div>\n\t\t\t\t<div class=\"elementor-element elementor-element-d3efe8 titleafterstrich elementor-invisible elementor-widget elementor-widget-heading\" data-id=\"d3efe8\" data-element_type=\"widget\" data-e-type=\"widget\" data-settings=\"{&quot;_animation&quot;:&quot;fadeInDown&quot;}\" data-widget_type=\"heading.default\">\n\t\t\t\t<div class=\"elementor-widget-container\">\n\t\t\t\t\t<h1 class=\"elementor-heading-title elementor-size-default\">EC2 Interne Pr\u00fcfungswoche<\/h1>\t\t\t\t<\/div>\n\t\t\t\t<\/div>\n\t\t\t\t<div class=\"elementor-element elementor-element-236a2093 linkmediumblue pad-t-s elementor-invisible elementor-widget elementor-widget-text-editor\" data-id=\"236a2093\" data-element_type=\"widget\" data-e-type=\"widget\" data-settings=\"{&quot;_animation&quot;:&quot;fadeInDown&quot;,&quot;_animation_delay&quot;:300}\" data-widget_type=\"text-editor.default\">\n\t\t\t\t<div class=\"elementor-widget-container\">\n\t\t\t\t\t\t\t\t\t<div class=\"content-wrap clearfix\"><main class=\"content\"><article class=\"post\"><div class=\"entry-summary\"><div class=\"mura-body\"><div class=\"mura-region\"><div class=\"mura-region-local\"><p><strong>Februar\u00a0<\/strong><\/p><p><strong>Vormittag und Nachmittag<\/strong><\/p><p>Die EC2 Sch\u00fcler schreiben Pr\u00fcfungen in allen F\u00e4chern.<\/p><p>Die erreichten Noten sind Bestandteil der Zeugnisnoten.<\/p><p>An diesen Tagen finden keine regul\u00e4ren EC2 Klassen statt. Dies erm\u00f6glicht den Sch\u00fclern Zeit zum Lernen und Repetieren.<\/p><\/div><\/div><\/div><div class=\"mura-region\"><div class=\"mura-region-local\">\u00a0<\/div><\/div><\/div><\/article><\/main><\/div>\t\t\t\t\t\t\t\t<\/div>\n\t\t\t\t<\/div>\n\t\t\t\t<\/div>\n\t\t\t\t<\/div>\n\t\t\t\t\t<\/div>\n\t\t\t\t<\/div>\n\t\t\t\t<\/div>\n\t\t\t\t<\/div>\n\t\t","protected":false},"excerpt":{"rendered":"<p>Das erste College der Schweiz mit einem englischen 10. Schuljahr EC2 Interne Pr\u00fcfungswoche Februar\u00a0 Vormittag und Nachmittag Die EC2 Sch\u00fcler schreiben Pr\u00fcfungen in allen F\u00e4chern. Die erreichten Noten sind Bestandteil der Zeugnisnoten. An diesen Tagen finden keine regul\u00e4ren EC2 Klassen statt. Dies erm\u00f6glicht den Sch\u00fclern Zeit zum Lernen und Repetieren. \u00a0<\/p>\n","protected":false},"author":2,"featured_media":0,"parent":15535,"menu_order":0,"comment_status":"closed","ping_status":"closed","template":"elementor_header_footer","meta":{"footnotes":"","_links_to":"","_links_to_target":""},"class_list":["post-15588","page","type-page","status-publish","hentry"],"_links":{"self":[{"href":"https:\/\/www.hullschool.ch\/de\/wp-json\/wp\/v2\/pages\/15588","targetHints":{"allow":["GET"]}}],"collection":[{"href":"https:\/\/www.hullschool.ch\/de\/wp-json\/wp\/v2\/pages"}],"about":[{"href":"https:\/\/www.hullschool.ch\/de\/wp-json\/wp\/v2\/types\/page"}],"author":[{"embeddable":true,"href":"https:\/\/www.hullschool.ch\/de\/wp-json\/wp\/v2\/users\/2"}],"replies":[{"embeddable":true,"href":"https:\/\/www.hullschool.ch\/de\/wp-json\/wp\/v2\/comments?post=15588"}],"version-history":[{"count":0,"href":"https:\/\/www.hullschool.ch\/de\/wp-json\/wp\/v2\/pages\/15588\/revisions"}],"up":[{"embeddable":true,"href":"https:\/\/www.hullschool.ch\/de\/wp-json\/wp\/v2\/pages\/15535"}],"wp:attachment":[{"href":"https:\/\/www.hullschool.ch\/de\/wp-json\/wp\/v2\/media?parent=15588"}],"curies":[{"name":"wp","href":"https:\/\/api.w.org\/{rel}","templated":true}]}}