{"id":15099,"date":"2024-06-02T16:12:10","date_gmt":"2024-06-02T14:12:10","guid":{"rendered":"https:\/\/existing-lookandfeel.hullschool.ch\/?page_id=15099"},"modified":"2024-06-10T15:38:10","modified_gmt":"2024-06-10T13:38:10","slug":"schweiz","status":"publish","type":"page","link":"https:\/\/www.hullschool.ch\/de\/gymnasium\/anforderungen-universitaeten\/schweiz\/","title":{"rendered":"Schweiz"},"content":{"rendered":"\t\t<div data-elementor-type=\"wp-page\" data-elementor-id=\"15099\" class=\"elementor elementor-15099 elementor-13274\" data-elementor-post-type=\"page\">\n\t\t\t\t<div class=\"elementor-element elementor-element-61e129cd e-con-full pad-tb-l-first e-flex e-con e-parent\" data-id=\"61e129cd\" data-element_type=\"container\" data-e-type=\"container\" data-settings=\"{&quot;background_background&quot;:&quot;classic&quot;}\">\n\t\t<div class=\"elementor-element elementor-element-53f79b45 c-box e-flex e-con-boxed e-con e-child\" data-id=\"53f79b45\" data-element_type=\"container\" data-e-type=\"container\">\n\t\t\t\t\t<div class=\"e-con-inner\">\n\t\t<div class=\"elementor-element elementor-element-7ce3ece1 e-con-full e-flex e-con e-child\" data-id=\"7ce3ece1\" data-element_type=\"container\" data-e-type=\"container\">\n\t\t\t\t<div class=\"elementor-element elementor-element-53a13dd3 elementor-invisible elementor-widget elementor-widget-heading\" data-id=\"53a13dd3\" data-element_type=\"widget\" data-e-type=\"widget\" data-settings=\"{&quot;_animation&quot;:&quot;fadeInDown&quot;,&quot;_animation_delay&quot;:200}\" data-widget_type=\"heading.default\">\n\t\t\t\t<div class=\"elementor-widget-container\">\n\t\t\t\t\t<p class=\"elementor-heading-title elementor-size-default\">Das erste College der Schweiz mit einem englischen 10. Schuljahr<\/p>\t\t\t\t<\/div>\n\t\t\t\t<\/div>\n\t\t\t\t<\/div>\n\t\t\t\t\t<\/div>\n\t\t\t\t<\/div>\n\t\t\t\t<\/div>\n\t\t<div class=\"elementor-element elementor-element-2ad1dac e-con-full e-flex e-con e-parent\" data-id=\"2ad1dac\" data-element_type=\"container\" data-e-type=\"container\" data-settings=\"{&quot;background_background&quot;:&quot;classic&quot;}\">\n\t\t<div class=\"elementor-element elementor-element-3d2f114 c-box pad-tb-m e-flex e-con-boxed e-con e-child\" data-id=\"3d2f114\" data-element_type=\"container\" data-e-type=\"container\" data-settings=\"{&quot;background_background&quot;:&quot;classic&quot;}\">\n\t\t\t\t\t<div class=\"e-con-inner\">\n\t\t<div class=\"elementor-element elementor-element-2dc6eda5 e-con-full elementor-hidden-tablet elementor-hidden-mobile elementor-hidden-tablet_extra e-flex e-con e-child\" data-id=\"2dc6eda5\" data-element_type=\"container\" data-e-type=\"container\" data-settings=\"{&quot;background_background&quot;:&quot;classic&quot;}\">\n\t\t\t\t<div class=\"elementor-element elementor-element-5e24c2d verticalmenu elementor-nav-menu__text-align-aside elementor-widget elementor-widget-global elementor-global-13023 elementor-widget-nav-menu\" data-id=\"5e24c2d\" data-element_type=\"widget\" data-e-type=\"widget\" data-settings=\"{&quot;layout&quot;:&quot;dropdown&quot;,&quot;submenu_icon&quot;:{&quot;value&quot;:&quot;fas fa-chevron-down&quot;,&quot;library&quot;:&quot;fa-solid&quot;}}\" data-widget_type=\"nav-menu.default\">\n\t\t\t\t<div class=\"elementor-widget-container\">\n\t\t\t\t\t\t\t\t<nav class=\"elementor-nav-menu--dropdown elementor-nav-menu__container\" aria-hidden=\"true\">\n\t\t\t\t<ul id=\"menu-2-5e24c2d\" class=\"elementor-nav-menu\"><li class=\"menu-item menu-item-type-post_type menu-item-object-page menu-item-15354\"><a href=\"https:\/\/www.hullschool.ch\/de\/gymnasium\/uebersicht\/\" class=\"elementor-item\" tabindex=\"-1\">\u00dcbersicht<\/a><\/li>\n<li class=\"menu-item menu-item-type-post_type menu-item-object-page menu-item-has-children menu-item-15360\"><a href=\"\/de\/gymnasium\/curriculum\/faecher\/\" class=\"elementor-item\" tabindex=\"-1\">Curriculum<\/a>\n<ul class=\"sub-menu elementor-nav-menu--dropdown\">\n\t<li class=\"menu-item menu-item-type-post_type menu-item-object-page menu-item-15362\"><a href=\"https:\/\/www.hullschool.ch\/de\/gymnasium\/curriculum\/faecher\/\" class=\"elementor-sub-item\" tabindex=\"-1\">F\u00e4cher<\/a><\/li>\n\t<li class=\"menu-item menu-item-type-post_type menu-item-object-page menu-item-has-children menu-item-15357\"><a href=\"https:\/\/www.hullschool.ch\/de\/gymnasium\/curriculum\/ec1-english-college-year-1\/\" class=\"elementor-sub-item\" tabindex=\"-1\">EC1 (English College Year 1)<\/a>\n\t<ul class=\"sub-menu elementor-nav-menu--dropdown\">\n\t\t<li class=\"menu-item menu-item-type-post_type menu-item-object-page menu-item-15358\"><a href=\"https:\/\/www.hullschool.ch\/de\/gymnasium\/curriculum\/ec1-english-college-year-1\/aufnahme\/\" class=\"elementor-sub-item\" tabindex=\"-1\">Aufnahme<\/a><\/li>\n\t\t<li class=\"menu-item menu-item-type-post_type menu-item-object-page menu-item-15355\"><a href=\"https:\/\/www.hullschool.ch\/de\/gymnasium\/curriculum\/ec1-english-college-year-1\/curriculum\/\" class=\"elementor-sub-item\" tabindex=\"-1\">Curriculum<\/a><\/li>\n\t\t<li class=\"menu-item menu-item-type-post_type menu-item-object-page menu-item-15364\"><a href=\"https:\/\/www.hullschool.ch\/de\/gymnasium\/curriculum\/ec1-english-college-year-1\/faecher\/\" class=\"elementor-sub-item\" tabindex=\"-1\">F\u00e4cher<\/a><\/li>\n\t<\/ul>\n<\/li>\n\t<li class=\"menu-item menu-item-type-post_type menu-item-object-page menu-item-has-children menu-item-15366\"><a href=\"https:\/\/www.hullschool.ch\/de\/gymnasium\/curriculum\/ec2-english-college-year-2\/\" class=\"elementor-sub-item\" tabindex=\"-1\">EC2 (English College Year 2)<\/a>\n\t<ul class=\"sub-menu elementor-nav-menu--dropdown\">\n\t\t<li class=\"menu-item menu-item-type-post_type menu-item-object-page menu-item-15367\"><a href=\"https:\/\/www.hullschool.ch\/de\/gymnasium\/curriculum\/ec2-english-college-year-2\/eignung\/\" class=\"elementor-sub-item\" tabindex=\"-1\">Eignung<\/a><\/li>\n\t<\/ul>\n<\/li>\n\t<li class=\"menu-item menu-item-type-post_type menu-item-object-page menu-item-has-children menu-item-15369\"><a href=\"https:\/\/www.hullschool.ch\/de\/gymnasium\/curriculum\/ec3-english-college-year-3\/\" class=\"elementor-sub-item\" tabindex=\"-1\">EC3 (English College Year 3)<\/a>\n\t<ul class=\"sub-menu elementor-nav-menu--dropdown\">\n\t\t<li class=\"menu-item menu-item-type-post_type menu-item-object-page menu-item-15368\"><a href=\"https:\/\/www.hullschool.ch\/de\/gymnasium\/curriculum\/ec3-english-college-year-3\/eignung\/\" class=\"elementor-sub-item\" tabindex=\"-1\">Eignung<\/a><\/li>\n\t<\/ul>\n<\/li>\n\t<li class=\"menu-item menu-item-type-post_type menu-item-object-page menu-item-15370\"><a href=\"https:\/\/www.hullschool.ch\/de\/gymnasium\/curriculum\/ec4-english-college-year-4\/\" class=\"elementor-sub-item\" tabindex=\"-1\">EC4 (English College Year 4)<\/a><\/li>\n\t<li class=\"menu-item menu-item-type-post_type menu-item-object-page menu-item-15372\"><a href=\"https:\/\/www.hullschool.ch\/de\/gymnasium\/curriculum\/schulkalender-und-ferienplan\/\" class=\"elementor-sub-item\" tabindex=\"-1\">Schulkalender &amp; Ferienplan<\/a><\/li>\n<\/ul>\n<\/li>\n<li class=\"menu-item menu-item-type-post_type menu-item-object-page menu-item-15376\"><a href=\"https:\/\/www.hullschool.ch\/de\/gymnasium\/schulgeld\/\" class=\"elementor-item\" tabindex=\"-1\">Schulgeld<\/a><\/li>\n<li class=\"menu-item menu-item-type-post_type menu-item-object-page menu-item-15377\"><a href=\"https:\/\/www.hullschool.ch\/de\/gymnasium\/weitere-aktivitaeten\/\" class=\"elementor-item\" tabindex=\"-1\">Weitere Aktivit\u00e4ten<\/a><\/li>\n<li class=\"menu-item menu-item-type-post_type menu-item-object-page menu-item-has-children menu-item-15385\"><a href=\"\/de\/gymnasium\/anforderungen-universitaeten\/britische-matura\/\" class=\"elementor-item\" tabindex=\"-1\">Anforderungen Universit\u00e4ten<\/a>\n<ul class=\"sub-menu elementor-nav-menu--dropdown\">\n\t<li class=\"menu-item menu-item-type-post_type menu-item-object-page menu-item-15384\"><a href=\"https:\/\/www.hullschool.ch\/de\/gymnasium\/anforderungen-universitaeten\/britische-matura\/\" class=\"elementor-sub-item\" tabindex=\"-1\">Britische Matura<\/a><\/li>\n\t<li class=\"menu-item menu-item-type-post_type menu-item-object-page menu-item-15386\"><a href=\"https:\/\/www.hullschool.ch\/de\/gymnasium\/anforderungen-universitaeten\/noten\/\" class=\"elementor-sub-item\" tabindex=\"-1\">Noten<\/a><\/li>\n\t<li class=\"menu-item menu-item-type-post_type menu-item-object-page menu-item-15388\"><a href=\"https:\/\/www.hullschool.ch\/de\/gymnasium\/anforderungen-universitaeten\/schweiz\/\" class=\"elementor-sub-item\" tabindex=\"-1\">Schweiz<\/a><\/li>\n\t<li class=\"menu-item menu-item-type-post_type menu-item-object-page menu-item-15387\"><a href=\"https:\/\/www.hullschool.ch\/de\/gymnasium\/anforderungen-universitaeten\/ausland\/\" class=\"elementor-sub-item\" tabindex=\"-1\">Ausland<\/a><\/li>\n<\/ul>\n<\/li>\n<\/ul>\t\t\t<\/nav>\n\t\t\t\t\t\t<\/div>\n\t\t\t\t<\/div>\n\t\t\t\t<\/div>\n\t\t<div class=\"elementor-element elementor-element-c548b8b e-con-full e-flex e-con e-child\" data-id=\"c548b8b\" data-element_type=\"container\" data-e-type=\"container\">\n\t\t<div class=\"elementor-element elementor-element-67555326 e-con-full e-flex e-con e-child\" data-id=\"67555326\" data-element_type=\"container\" data-e-type=\"container\">\n\t\t\t\t<div class=\"elementor-element elementor-element-17f8e184 elementor-invisible elementor-widget elementor-widget-html\" data-id=\"17f8e184\" data-element_type=\"widget\" data-e-type=\"widget\" data-settings=\"{&quot;_animation&quot;:&quot;fadeInDown&quot;}\" data-widget_type=\"html.default\">\n\t\t\t\t<div class=\"elementor-widget-container\">\n\t\t\t\t\t<nav aria-label=\"breadcrumbs\" class=\"rank-math-breadcrumb\"><p><span class=\"last\">Home<\/span><\/p><\/nav>\t\t\t\t<\/div>\n\t\t\t\t<\/div>\n\t\t\t\t<div class=\"elementor-element elementor-element-d3efe8 titleafterstrich elementor-invisible elementor-widget elementor-widget-heading\" data-id=\"d3efe8\" data-element_type=\"widget\" data-e-type=\"widget\" data-settings=\"{&quot;_animation&quot;:&quot;fadeInDown&quot;}\" data-widget_type=\"heading.default\">\n\t\t\t\t<div class=\"elementor-widget-container\">\n\t\t\t\t\t<h1 class=\"elementor-heading-title elementor-size-default\">Schweiz<\/h1>\t\t\t\t<\/div>\n\t\t\t\t<\/div>\n\t\t\t\t<div class=\"elementor-element elementor-element-3f670009 pad-t-s elementor-invisible elementor-widget elementor-widget-heading\" data-id=\"3f670009\" data-element_type=\"widget\" data-e-type=\"widget\" data-settings=\"{&quot;_animation&quot;:&quot;fadeInDown&quot;}\" data-widget_type=\"heading.default\">\n\t\t\t\t<div class=\"elementor-widget-container\">\n\t\t\t\t\t<h2 class=\"elementor-heading-title elementor-size-default\">Was sind die Anforderungen schweizerischer Universit\u00e4ten?<\/h2>\t\t\t\t<\/div>\n\t\t\t\t<\/div>\n\t\t\t\t<div class=\"elementor-element elementor-element-236a2093 linkmediumblue elementor-invisible elementor-widget elementor-widget-text-editor\" data-id=\"236a2093\" data-element_type=\"widget\" data-e-type=\"widget\" data-settings=\"{&quot;_animation&quot;:&quot;fadeInDown&quot;,&quot;_animation_delay&quot;:300}\" data-widget_type=\"text-editor.default\">\n\t\t\t\t<div class=\"elementor-widget-container\">\n\t\t\t\t\t\t\t\t\t<p>Von den drei A-Levels m\u00fcssen zwei mit einer Note von B oder besser abgeschlossen werden, w\u00e4hrend f\u00fcr das dritte Fach ein\u00a0C zugelassen wird.<\/p><p>Die Schweizer Universit\u00e4ten akzeptieren drei IGCSE Pr\u00fcfungen, um die sechs F\u00e4cher abzurunden. Ein AS ist nicht mehr erforderlich, kann aber weiterhin mit einer Mindestnote C abgelegt werden.<\/p><p>IGCSEs m\u00fcssen mit einer Note von 5 (Skala 1-9) oder besser abgeschlossen werden.<\/p>\t\t\t\t\t\t\t\t<\/div>\n\t\t\t\t<\/div>\n\t\t\t\t<div class=\"elementor-element elementor-element-3311d90 linkmediumblue elementor-invisible elementor-widget elementor-widget-text-editor\" data-id=\"3311d90\" data-element_type=\"widget\" data-e-type=\"widget\" data-settings=\"{&quot;_animation&quot;:&quot;fadeInDown&quot;,&quot;_animation_delay&quot;:300}\" data-widget_type=\"text-editor.default\">\n\t\t\t\t<div class=\"elementor-widget-container\">\n\t\t\t\t\t\t\t\t\t<p><strong>Allgemeinbildende F\u00e4cher<\/strong><br \/>1. Erstsprache (Muttersprache)<br \/>2. Zweitsprache<br \/>3. Mathematik<br \/>4. Naturwissenschaften (Biologie, Chemie oder Physik)<br \/>5. Geistes- und Sozialwissenschaften (Geographie, Geschichte oder Wirtschaft\/Recht)<br \/>6. frei w\u00e4hlbar (ein Fach aus Kategorie 2, 4 oder 5)<\/p>\t\t\t\t\t\t\t\t<\/div>\n\t\t\t\t<\/div>\n\t\t\t\t<div class=\"elementor-element elementor-element-a450405 elementor-invisible elementor-widget elementor-widget-heading\" data-id=\"a450405\" data-element_type=\"widget\" data-e-type=\"widget\" data-settings=\"{&quot;_animation&quot;:&quot;fadeInDown&quot;}\" data-widget_type=\"heading.default\">\n\t\t\t\t<div class=\"elementor-widget-container\">\n\t\t\t\t\t<h2 class=\"elementor-heading-title elementor-size-default\">Regelung an schweizerischen Universit\u00e4ten<\/h2>\t\t\t\t<\/div>\n\t\t\t\t<\/div>\n\t\t\t\t<div class=\"elementor-element elementor-element-3a04c27 linkmediumblue elementor-invisible elementor-widget elementor-widget-text-editor\" data-id=\"3a04c27\" data-element_type=\"widget\" data-e-type=\"widget\" data-settings=\"{&quot;_animation&quot;:&quot;fadeInDown&quot;,&quot;_animation_delay&quot;:300}\" data-widget_type=\"text-editor.default\">\n\t\t\t\t<div class=\"elementor-widget-container\">\n\t\t\t\t\t\t\t\t\t<p>IGCSE = Foundation Level, AS = lower advanced level, AL = higher advanced level<\/p>\t\t\t\t\t\t\t\t<\/div>\n\t\t\t\t<\/div>\n\t\t\t\t<div class=\"elementor-element elementor-element-cf6a49c linkmediumblue elementor-invisible elementor-widget elementor-widget-text-editor\" data-id=\"cf6a49c\" data-element_type=\"widget\" data-e-type=\"widget\" data-settings=\"{&quot;_animation&quot;:&quot;fadeInDown&quot;,&quot;_animation_delay&quot;:300}\" data-widget_type=\"text-editor.default\">\n\t\t\t\t<div class=\"elementor-widget-container\">\n\t\t\t\t\t\t\t\t\t<p><strong>Basel, Bern, Gen\u00e8ve, St. Gallen, Lausanne, Luzern, Neuch\u00e2tel, Fribourg<\/strong>\u00a0<\/p><p>Von den 3 A-Levels m\u00fcssen zwei mit einer Note B oder besser abgeschlossen werden, w\u00e4hrend f\u00fcr den dritten A-Level eine C akzeptiert wird.<\/p><p>Die Schweizer Universit\u00e4ten akzeptieren drei IGCSE-Pr\u00fcfungen, um die sechs F\u00e4cher abzurunden.<\/p><p>Die IGCSEs m\u00fcssen mit einer Note von 5 (1-9) oder besser abgeschlossen werden.<\/p>\t\t\t\t\t\t\t\t<\/div>\n\t\t\t\t<\/div>\n\t\t\t\t<div class=\"elementor-element elementor-element-5b09edb linkmediumblue elementor-invisible elementor-widget elementor-widget-text-editor\" data-id=\"5b09edb\" data-element_type=\"widget\" data-e-type=\"widget\" data-settings=\"{&quot;_animation&quot;:&quot;fadeInDown&quot;,&quot;_animation_delay&quot;:300}\" data-widget_type=\"text-editor.default\">\n\t\t\t\t<div class=\"elementor-widget-container\">\n\t\t\t\t\t\t\t\t\t<p><strong>Z\u00fcrich<\/strong><br \/>Gleich wie Basel, Bern. Erleichterung: wenn andere F\u00e4cher abgeschlossen, reduzierte Aufnahmepr\u00fcfung in den fehlenden F\u00e4chern m\u00f6glich.<\/p><p>Die Sch\u00fcler m\u00fcssen 6 unabh\u00e4ngige internationale EDEXCEL-Pr\u00fcfungen erfolgreich absolviert haben (zwei verschiedene Pr\u00fcfungen f\u00fcr dasselbe Fach werden nicht akzeptiert).<\/p><p>Mindestens 3 der Pr\u00fcfungen m\u00fcssen IAL-Pr\u00fcfungen sein.<\/p><ul><li>Eine IAL-Pr\u00fcfung muss in Mathematik oder einer Naturwissenschaft abgelegt werden<\/li><li>Zwei der IAL-Pr\u00fcfungen m\u00fcssen die Note B oder besser haben<\/li><li>Die dritte IAL-Pr\u00fcfung muss mindestens der Note C entsprechen<\/li><\/ul><p><span style=\"color: var( --e-global-color-text ); font-family: var( --e-global-typography-text-font-family ); font-size: var( --e-global-typography-text-font-size ); font-weight: var( --e-global-typography-text-font-weight ); letter-spacing: var( --e-global-typography-text-letter-spacing ); background-color: var( --e-global-color-93db2b0 );\">Die restlichen 3 Pr\u00fcfungen m\u00fcssen IGCSE oder h\u00f6her sein.<\/span><\/p><ul><li>Die Mindestnote f\u00fcr das IGCSE ist 5, die Mindestnote f\u00fcr das IAS-Examen ist C.<\/li><\/ul><p>Die Pr\u00fcfungen m\u00fcssen sechs F\u00e4cher aus der folgenden Liste abdecken. (Englische Sprache und englische Literatur werden von der CRUS als dasselbe Fach angesehen):<\/p><ul><li>Erste Sprache<\/li><li>Zweite Sprache<\/li><li>Mathematik<\/li><li>Naturwissenschaft (Biologie, Chemie oder Physik)<\/li><li>Geisteswissenschaften (Hull&#8217;s Alternativen: Wirtschaft oder Geschichte)<\/li><li>Wahlfach (Hull&#8217;s Alternativen: eine dritte Sprache, eine zweite Geisteswissenschaft, eine Naturwissenschaft)<\/li><\/ul>\t\t\t\t\t\t\t\t<\/div>\n\t\t\t\t<\/div>\n\t\t\t\t<div class=\"elementor-element elementor-element-9b4da04 linkmediumblue elementor-invisible elementor-widget elementor-widget-text-editor\" data-id=\"9b4da04\" data-element_type=\"widget\" data-e-type=\"widget\" data-settings=\"{&quot;_animation&quot;:&quot;fadeInDown&quot;,&quot;_animation_delay&quot;:300}\" data-widget_type=\"text-editor.default\">\n\t\t\t\t<div class=\"elementor-widget-container\">\n\t\t\t\t\t\t\t\t\t<p><strong>Z\u00fcrich<\/strong><br \/>Gleich wie Basel, Bern. Erleichterung: wenn andere F\u00e4cher abgeschlossen, reduzierte Aufnahmepr\u00fcfung in den fehlenden F\u00e4chern m\u00f6glich.<\/p><p>Die Sch\u00fcler m\u00fcssen 6 unabh\u00e4ngige internationale EDEXCEL-Pr\u00fcfungen erfolgreich absolviert haben (zwei verschiedene Pr\u00fcfungen f\u00fcr dasselbe Fach werden nicht akzeptiert).<\/p><p>Mindestens 3 der Pr\u00fcfungen m\u00fcssen IAL-Pr\u00fcfungen sein.<\/p><ul><li>Eine IAL-Pr\u00fcfung muss in Mathematik oder einer Naturwissenschaft abgelegt werden<\/li><li>Zwei der IAL-Pr\u00fcfungen m\u00fcssen die Note B oder besser haben<\/li><li>Die dritte IAL-Pr\u00fcfung muss mindestens der Note C entsprechen<\/li><\/ul>\t\t\t\t\t\t\t\t<\/div>\n\t\t\t\t<\/div>\n\t\t\t\t<div class=\"elementor-element elementor-element-9563e19 linkmediumblue elementor-invisible elementor-widget elementor-widget-text-editor\" data-id=\"9563e19\" data-element_type=\"widget\" data-e-type=\"widget\" data-settings=\"{&quot;_animation&quot;:&quot;fadeInDown&quot;,&quot;_animation_delay&quot;:300}\" data-widget_type=\"text-editor.default\">\n\t\t\t\t<div class=\"elementor-widget-container\">\n\t\t\t\t\t\t\t\t\t<p>Die restlichen 3 Pr\u00fcfungen m\u00fcssen IGCSE oder h\u00f6her sein.<\/p>\t\t\t\t\t\t\t\t<\/div>\n\t\t\t\t<\/div>\n\t\t\t\t<div class=\"elementor-element elementor-element-d25f0a4 linkmediumblue elementor-invisible elementor-widget elementor-widget-text-editor\" data-id=\"d25f0a4\" data-element_type=\"widget\" data-e-type=\"widget\" data-settings=\"{&quot;_animation&quot;:&quot;fadeInDown&quot;,&quot;_animation_delay&quot;:300}\" data-widget_type=\"text-editor.default\">\n\t\t\t\t<div class=\"elementor-widget-container\">\n\t\t\t\t\t\t\t\t\t<ul><li>Die Mindestnote f\u00fcr das IGCSE ist 5, die Mindestnote f\u00fcr das IAS-Examen ist C.<\/li><\/ul>\t\t\t\t\t\t\t\t<\/div>\n\t\t\t\t<\/div>\n\t\t\t\t<div class=\"elementor-element elementor-element-ee1a83b linkmediumblue elementor-invisible elementor-widget elementor-widget-text-editor\" data-id=\"ee1a83b\" data-element_type=\"widget\" data-e-type=\"widget\" data-settings=\"{&quot;_animation&quot;:&quot;fadeInDown&quot;,&quot;_animation_delay&quot;:300}\" data-widget_type=\"text-editor.default\">\n\t\t\t\t<div class=\"elementor-widget-container\">\n\t\t\t\t\t\t\t\t\t<p>Die Pr\u00fcfungen m\u00fcssen sechs F\u00e4cher aus der folgenden Liste abdecken. (Englische Sprache und englische Literatur werden von der CRUS als dasselbe Fach angesehen):<\/p><ul><li>Erste Sprache<\/li><li>Zweite Sprache<\/li><li>Mathematik<\/li><li>Naturwissenschaft (Biologie, Chemie oder Physik)<\/li><li>Geisteswissenschaften (Hull&#8217;s Alternativen: Wirtschaft oder Geschichte)<\/li><li>Wahlfach (Hull&#8217;s Alternativen: eine dritte Sprache, eine zweite Geisteswissenschaft, eine Naturwissenschaft)<\/li><\/ul>\t\t\t\t\t\t\t\t<\/div>\n\t\t\t\t<\/div>\n\t\t\t\t<div class=\"elementor-element elementor-element-5ffc6c0 linkmediumblue elementor-invisible elementor-widget elementor-widget-text-editor\" data-id=\"5ffc6c0\" data-element_type=\"widget\" data-e-type=\"widget\" data-settings=\"{&quot;_animation&quot;:&quot;fadeInDown&quot;,&quot;_animation_delay&quot;:300}\" data-widget_type=\"text-editor.default\">\n\t\t\t\t<div class=\"elementor-widget-container\">\n\t\t\t\t\t\t\t\t\t<p><strong>ETH Z\u00fcrich<\/strong><br \/>Reifezeugnis mit 3 AL\u00a0mit Note A in den F\u00e4chern:<\/p><p>1. Mathematik<br \/>2. Physik oder Chemie oder Biologie<br \/>3. Muttersprache oder Fremdsprache<\/p>\t\t\t\t\t\t\t\t<\/div>\n\t\t\t\t<\/div>\n\t\t\t\t<div class=\"elementor-element elementor-element-0a83aa8 linkmediumblue elementor-invisible elementor-widget elementor-widget-text-editor\" data-id=\"0a83aa8\" data-element_type=\"widget\" data-e-type=\"widget\" data-settings=\"{&quot;_animation&quot;:&quot;fadeInDown&quot;,&quot;_animation_delay&quot;:300}\" data-widget_type=\"text-editor.default\">\n\t\t\t\t<div class=\"elementor-widget-container\">\n\t\t\t\t\t\t\t\t\t<p>und mindestens 4 weitere F\u00e4cher (Niveau IGCSE oder AS) aus: Anwendungen der Mathematik, Geographie, Geschichte, 1 Moderne Sprache, Physik, Chemie, Biologie und Wirtschaft.<\/p><p>Andernfalls: reduzierte Aufnahmepr\u00fcfung<\/p>\t\t\t\t\t\t\t\t<\/div>\n\t\t\t\t<\/div>\n\t\t\t\t<div class=\"elementor-element elementor-element-9217f63 elementor-invisible elementor-widget elementor-widget-heading\" data-id=\"9217f63\" data-element_type=\"widget\" data-e-type=\"widget\" data-settings=\"{&quot;_animation&quot;:&quot;fadeInDown&quot;}\" data-widget_type=\"heading.default\">\n\t\t\t\t<div class=\"elementor-widget-container\">\n\t\t\t\t\t<h2 class=\"elementor-heading-title elementor-size-default\">Studium an CH Fachhochschulen<\/h2>\t\t\t\t<\/div>\n\t\t\t\t<\/div>\n\t\t\t\t<div class=\"elementor-element elementor-element-ebdd2b5 linkmediumblue elementor-invisible elementor-widget elementor-widget-text-editor\" data-id=\"ebdd2b5\" data-element_type=\"widget\" data-e-type=\"widget\" data-settings=\"{&quot;_animation&quot;:&quot;fadeInDown&quot;,&quot;_animation_delay&quot;:300}\" data-widget_type=\"text-editor.default\">\n\t\t\t\t<div class=\"elementor-widget-container\">\n\t\t\t\t\t\t\t\t\t<div class=\"content-wrap clearfix\"><main class=\"content\"><article class=\"post\"><div class=\"entry-summary\"><div class=\"mura-body\"><div class=\"mura-region\"><div class=\"mura-region-local\"><p>An gewissen Fachhochschulen wird zum Studium zugelassen, wer in der britischen Maturit\u00e4t C im Durchschnitt erreicht (dies bedeutet, dass ein E in Mathematik mit einem A in Deutsch kompensiert werden kann) und \u00fcber bis zu einem Jahr relevanter beruflicher Praxis verf\u00fcgt.<\/p><\/div><\/div><\/div><\/div><\/article><\/main><\/div>\t\t\t\t\t\t\t\t<\/div>\n\t\t\t\t<\/div>\n\t\t\t\t<\/div>\n\t\t\t\t<\/div>\n\t\t\t\t\t<\/div>\n\t\t\t\t<\/div>\n\t\t\t\t<\/div>\n\t\t\t\t<\/div>\n\t\t","protected":false},"excerpt":{"rendered":"<p>Das erste College der Schweiz mit einem englischen 10. Schuljahr Schweiz Was sind die Anforderungen schweizerischer Universit\u00e4ten? Von den drei A-Levels m\u00fcssen zwei mit einer Note von B oder besser abgeschlossen werden, w\u00e4hrend f\u00fcr das dritte Fach ein\u00a0C zugelassen wird. Die Schweizer Universit\u00e4ten akzeptieren drei IGCSE Pr\u00fcfungen, um die sechs F\u00e4cher abzurunden. Ein AS ist [&hellip;]<\/p>\n","protected":false},"author":1,"featured_media":0,"parent":15089,"menu_order":2,"comment_status":"closed","ping_status":"closed","template":"elementor_header_footer","meta":{"footnotes":"","_links_to":"","_links_to_target":""},"class_list":["post-15099","page","type-page","status-publish","hentry"],"_links":{"self":[{"href":"https:\/\/www.hullschool.ch\/de\/wp-json\/wp\/v2\/pages\/15099","targetHints":{"allow":["GET"]}}],"collection":[{"href":"https:\/\/www.hullschool.ch\/de\/wp-json\/wp\/v2\/pages"}],"about":[{"href":"https:\/\/www.hullschool.ch\/de\/wp-json\/wp\/v2\/types\/page"}],"author":[{"embeddable":true,"href":"https:\/\/www.hullschool.ch\/de\/wp-json\/wp\/v2\/users\/1"}],"replies":[{"embeddable":true,"href":"https:\/\/www.hullschool.ch\/de\/wp-json\/wp\/v2\/comments?post=15099"}],"version-history":[{"count":0,"href":"https:\/\/www.hullschool.ch\/de\/wp-json\/wp\/v2\/pages\/15099\/revisions"}],"up":[{"embeddable":true,"href":"https:\/\/www.hullschool.ch\/de\/wp-json\/wp\/v2\/pages\/15089"}],"wp:attachment":[{"href":"https:\/\/www.hullschool.ch\/de\/wp-json\/wp\/v2\/media?parent=15099"}],"curies":[{"name":"wp","href":"https:\/\/api.w.org\/{rel}","templated":true}]}}