{"id":15091,"date":"2024-06-02T15:48:52","date_gmt":"2024-06-02T13:48:52","guid":{"rendered":"https:\/\/existing-lookandfeel.hullschool.ch\/?page_id=15091"},"modified":"2024-06-10T15:25:52","modified_gmt":"2024-06-10T13:25:52","slug":"britische-matura","status":"publish","type":"page","link":"https:\/\/www.hullschool.ch\/de\/gymnasium\/anforderungen-universitaeten\/britische-matura\/","title":{"rendered":"Britische Matura"},"content":{"rendered":"\t\t<div data-elementor-type=\"wp-page\" data-elementor-id=\"15091\" class=\"elementor elementor-15091 elementor-13261\" data-elementor-post-type=\"page\">\n\t\t\t\t<div class=\"elementor-element elementor-element-61e129cd e-con-full pad-tb-l-first e-flex e-con e-parent\" data-id=\"61e129cd\" data-element_type=\"container\" data-e-type=\"container\" data-settings=\"{&quot;background_background&quot;:&quot;classic&quot;}\">\n\t\t<div class=\"elementor-element elementor-element-53f79b45 c-box e-flex e-con-boxed e-con e-child\" data-id=\"53f79b45\" data-element_type=\"container\" data-e-type=\"container\">\n\t\t\t\t\t<div class=\"e-con-inner\">\n\t\t<div class=\"elementor-element elementor-element-7ce3ece1 e-con-full e-flex e-con e-child\" data-id=\"7ce3ece1\" data-element_type=\"container\" data-e-type=\"container\">\n\t\t\t\t<div class=\"elementor-element elementor-element-53a13dd3 elementor-invisible elementor-widget elementor-widget-heading\" data-id=\"53a13dd3\" data-element_type=\"widget\" data-e-type=\"widget\" data-settings=\"{&quot;_animation&quot;:&quot;fadeInDown&quot;,&quot;_animation_delay&quot;:200}\" data-widget_type=\"heading.default\">\n\t\t\t\t<div class=\"elementor-widget-container\">\n\t\t\t\t\t<p class=\"elementor-heading-title elementor-size-default\">Das erste College der Schweiz mit einem englischen 10. Schuljahr<\/p>\t\t\t\t<\/div>\n\t\t\t\t<\/div>\n\t\t\t\t<\/div>\n\t\t\t\t\t<\/div>\n\t\t\t\t<\/div>\n\t\t\t\t<\/div>\n\t\t<div class=\"elementor-element elementor-element-2ad1dac e-con-full e-flex e-con e-parent\" data-id=\"2ad1dac\" data-element_type=\"container\" data-e-type=\"container\" data-settings=\"{&quot;background_background&quot;:&quot;classic&quot;}\">\n\t\t<div class=\"elementor-element elementor-element-3d2f114 c-box pad-tb-m e-flex e-con-boxed e-con e-child\" data-id=\"3d2f114\" data-element_type=\"container\" data-e-type=\"container\" data-settings=\"{&quot;background_background&quot;:&quot;classic&quot;}\">\n\t\t\t\t\t<div class=\"e-con-inner\">\n\t\t<div class=\"elementor-element elementor-element-2dc6eda5 e-con-full elementor-hidden-tablet elementor-hidden-mobile elementor-hidden-tablet_extra e-flex e-con e-child\" data-id=\"2dc6eda5\" data-element_type=\"container\" data-e-type=\"container\" data-settings=\"{&quot;background_background&quot;:&quot;classic&quot;}\">\n\t\t\t\t<div class=\"elementor-element elementor-element-dd2b9cc verticalmenu elementor-nav-menu__text-align-aside elementor-widget elementor-widget-global elementor-global-13023 elementor-widget-nav-menu\" data-id=\"dd2b9cc\" data-element_type=\"widget\" data-e-type=\"widget\" data-settings=\"{&quot;layout&quot;:&quot;dropdown&quot;,&quot;submenu_icon&quot;:{&quot;value&quot;:&quot;fas fa-chevron-down&quot;,&quot;library&quot;:&quot;fa-solid&quot;}}\" data-widget_type=\"nav-menu.default\">\n\t\t\t\t<div class=\"elementor-widget-container\">\n\t\t\t\t\t\t\t\t<nav class=\"elementor-nav-menu--dropdown elementor-nav-menu__container\" aria-hidden=\"true\">\n\t\t\t\t<ul id=\"menu-2-dd2b9cc\" class=\"elementor-nav-menu\"><li class=\"menu-item menu-item-type-post_type menu-item-object-page menu-item-15354\"><a href=\"https:\/\/www.hullschool.ch\/de\/gymnasium\/uebersicht\/\" class=\"elementor-item\" tabindex=\"-1\">\u00dcbersicht<\/a><\/li>\n<li class=\"menu-item menu-item-type-post_type menu-item-object-page menu-item-has-children menu-item-15360\"><a href=\"\/de\/gymnasium\/curriculum\/faecher\/\" class=\"elementor-item\" tabindex=\"-1\">Curriculum<\/a>\n<ul class=\"sub-menu elementor-nav-menu--dropdown\">\n\t<li class=\"menu-item menu-item-type-post_type menu-item-object-page menu-item-15362\"><a href=\"https:\/\/www.hullschool.ch\/de\/gymnasium\/curriculum\/faecher\/\" class=\"elementor-sub-item\" tabindex=\"-1\">F\u00e4cher<\/a><\/li>\n\t<li class=\"menu-item menu-item-type-post_type menu-item-object-page menu-item-has-children menu-item-15357\"><a href=\"https:\/\/www.hullschool.ch\/de\/gymnasium\/curriculum\/ec1-english-college-year-1\/\" class=\"elementor-sub-item\" tabindex=\"-1\">EC1 (English College Year 1)<\/a>\n\t<ul class=\"sub-menu elementor-nav-menu--dropdown\">\n\t\t<li class=\"menu-item menu-item-type-post_type menu-item-object-page menu-item-15358\"><a href=\"https:\/\/www.hullschool.ch\/de\/gymnasium\/curriculum\/ec1-english-college-year-1\/aufnahme\/\" class=\"elementor-sub-item\" tabindex=\"-1\">Aufnahme<\/a><\/li>\n\t\t<li class=\"menu-item menu-item-type-post_type menu-item-object-page menu-item-15355\"><a href=\"https:\/\/www.hullschool.ch\/de\/gymnasium\/curriculum\/ec1-english-college-year-1\/curriculum\/\" class=\"elementor-sub-item\" tabindex=\"-1\">Curriculum<\/a><\/li>\n\t\t<li class=\"menu-item menu-item-type-post_type menu-item-object-page menu-item-15364\"><a href=\"https:\/\/www.hullschool.ch\/de\/gymnasium\/curriculum\/ec1-english-college-year-1\/faecher\/\" class=\"elementor-sub-item\" tabindex=\"-1\">F\u00e4cher<\/a><\/li>\n\t<\/ul>\n<\/li>\n\t<li class=\"menu-item menu-item-type-post_type menu-item-object-page menu-item-has-children menu-item-15366\"><a href=\"https:\/\/www.hullschool.ch\/de\/gymnasium\/curriculum\/ec2-english-college-year-2\/\" class=\"elementor-sub-item\" tabindex=\"-1\">EC2 (English College Year 2)<\/a>\n\t<ul class=\"sub-menu elementor-nav-menu--dropdown\">\n\t\t<li class=\"menu-item menu-item-type-post_type menu-item-object-page menu-item-15367\"><a href=\"https:\/\/www.hullschool.ch\/de\/gymnasium\/curriculum\/ec2-english-college-year-2\/eignung\/\" class=\"elementor-sub-item\" tabindex=\"-1\">Eignung<\/a><\/li>\n\t<\/ul>\n<\/li>\n\t<li class=\"menu-item menu-item-type-post_type menu-item-object-page menu-item-has-children menu-item-15369\"><a href=\"https:\/\/www.hullschool.ch\/de\/gymnasium\/curriculum\/ec3-english-college-year-3\/\" class=\"elementor-sub-item\" tabindex=\"-1\">EC3 (English College Year 3)<\/a>\n\t<ul class=\"sub-menu elementor-nav-menu--dropdown\">\n\t\t<li class=\"menu-item menu-item-type-post_type menu-item-object-page menu-item-15368\"><a href=\"https:\/\/www.hullschool.ch\/de\/gymnasium\/curriculum\/ec3-english-college-year-3\/eignung\/\" class=\"elementor-sub-item\" tabindex=\"-1\">Eignung<\/a><\/li>\n\t<\/ul>\n<\/li>\n\t<li class=\"menu-item menu-item-type-post_type menu-item-object-page menu-item-15370\"><a href=\"https:\/\/www.hullschool.ch\/de\/gymnasium\/curriculum\/ec4-english-college-year-4\/\" class=\"elementor-sub-item\" tabindex=\"-1\">EC4 (English College Year 4)<\/a><\/li>\n\t<li class=\"menu-item menu-item-type-post_type menu-item-object-page menu-item-15372\"><a href=\"https:\/\/www.hullschool.ch\/de\/gymnasium\/curriculum\/schulkalender-und-ferienplan\/\" class=\"elementor-sub-item\" tabindex=\"-1\">Schulkalender &amp; Ferienplan<\/a><\/li>\n<\/ul>\n<\/li>\n<li class=\"menu-item menu-item-type-post_type menu-item-object-page menu-item-15376\"><a href=\"https:\/\/www.hullschool.ch\/de\/gymnasium\/schulgeld\/\" class=\"elementor-item\" tabindex=\"-1\">Schulgeld<\/a><\/li>\n<li class=\"menu-item menu-item-type-post_type menu-item-object-page menu-item-15377\"><a href=\"https:\/\/www.hullschool.ch\/de\/gymnasium\/weitere-aktivitaeten\/\" class=\"elementor-item\" tabindex=\"-1\">Weitere Aktivit\u00e4ten<\/a><\/li>\n<li class=\"menu-item menu-item-type-post_type menu-item-object-page menu-item-has-children menu-item-15385\"><a href=\"\/de\/gymnasium\/anforderungen-universitaeten\/britische-matura\/\" class=\"elementor-item\" tabindex=\"-1\">Anforderungen Universit\u00e4ten<\/a>\n<ul class=\"sub-menu elementor-nav-menu--dropdown\">\n\t<li class=\"menu-item menu-item-type-post_type menu-item-object-page menu-item-15384\"><a href=\"https:\/\/www.hullschool.ch\/de\/gymnasium\/anforderungen-universitaeten\/britische-matura\/\" class=\"elementor-sub-item\" tabindex=\"-1\">Britische Matura<\/a><\/li>\n\t<li class=\"menu-item menu-item-type-post_type menu-item-object-page menu-item-15386\"><a href=\"https:\/\/www.hullschool.ch\/de\/gymnasium\/anforderungen-universitaeten\/noten\/\" class=\"elementor-sub-item\" tabindex=\"-1\">Noten<\/a><\/li>\n\t<li class=\"menu-item menu-item-type-post_type menu-item-object-page menu-item-15388\"><a href=\"https:\/\/www.hullschool.ch\/de\/gymnasium\/anforderungen-universitaeten\/schweiz\/\" class=\"elementor-sub-item\" tabindex=\"-1\">Schweiz<\/a><\/li>\n\t<li class=\"menu-item menu-item-type-post_type menu-item-object-page menu-item-15387\"><a href=\"https:\/\/www.hullschool.ch\/de\/gymnasium\/anforderungen-universitaeten\/ausland\/\" class=\"elementor-sub-item\" tabindex=\"-1\">Ausland<\/a><\/li>\n<\/ul>\n<\/li>\n<\/ul>\t\t\t<\/nav>\n\t\t\t\t\t\t<\/div>\n\t\t\t\t<\/div>\n\t\t\t\t<\/div>\n\t\t<div class=\"elementor-element elementor-element-c548b8b e-con-full e-flex e-con e-child\" data-id=\"c548b8b\" data-element_type=\"container\" data-e-type=\"container\">\n\t\t<div class=\"elementor-element elementor-element-67555326 e-con-full e-flex e-con e-child\" data-id=\"67555326\" data-element_type=\"container\" data-e-type=\"container\">\n\t\t\t\t<div class=\"elementor-element elementor-element-17f8e184 elementor-invisible elementor-widget elementor-widget-html\" data-id=\"17f8e184\" data-element_type=\"widget\" data-e-type=\"widget\" data-settings=\"{&quot;_animation&quot;:&quot;fadeInDown&quot;}\" data-widget_type=\"html.default\">\n\t\t\t\t<div class=\"elementor-widget-container\">\n\t\t\t\t\t<nav aria-label=\"breadcrumbs\" class=\"rank-math-breadcrumb\"><p><span class=\"last\">Home<\/span><\/p><\/nav>\t\t\t\t<\/div>\n\t\t\t\t<\/div>\n\t\t\t\t<div class=\"elementor-element elementor-element-d3efe8 titleafterstrich elementor-invisible elementor-widget elementor-widget-heading\" data-id=\"d3efe8\" data-element_type=\"widget\" data-e-type=\"widget\" data-settings=\"{&quot;_animation&quot;:&quot;fadeInDown&quot;}\" data-widget_type=\"heading.default\">\n\t\t\t\t<div class=\"elementor-widget-container\">\n\t\t\t\t\t<h1 class=\"elementor-heading-title elementor-size-default\">Britische Matura<\/h1>\t\t\t\t<\/div>\n\t\t\t\t<\/div>\n\t\t\t\t<div class=\"elementor-element elementor-element-3f670009 pad-t-s elementor-invisible elementor-widget elementor-widget-heading\" data-id=\"3f670009\" data-element_type=\"widget\" data-e-type=\"widget\" data-settings=\"{&quot;_animation&quot;:&quot;fadeInDown&quot;}\" data-widget_type=\"heading.default\">\n\t\t\t\t<div class=\"elementor-widget-container\">\n\t\t\t\t\t<h2 class=\"elementor-heading-title elementor-size-default\">H\u00f6here Spezialisierung<\/h2>\t\t\t\t<\/div>\n\t\t\t\t<\/div>\n\t\t\t\t<div class=\"elementor-element elementor-element-236a2093 linkmediumblue elementor-invisible elementor-widget elementor-widget-text-editor\" data-id=\"236a2093\" data-element_type=\"widget\" data-e-type=\"widget\" data-settings=\"{&quot;_animation&quot;:&quot;fadeInDown&quot;,&quot;_animation_delay&quot;:300}\" data-widget_type=\"text-editor.default\">\n\t\t\t\t<div class=\"elementor-widget-container\">\n\t\t\t\t\t\t\t\t\t<p>Die britische Maturit\u00e4t eignet sich auch f\u00fcr einseitig Begabte. Sch\u00fcler mit St\u00e4rken in den Geisteswissenschaften und Schw\u00e4chen in den Naturwissenschaften &#8211; oder umgekehrt &#8211; haben mit dem britischen System h\u00f6here Erfolgschancen. Durch die Spezialisierung auf eine geringere Anzahl F\u00e4cher werden sie besser auf bestimmte Studienrichtungen vorbereitet. Daf\u00fcr besteht weniger Zeit f\u00fcr eine breitere Allgemeinbildung.<\/p>\t\t\t\t\t\t\t\t<\/div>\n\t\t\t\t<\/div>\n\t\t\t\t<div class=\"elementor-element elementor-element-3d52f23 elementor-invisible elementor-widget elementor-widget-heading\" data-id=\"3d52f23\" data-element_type=\"widget\" data-e-type=\"widget\" data-settings=\"{&quot;_animation&quot;:&quot;fadeInDown&quot;}\" data-widget_type=\"heading.default\">\n\t\t\t\t<div class=\"elementor-widget-container\">\n\t\t\t\t\t<h2 class=\"elementor-heading-title elementor-size-default\">Bausteine der britischen Maturit\u00e4t<\/h2>\t\t\t\t<\/div>\n\t\t\t\t<\/div>\n\t\t\t\t<div class=\"elementor-element elementor-element-3311d90 linkmediumblue elementor-invisible elementor-widget elementor-widget-text-editor\" data-id=\"3311d90\" data-element_type=\"widget\" data-e-type=\"widget\" data-settings=\"{&quot;_animation&quot;:&quot;fadeInDown&quot;,&quot;_animation_delay&quot;:300}\" data-widget_type=\"text-editor.default\">\n\t\t\t\t<div class=\"elementor-widget-container\">\n\t\t\t\t\t\t\t\t\t<p>Die britische Maturit\u00e4t ist nach dem Baukastensystem aufgebaut, mit Pr\u00fcfungen in drei verschiedenen Schwierigkeitsgraden. F\u00e4cher auf \u201aGrundstufe&#8217; (IGCSE-Levels) entsprechen im Niveau etwa dem vierten Jahr eines sechsj\u00e4hrigen schweizerischen Maturit\u00e4tsprogramms. F\u00e4cher auf Advanced Subsidiary Stufe (AS-Level) entsprechen in ihren Anforderungen weitgehend der hiesigen Maturit\u00e4t. F\u00e4cher auf Advanced Stufe (A-Levels) verlangen in der Regel Kenntnisse, die dem Stand nach zwei Semestern an einer Hochschule gleichkommen, wobei die Anforderungen je nach Pr\u00fcfungsfach variieren.<\/p>\t\t\t\t\t\t\t\t<\/div>\n\t\t\t\t<\/div>\n\t\t\t\t<div class=\"elementor-element elementor-element-7d37725 elementor-invisible elementor-widget elementor-widget-heading\" data-id=\"7d37725\" data-element_type=\"widget\" data-e-type=\"widget\" data-settings=\"{&quot;_animation&quot;:&quot;fadeInDown&quot;}\" data-widget_type=\"heading.default\">\n\t\t\t\t<div class=\"elementor-widget-container\">\n\t\t\t\t\t<h2 class=\"elementor-heading-title elementor-size-default\">Leistungsprinzip und abgestufte Hochschulreife<\/h2>\t\t\t\t<\/div>\n\t\t\t\t<\/div>\n\t\t\t\t<div class=\"elementor-element elementor-element-fa09629 linkmediumblue elementor-invisible elementor-widget elementor-widget-text-editor\" data-id=\"fa09629\" data-element_type=\"widget\" data-e-type=\"widget\" data-settings=\"{&quot;_animation&quot;:&quot;fadeInDown&quot;,&quot;_animation_delay&quot;:300}\" data-widget_type=\"text-editor.default\">\n\t\t\t\t<div class=\"elementor-widget-container\">\n\t\t\t\t\t\t\t\t\t<p>Die britische Maturit\u00e4t basiert auf dem Leistungsprinzip und der abgestuften Hochschulreife. Wer sich f\u00fcr die britischen A-levels entscheidet, kann bei mittleren Noten in der Schweiz studieren, verschafft sich aber bei guten Leistungen im englischsprachigen Ausland bessere Startchancen als ein Absolvent der schweizerischen Maturit\u00e4t. Sch\u00fcler, welche nur die Mindestnote in den Schlusspr\u00fcfungen erreichen, haben Zugang zu schweizerischen Fachhochschulen und etlichen Universit\u00e4ten ausserhalb der Schweiz.<\/p>\t\t\t\t\t\t\t\t<\/div>\n\t\t\t\t<\/div>\n\t\t\t\t<div class=\"elementor-element elementor-element-4e6131b elementor-invisible elementor-widget elementor-widget-heading\" data-id=\"4e6131b\" data-element_type=\"widget\" data-e-type=\"widget\" data-settings=\"{&quot;_animation&quot;:&quot;fadeInDown&quot;}\" data-widget_type=\"heading.default\">\n\t\t\t\t<div class=\"elementor-widget-container\">\n\t\t\t\t\t<h2 class=\"elementor-heading-title elementor-size-default\">Was spricht f\u00fcr die britische Matura?<\/h2>\t\t\t\t<\/div>\n\t\t\t\t<\/div>\n\t\t\t\t<div class=\"elementor-element elementor-element-ebdd2b5 linkmediumblue elementor-invisible elementor-widget elementor-widget-text-editor\" data-id=\"ebdd2b5\" data-element_type=\"widget\" data-e-type=\"widget\" data-settings=\"{&quot;_animation&quot;:&quot;fadeInDown&quot;,&quot;_animation_delay&quot;:300}\" data-widget_type=\"text-editor.default\">\n\t\t\t\t<div class=\"elementor-widget-container\">\n\t\t\t\t\t\t\t\t\t<ul><li>weltweit bekannteste Hochschulreifepr\u00fcfung<\/li><li>berechtigt zum Studium an Hochschulen in der Schweiz und international<\/li><li>optimale Vorbereitung auf ein Studium in der Schweiz und im Ausland<\/li><li>separates Diplom in jedem Fach, Wiederholung einzelner Pr\u00fcfungen beliebig m\u00f6glich<\/li><li>geeignet f\u00fcr einseitig Begabte (z.B. sprachbegabte Sch\u00fcler mit Mathematikschw\u00e4che)<\/li><li>hohe Spezialisierung<\/li><li>abgestufte Hochschulreife<\/li><li>vielf\u00e4ltige M\u00f6glichkeiten und Anschlussprogramme<\/li><li>alle F\u00e4cher werden auf Englisch unterrichtet<\/li><li>Absolventen erreichen die Hochschulreife in Deutsch, Englisch und Franz\u00f6sisch<\/li><li>das Programm wurde f\u00fcr Sch\u00fcler mit einem schweizerischen Bildungshintergrund geschaffen; Schweizer bilden die Mehrheit der Sch\u00fclerschaft<\/li><\/ul>\t\t\t\t\t\t\t\t<\/div>\n\t\t\t\t<\/div>\n\t\t\t\t<div class=\"elementor-element elementor-element-79b2223 elementor-invisible elementor-widget elementor-widget-heading\" data-id=\"79b2223\" data-element_type=\"widget\" data-e-type=\"widget\" data-settings=\"{&quot;_animation&quot;:&quot;fadeInDown&quot;}\" data-widget_type=\"heading.default\">\n\t\t\t\t<div class=\"elementor-widget-container\">\n\t\t\t\t\t<h2 class=\"elementor-heading-title elementor-size-default\">Organisation der Maturapr\u00fcfungen<\/h2>\t\t\t\t<\/div>\n\t\t\t\t<\/div>\n\t\t\t\t<div class=\"elementor-element elementor-element-d5e5ceb linkmediumblue elementor-invisible elementor-widget elementor-widget-text-editor\" data-id=\"d5e5ceb\" data-element_type=\"widget\" data-e-type=\"widget\" data-settings=\"{&quot;_animation&quot;:&quot;fadeInDown&quot;,&quot;_animation_delay&quot;:300}\" data-widget_type=\"text-editor.default\">\n\t\t\t\t<div class=\"elementor-widget-container\">\n\t\t\t\t\t\t\t\t\t<p>Die britischen EDEXCEL Maturapr\u00fcfungen finden im Hause statt, die Auswertung erfolgt zentral f\u00fcr die ganze Welt in London.<\/p>\t\t\t\t\t\t\t\t<\/div>\n\t\t\t\t<\/div>\n\t\t\t\t<\/div>\n\t\t\t\t<\/div>\n\t\t\t\t\t<\/div>\n\t\t\t\t<\/div>\n\t\t\t\t<\/div>\n\t\t\t\t<\/div>\n\t\t","protected":false},"excerpt":{"rendered":"<p>Das erste College der Schweiz mit einem englischen 10. Schuljahr Britische Matura H\u00f6here Spezialisierung Die britische Maturit\u00e4t eignet sich auch f\u00fcr einseitig Begabte. Sch\u00fcler mit St\u00e4rken in den Geisteswissenschaften und Schw\u00e4chen in den Naturwissenschaften &#8211; oder umgekehrt &#8211; haben mit dem britischen System h\u00f6here Erfolgschancen. Durch die Spezialisierung auf eine geringere Anzahl F\u00e4cher werden sie [&hellip;]<\/p>\n","protected":false},"author":1,"featured_media":0,"parent":15089,"menu_order":0,"comment_status":"closed","ping_status":"closed","template":"elementor_header_footer","meta":{"footnotes":"","_links_to":"","_links_to_target":""},"class_list":["post-15091","page","type-page","status-publish","hentry"],"_links":{"self":[{"href":"https:\/\/www.hullschool.ch\/de\/wp-json\/wp\/v2\/pages\/15091","targetHints":{"allow":["GET"]}}],"collection":[{"href":"https:\/\/www.hullschool.ch\/de\/wp-json\/wp\/v2\/pages"}],"about":[{"href":"https:\/\/www.hullschool.ch\/de\/wp-json\/wp\/v2\/types\/page"}],"author":[{"embeddable":true,"href":"https:\/\/www.hullschool.ch\/de\/wp-json\/wp\/v2\/users\/1"}],"replies":[{"embeddable":true,"href":"https:\/\/www.hullschool.ch\/de\/wp-json\/wp\/v2\/comments?post=15091"}],"version-history":[{"count":0,"href":"https:\/\/www.hullschool.ch\/de\/wp-json\/wp\/v2\/pages\/15091\/revisions"}],"up":[{"embeddable":true,"href":"https:\/\/www.hullschool.ch\/de\/wp-json\/wp\/v2\/pages\/15089"}],"wp:attachment":[{"href":"https:\/\/www.hullschool.ch\/de\/wp-json\/wp\/v2\/media?parent=15091"}],"curies":[{"name":"wp","href":"https:\/\/api.w.org\/{rel}","templated":true}]}}