{"id":15030,"date":"2024-05-31T15:29:28","date_gmt":"2024-05-31T13:29:28","guid":{"rendered":"https:\/\/existing-lookandfeel.hullschool.ch\/?page_id=15030"},"modified":"2024-06-10T12:58:23","modified_gmt":"2024-06-10T10:58:23","slug":"aufnahme","status":"publish","type":"page","link":"https:\/\/www.hullschool.ch\/de\/gymnasium\/curriculum\/ec1-english-college-year-1\/aufnahme\/","title":{"rendered":"Aufnahme"},"content":{"rendered":"\t\t<div data-elementor-type=\"wp-page\" data-elementor-id=\"15030\" class=\"elementor elementor-15030 elementor-12996\" data-elementor-post-type=\"page\">\n\t\t\t\t<div class=\"elementor-element elementor-element-61e129cd e-con-full pad-tb-l-first e-flex e-con e-parent\" data-id=\"61e129cd\" data-element_type=\"container\" data-e-type=\"container\" data-settings=\"{&quot;background_background&quot;:&quot;classic&quot;}\">\n\t\t<div class=\"elementor-element elementor-element-53f79b45 c-box e-flex e-con-boxed e-con e-child\" data-id=\"53f79b45\" data-element_type=\"container\" data-e-type=\"container\">\n\t\t\t\t\t<div class=\"e-con-inner\">\n\t\t<div class=\"elementor-element elementor-element-7ce3ece1 e-con-full e-flex e-con e-child\" data-id=\"7ce3ece1\" data-element_type=\"container\" data-e-type=\"container\">\n\t\t\t\t<div class=\"elementor-element elementor-element-53a13dd3 elementor-invisible elementor-widget elementor-widget-heading\" data-id=\"53a13dd3\" data-element_type=\"widget\" data-e-type=\"widget\" data-settings=\"{&quot;_animation&quot;:&quot;fadeInDown&quot;,&quot;_animation_delay&quot;:200}\" data-widget_type=\"heading.default\">\n\t\t\t\t<div class=\"elementor-widget-container\">\n\t\t\t\t\t<p class=\"elementor-heading-title elementor-size-default\">Das erste College der Schweiz mit einem englischen 10. Schuljahr<\/p>\t\t\t\t<\/div>\n\t\t\t\t<\/div>\n\t\t\t\t<\/div>\n\t\t\t\t\t<\/div>\n\t\t\t\t<\/div>\n\t\t\t\t<\/div>\n\t\t<div class=\"elementor-element elementor-element-2ad1dac e-con-full e-flex e-con e-parent\" data-id=\"2ad1dac\" data-element_type=\"container\" data-e-type=\"container\" data-settings=\"{&quot;background_background&quot;:&quot;classic&quot;}\">\n\t\t<div class=\"elementor-element elementor-element-3d2f114 c-box pad-tb-m e-flex e-con-boxed e-con e-child\" data-id=\"3d2f114\" data-element_type=\"container\" data-e-type=\"container\" data-settings=\"{&quot;background_background&quot;:&quot;classic&quot;}\">\n\t\t\t\t\t<div class=\"e-con-inner\">\n\t\t<div class=\"elementor-element elementor-element-2dc6eda5 e-con-full elementor-hidden-tablet elementor-hidden-mobile elementor-hidden-tablet_extra e-flex e-con e-child\" data-id=\"2dc6eda5\" data-element_type=\"container\" data-e-type=\"container\" data-settings=\"{&quot;background_background&quot;:&quot;classic&quot;}\">\n\t\t\t\t<div class=\"elementor-element elementor-element-299b324 verticalmenu elementor-nav-menu__text-align-aside elementor-widget elementor-widget-global elementor-global-13023 elementor-widget-nav-menu\" data-id=\"299b324\" data-element_type=\"widget\" data-e-type=\"widget\" data-settings=\"{&quot;layout&quot;:&quot;dropdown&quot;,&quot;submenu_icon&quot;:{&quot;value&quot;:&quot;fas fa-chevron-down&quot;,&quot;library&quot;:&quot;fa-solid&quot;}}\" data-widget_type=\"nav-menu.default\">\n\t\t\t\t<div class=\"elementor-widget-container\">\n\t\t\t\t\t\t\t\t<nav class=\"elementor-nav-menu--dropdown elementor-nav-menu__container\" aria-hidden=\"true\">\n\t\t\t\t<ul id=\"menu-2-299b324\" class=\"elementor-nav-menu\"><li class=\"menu-item menu-item-type-post_type menu-item-object-page menu-item-15354\"><a href=\"https:\/\/www.hullschool.ch\/de\/gymnasium\/uebersicht\/\" class=\"elementor-item\" tabindex=\"-1\">\u00dcbersicht<\/a><\/li>\n<li class=\"menu-item menu-item-type-post_type menu-item-object-page menu-item-has-children menu-item-15360\"><a href=\"\/de\/gymnasium\/curriculum\/faecher\/\" class=\"elementor-item\" tabindex=\"-1\">Curriculum<\/a>\n<ul class=\"sub-menu elementor-nav-menu--dropdown\">\n\t<li class=\"menu-item menu-item-type-post_type menu-item-object-page menu-item-15362\"><a href=\"https:\/\/www.hullschool.ch\/de\/gymnasium\/curriculum\/faecher\/\" class=\"elementor-sub-item\" tabindex=\"-1\">F\u00e4cher<\/a><\/li>\n\t<li class=\"menu-item menu-item-type-post_type menu-item-object-page menu-item-has-children menu-item-15357\"><a href=\"https:\/\/www.hullschool.ch\/de\/gymnasium\/curriculum\/ec1-english-college-year-1\/\" class=\"elementor-sub-item\" tabindex=\"-1\">EC1 (English College Year 1)<\/a>\n\t<ul class=\"sub-menu elementor-nav-menu--dropdown\">\n\t\t<li class=\"menu-item menu-item-type-post_type menu-item-object-page menu-item-15358\"><a href=\"https:\/\/www.hullschool.ch\/de\/gymnasium\/curriculum\/ec1-english-college-year-1\/aufnahme\/\" class=\"elementor-sub-item\" tabindex=\"-1\">Aufnahme<\/a><\/li>\n\t\t<li class=\"menu-item menu-item-type-post_type menu-item-object-page menu-item-15355\"><a href=\"https:\/\/www.hullschool.ch\/de\/gymnasium\/curriculum\/ec1-english-college-year-1\/curriculum\/\" class=\"elementor-sub-item\" tabindex=\"-1\">Curriculum<\/a><\/li>\n\t\t<li class=\"menu-item menu-item-type-post_type menu-item-object-page menu-item-15364\"><a href=\"https:\/\/www.hullschool.ch\/de\/gymnasium\/curriculum\/ec1-english-college-year-1\/faecher\/\" class=\"elementor-sub-item\" tabindex=\"-1\">F\u00e4cher<\/a><\/li>\n\t<\/ul>\n<\/li>\n\t<li class=\"menu-item menu-item-type-post_type menu-item-object-page menu-item-has-children menu-item-15366\"><a href=\"https:\/\/www.hullschool.ch\/de\/gymnasium\/curriculum\/ec2-english-college-year-2\/\" class=\"elementor-sub-item\" tabindex=\"-1\">EC2 (English College Year 2)<\/a>\n\t<ul class=\"sub-menu elementor-nav-menu--dropdown\">\n\t\t<li class=\"menu-item menu-item-type-post_type menu-item-object-page menu-item-15367\"><a href=\"https:\/\/www.hullschool.ch\/de\/gymnasium\/curriculum\/ec2-english-college-year-2\/eignung\/\" class=\"elementor-sub-item\" tabindex=\"-1\">Eignung<\/a><\/li>\n\t<\/ul>\n<\/li>\n\t<li class=\"menu-item menu-item-type-post_type menu-item-object-page menu-item-has-children menu-item-15369\"><a href=\"https:\/\/www.hullschool.ch\/de\/gymnasium\/curriculum\/ec3-english-college-year-3\/\" class=\"elementor-sub-item\" tabindex=\"-1\">EC3 (English College Year 3)<\/a>\n\t<ul class=\"sub-menu elementor-nav-menu--dropdown\">\n\t\t<li class=\"menu-item menu-item-type-post_type menu-item-object-page menu-item-15368\"><a href=\"https:\/\/www.hullschool.ch\/de\/gymnasium\/curriculum\/ec3-english-college-year-3\/eignung\/\" class=\"elementor-sub-item\" tabindex=\"-1\">Eignung<\/a><\/li>\n\t<\/ul>\n<\/li>\n\t<li class=\"menu-item menu-item-type-post_type menu-item-object-page menu-item-15370\"><a href=\"https:\/\/www.hullschool.ch\/de\/gymnasium\/curriculum\/ec4-english-college-year-4\/\" class=\"elementor-sub-item\" tabindex=\"-1\">EC4 (English College Year 4)<\/a><\/li>\n\t<li class=\"menu-item menu-item-type-post_type menu-item-object-page menu-item-15372\"><a href=\"https:\/\/www.hullschool.ch\/de\/gymnasium\/curriculum\/schulkalender-und-ferienplan\/\" class=\"elementor-sub-item\" tabindex=\"-1\">Schulkalender &amp; Ferienplan<\/a><\/li>\n<\/ul>\n<\/li>\n<li class=\"menu-item menu-item-type-post_type menu-item-object-page menu-item-15376\"><a href=\"https:\/\/www.hullschool.ch\/de\/gymnasium\/schulgeld\/\" class=\"elementor-item\" tabindex=\"-1\">Schulgeld<\/a><\/li>\n<li class=\"menu-item menu-item-type-post_type menu-item-object-page menu-item-15377\"><a href=\"https:\/\/www.hullschool.ch\/de\/gymnasium\/weitere-aktivitaeten\/\" class=\"elementor-item\" tabindex=\"-1\">Weitere Aktivit\u00e4ten<\/a><\/li>\n<li class=\"menu-item menu-item-type-post_type menu-item-object-page menu-item-has-children menu-item-15385\"><a href=\"\/de\/gymnasium\/anforderungen-universitaeten\/britische-matura\/\" class=\"elementor-item\" tabindex=\"-1\">Anforderungen Universit\u00e4ten<\/a>\n<ul class=\"sub-menu elementor-nav-menu--dropdown\">\n\t<li class=\"menu-item menu-item-type-post_type menu-item-object-page menu-item-15384\"><a href=\"https:\/\/www.hullschool.ch\/de\/gymnasium\/anforderungen-universitaeten\/britische-matura\/\" class=\"elementor-sub-item\" tabindex=\"-1\">Britische Matura<\/a><\/li>\n\t<li class=\"menu-item menu-item-type-post_type menu-item-object-page menu-item-15386\"><a href=\"https:\/\/www.hullschool.ch\/de\/gymnasium\/anforderungen-universitaeten\/noten\/\" class=\"elementor-sub-item\" tabindex=\"-1\">Noten<\/a><\/li>\n\t<li class=\"menu-item menu-item-type-post_type menu-item-object-page menu-item-15388\"><a href=\"https:\/\/www.hullschool.ch\/de\/gymnasium\/anforderungen-universitaeten\/schweiz\/\" class=\"elementor-sub-item\" tabindex=\"-1\">Schweiz<\/a><\/li>\n\t<li class=\"menu-item menu-item-type-post_type menu-item-object-page menu-item-15387\"><a href=\"https:\/\/www.hullschool.ch\/de\/gymnasium\/anforderungen-universitaeten\/ausland\/\" class=\"elementor-sub-item\" tabindex=\"-1\">Ausland<\/a><\/li>\n<\/ul>\n<\/li>\n<\/ul>\t\t\t<\/nav>\n\t\t\t\t\t\t<\/div>\n\t\t\t\t<\/div>\n\t\t\t\t<\/div>\n\t\t<div class=\"elementor-element elementor-element-c548b8b e-con-full e-flex e-con e-child\" data-id=\"c548b8b\" data-element_type=\"container\" data-e-type=\"container\">\n\t\t<div class=\"elementor-element elementor-element-67555326 e-con-full e-flex e-con e-child\" data-id=\"67555326\" data-element_type=\"container\" data-e-type=\"container\">\n\t\t\t\t<div class=\"elementor-element elementor-element-17f8e184 elementor-invisible elementor-widget elementor-widget-html\" data-id=\"17f8e184\" data-element_type=\"widget\" data-e-type=\"widget\" data-settings=\"{&quot;_animation&quot;:&quot;fadeInDown&quot;}\" data-widget_type=\"html.default\">\n\t\t\t\t<div class=\"elementor-widget-container\">\n\t\t\t\t\t<nav aria-label=\"breadcrumbs\" class=\"rank-math-breadcrumb\"><p><span class=\"last\">Home<\/span><\/p><\/nav>\t\t\t\t<\/div>\n\t\t\t\t<\/div>\n\t\t\t\t<div class=\"elementor-element elementor-element-d3efe8 titleafterstrich elementor-invisible elementor-widget elementor-widget-heading\" data-id=\"d3efe8\" data-element_type=\"widget\" data-e-type=\"widget\" data-settings=\"{&quot;_animation&quot;:&quot;fadeInDown&quot;}\" data-widget_type=\"heading.default\">\n\t\t\t\t<div class=\"elementor-widget-container\">\n\t\t\t\t\t<h1 class=\"elementor-heading-title elementor-size-default\">Aufnahme<\/h1>\t\t\t\t<\/div>\n\t\t\t\t<\/div>\n\t\t\t\t<div class=\"elementor-element elementor-element-2c74b6d pad-t-s elementor-invisible elementor-widget elementor-widget-heading\" data-id=\"2c74b6d\" data-element_type=\"widget\" data-e-type=\"widget\" data-settings=\"{&quot;_animation&quot;:&quot;fadeInDown&quot;}\" data-widget_type=\"heading.default\">\n\t\t\t\t<div class=\"elementor-widget-container\">\n\t\t\t\t\t<h3 class=\"elementor-heading-title elementor-size-default\">Vor Eintritt findet ein pers\u00f6nliches Aufnahmegespr\u00e4ch mit Hr. Hull oder Hr. Cunningham statt. Die Klasseneinteilung erfolgt aufgrund von Pr\u00fcfungen in Englisch, Deutsch (nur f\u00fcr Fremdsprachige) und Mathematik.<\/h3>\t\t\t\t<\/div>\n\t\t\t\t<\/div>\n\t\t\t\t<div class=\"elementor-element elementor-element-236a2093 linkmediumblue elementor-invisible elementor-widget elementor-widget-text-editor\" data-id=\"236a2093\" data-element_type=\"widget\" data-e-type=\"widget\" data-settings=\"{&quot;_animation&quot;:&quot;fadeInDown&quot;,&quot;_animation_delay&quot;:300}\" data-widget_type=\"text-editor.default\">\n\t\t\t\t<div class=\"elementor-widget-container\">\n\t\t\t\t\t\t\t\t\tFalls Sie an einem Aufnahmegespr\u00e4ch interessiert sind, kontaktieren Sie uns bitte per Tel. <strong><a style=\"white-space: nowrap;\" href=\"tel:+41 44 254 30 40\">044 254 30 40<\/a><\/strong> oder per Email an\u00a0<strong><a href=\"mailto:college@hullschool.ch\" target=\"_blank\" rel=\"noopener\">college@hullschool.ch<\/a><\/strong>.\t\t\t\t\t\t\t\t<\/div>\n\t\t\t\t<\/div>\n\t\t\t\t<div class=\"elementor-element elementor-element-57e4f652 elementor-widget elementor-widget-image\" data-id=\"57e4f652\" data-element_type=\"widget\" data-e-type=\"widget\" data-widget_type=\"image.default\">\n\t\t\t\t<div class=\"elementor-widget-container\">\n\t\t\t\t\t\t\t\t\t\t\t\t\t\t\t<img fetchpriority=\"high\" decoding=\"async\" width=\"990\" height=\"997\" src=\"https:\/\/www.hullschool.ch\/wp-content\/uploads\/hullschool_results1-processed.jpg\" class=\"attachment-full size-full wp-image-12401\" alt=\"\" srcset=\"https:\/\/www.hullschool.ch\/wp-content\/uploads\/hullschool_results1-processed.jpg 990w, https:\/\/www.hullschool.ch\/wp-content\/uploads\/hullschool_results1-processed-298x300.jpg 298w, https:\/\/www.hullschool.ch\/wp-content\/uploads\/hullschool_results1-processed-150x150.jpg 150w, https:\/\/www.hullschool.ch\/wp-content\/uploads\/hullschool_results1-processed-768x773.jpg 768w\" sizes=\"(max-width: 990px) 100vw, 990px\" \/>\t\t\t\t\t\t\t\t\t\t\t\t\t\t\t<\/div>\n\t\t\t\t<\/div>\n\t\t\t\t<\/div>\n\t\t<div class=\"elementor-element elementor-element-1abea2fe e-con-full e-flex e-con e-child\" data-id=\"1abea2fe\" data-element_type=\"container\" data-e-type=\"container\">\n\t\t\t\t<\/div>\n\t\t\t\t<\/div>\n\t\t\t\t\t<\/div>\n\t\t\t\t<\/div>\n\t\t\t\t<\/div>\n\t\t\t\t<\/div>\n\t\t","protected":false},"excerpt":{"rendered":"<p>Das erste College der Schweiz mit einem englischen 10. Schuljahr Aufnahme Vor Eintritt findet ein pers\u00f6nliches Aufnahmegespr\u00e4ch mit Hr. Hull oder Hr. Cunningham statt. Die Klasseneinteilung erfolgt aufgrund von Pr\u00fcfungen in Englisch, Deutsch (nur f\u00fcr Fremdsprachige) und Mathematik. Falls Sie an einem Aufnahmegespr\u00e4ch interessiert sind, kontaktieren Sie uns bitte per Tel. 044 254 30 40 [&hellip;]<\/p>\n","protected":false},"author":1,"featured_media":0,"parent":15026,"menu_order":0,"comment_status":"closed","ping_status":"closed","template":"elementor_header_footer","meta":{"footnotes":"","_links_to":"","_links_to_target":""},"class_list":["post-15030","page","type-page","status-publish","hentry"],"_links":{"self":[{"href":"https:\/\/www.hullschool.ch\/de\/wp-json\/wp\/v2\/pages\/15030","targetHints":{"allow":["GET"]}}],"collection":[{"href":"https:\/\/www.hullschool.ch\/de\/wp-json\/wp\/v2\/pages"}],"about":[{"href":"https:\/\/www.hullschool.ch\/de\/wp-json\/wp\/v2\/types\/page"}],"author":[{"embeddable":true,"href":"https:\/\/www.hullschool.ch\/de\/wp-json\/wp\/v2\/users\/1"}],"replies":[{"embeddable":true,"href":"https:\/\/www.hullschool.ch\/de\/wp-json\/wp\/v2\/comments?post=15030"}],"version-history":[{"count":0,"href":"https:\/\/www.hullschool.ch\/de\/wp-json\/wp\/v2\/pages\/15030\/revisions"}],"up":[{"embeddable":true,"href":"https:\/\/www.hullschool.ch\/de\/wp-json\/wp\/v2\/pages\/15026"}],"wp:attachment":[{"href":"https:\/\/www.hullschool.ch\/de\/wp-json\/wp\/v2\/media?parent=15030"}],"curies":[{"name":"wp","href":"https:\/\/api.w.org\/{rel}","templated":true}]}}