{"id":14999,"date":"2024-05-31T14:33:42","date_gmt":"2024-05-31T12:33:42","guid":{"rendered":"https:\/\/existing-lookandfeel.hullschool.ch\/?page_id=14999"},"modified":"2024-11-25T15:27:21","modified_gmt":"2024-11-25T14:27:21","slug":"gymnasium","status":"publish","type":"page","link":"https:\/\/www.hullschool.ch\/de\/gymnasium\/","title":{"rendered":"Gymnasium"},"content":{"rendered":"\t\t<div data-elementor-type=\"wp-page\" data-elementor-id=\"14999\" class=\"elementor elementor-14999 elementor-12944\" data-elementor-post-type=\"page\">\n\t\t\t\t<div class=\"elementor-element elementor-element-61e129cd e-con-full pad-tb-l-first e-flex e-con e-parent\" data-id=\"61e129cd\" data-element_type=\"container\" data-e-type=\"container\" data-settings=\"{&quot;background_background&quot;:&quot;classic&quot;}\">\n\t\t<div class=\"elementor-element elementor-element-53f79b45 c-box e-flex e-con-boxed e-con e-child\" data-id=\"53f79b45\" data-element_type=\"container\" data-e-type=\"container\">\n\t\t\t\t\t<div class=\"e-con-inner\">\n\t\t<div class=\"elementor-element elementor-element-7ce3ece1 e-con-full e-flex e-con e-child\" data-id=\"7ce3ece1\" data-element_type=\"container\" data-e-type=\"container\">\n\t\t\t\t<div class=\"elementor-element elementor-element-53a13dd3 elementor-invisible elementor-widget elementor-widget-heading\" data-id=\"53a13dd3\" data-element_type=\"widget\" data-e-type=\"widget\" data-settings=\"{&quot;_animation&quot;:&quot;fadeInDown&quot;,&quot;_animation_delay&quot;:200}\" data-widget_type=\"heading.default\">\n\t\t\t\t<div class=\"elementor-widget-container\">\n\t\t\t\t\t<p class=\"elementor-heading-title elementor-size-default\">Das erste College der Schweiz\nmit einem englischen 10. Schuljahr<\/p>\t\t\t\t<\/div>\n\t\t\t\t<\/div>\n\t\t\t\t<\/div>\n\t\t\t\t\t<\/div>\n\t\t\t\t<\/div>\n\t\t\t\t<\/div>\n\t\t<div class=\"elementor-element elementor-element-2ad1dac e-con-full e-flex e-con e-parent\" data-id=\"2ad1dac\" data-element_type=\"container\" data-e-type=\"container\" data-settings=\"{&quot;background_background&quot;:&quot;classic&quot;}\">\n\t\t<div class=\"elementor-element elementor-element-3d2f114 c-box pad-tb-m e-flex e-con-boxed e-con e-child\" data-id=\"3d2f114\" data-element_type=\"container\" data-e-type=\"container\" data-settings=\"{&quot;background_background&quot;:&quot;classic&quot;}\">\n\t\t\t\t\t<div class=\"e-con-inner\">\n\t\t<div class=\"elementor-element elementor-element-2dc6eda5 e-con-full elementor-hidden-tablet elementor-hidden-mobile elementor-hidden-tablet_extra e-flex e-con e-child\" data-id=\"2dc6eda5\" data-element_type=\"container\" data-e-type=\"container\" data-settings=\"{&quot;background_background&quot;:&quot;classic&quot;}\">\n\t\t\t\t<div class=\"elementor-element elementor-element-e97dcfd verticalmenu elementor-nav-menu__text-align-aside elementor-widget elementor-widget-global elementor-global-13023 elementor-widget-nav-menu\" data-id=\"e97dcfd\" data-element_type=\"widget\" data-e-type=\"widget\" data-settings=\"{&quot;layout&quot;:&quot;dropdown&quot;,&quot;submenu_icon&quot;:{&quot;value&quot;:&quot;fas fa-chevron-down&quot;,&quot;library&quot;:&quot;fa-solid&quot;}}\" data-widget_type=\"nav-menu.default\">\n\t\t\t\t<div class=\"elementor-widget-container\">\n\t\t\t\t\t\t\t\t<nav class=\"elementor-nav-menu--dropdown elementor-nav-menu__container\" aria-hidden=\"true\">\n\t\t\t\t<ul id=\"menu-2-e97dcfd\" class=\"elementor-nav-menu\"><li class=\"menu-item menu-item-type-post_type menu-item-object-page menu-item-15354\"><a href=\"https:\/\/www.hullschool.ch\/de\/gymnasium\/uebersicht\/\" class=\"elementor-item\" tabindex=\"-1\">\u00dcbersicht<\/a><\/li>\n<li class=\"menu-item menu-item-type-post_type menu-item-object-page menu-item-has-children menu-item-15360\"><a href=\"\/de\/gymnasium\/curriculum\/faecher\/\" class=\"elementor-item\" tabindex=\"-1\">Curriculum<\/a>\n<ul class=\"sub-menu elementor-nav-menu--dropdown\">\n\t<li class=\"menu-item menu-item-type-post_type menu-item-object-page menu-item-15362\"><a href=\"https:\/\/www.hullschool.ch\/de\/gymnasium\/curriculum\/faecher\/\" class=\"elementor-sub-item\" tabindex=\"-1\">F\u00e4cher<\/a><\/li>\n\t<li class=\"menu-item menu-item-type-post_type menu-item-object-page menu-item-has-children menu-item-15357\"><a href=\"https:\/\/www.hullschool.ch\/de\/gymnasium\/curriculum\/ec1-english-college-year-1\/\" class=\"elementor-sub-item\" tabindex=\"-1\">EC1 (English College Year 1)<\/a>\n\t<ul class=\"sub-menu elementor-nav-menu--dropdown\">\n\t\t<li class=\"menu-item menu-item-type-post_type menu-item-object-page menu-item-15358\"><a href=\"https:\/\/www.hullschool.ch\/de\/gymnasium\/curriculum\/ec1-english-college-year-1\/aufnahme\/\" class=\"elementor-sub-item\" tabindex=\"-1\">Aufnahme<\/a><\/li>\n\t\t<li class=\"menu-item menu-item-type-post_type menu-item-object-page menu-item-15355\"><a href=\"https:\/\/www.hullschool.ch\/de\/gymnasium\/curriculum\/ec1-english-college-year-1\/curriculum\/\" class=\"elementor-sub-item\" tabindex=\"-1\">Curriculum<\/a><\/li>\n\t\t<li class=\"menu-item menu-item-type-post_type menu-item-object-page menu-item-15364\"><a href=\"https:\/\/www.hullschool.ch\/de\/gymnasium\/curriculum\/ec1-english-college-year-1\/faecher\/\" class=\"elementor-sub-item\" tabindex=\"-1\">F\u00e4cher<\/a><\/li>\n\t<\/ul>\n<\/li>\n\t<li class=\"menu-item menu-item-type-post_type menu-item-object-page menu-item-has-children menu-item-15366\"><a href=\"https:\/\/www.hullschool.ch\/de\/gymnasium\/curriculum\/ec2-english-college-year-2\/\" class=\"elementor-sub-item\" tabindex=\"-1\">EC2 (English College Year 2)<\/a>\n\t<ul class=\"sub-menu elementor-nav-menu--dropdown\">\n\t\t<li class=\"menu-item menu-item-type-post_type menu-item-object-page menu-item-15367\"><a href=\"https:\/\/www.hullschool.ch\/de\/gymnasium\/curriculum\/ec2-english-college-year-2\/eignung\/\" class=\"elementor-sub-item\" tabindex=\"-1\">Eignung<\/a><\/li>\n\t<\/ul>\n<\/li>\n\t<li class=\"menu-item menu-item-type-post_type menu-item-object-page menu-item-has-children menu-item-15369\"><a href=\"https:\/\/www.hullschool.ch\/de\/gymnasium\/curriculum\/ec3-english-college-year-3\/\" class=\"elementor-sub-item\" tabindex=\"-1\">EC3 (English College Year 3)<\/a>\n\t<ul class=\"sub-menu elementor-nav-menu--dropdown\">\n\t\t<li class=\"menu-item menu-item-type-post_type menu-item-object-page menu-item-15368\"><a href=\"https:\/\/www.hullschool.ch\/de\/gymnasium\/curriculum\/ec3-english-college-year-3\/eignung\/\" class=\"elementor-sub-item\" tabindex=\"-1\">Eignung<\/a><\/li>\n\t<\/ul>\n<\/li>\n\t<li class=\"menu-item menu-item-type-post_type menu-item-object-page menu-item-15370\"><a href=\"https:\/\/www.hullschool.ch\/de\/gymnasium\/curriculum\/ec4-english-college-year-4\/\" class=\"elementor-sub-item\" tabindex=\"-1\">EC4 (English College Year 4)<\/a><\/li>\n\t<li class=\"menu-item menu-item-type-post_type menu-item-object-page menu-item-15372\"><a href=\"https:\/\/www.hullschool.ch\/de\/gymnasium\/curriculum\/schulkalender-und-ferienplan\/\" class=\"elementor-sub-item\" tabindex=\"-1\">Schulkalender &amp; Ferienplan<\/a><\/li>\n<\/ul>\n<\/li>\n<li class=\"menu-item menu-item-type-post_type menu-item-object-page menu-item-15376\"><a href=\"https:\/\/www.hullschool.ch\/de\/gymnasium\/schulgeld\/\" class=\"elementor-item\" tabindex=\"-1\">Schulgeld<\/a><\/li>\n<li class=\"menu-item menu-item-type-post_type menu-item-object-page menu-item-15377\"><a href=\"https:\/\/www.hullschool.ch\/de\/gymnasium\/weitere-aktivitaeten\/\" class=\"elementor-item\" tabindex=\"-1\">Weitere Aktivit\u00e4ten<\/a><\/li>\n<li class=\"menu-item menu-item-type-post_type menu-item-object-page menu-item-has-children menu-item-15385\"><a href=\"\/de\/gymnasium\/anforderungen-universitaeten\/britische-matura\/\" class=\"elementor-item\" tabindex=\"-1\">Anforderungen Universit\u00e4ten<\/a>\n<ul class=\"sub-menu elementor-nav-menu--dropdown\">\n\t<li class=\"menu-item menu-item-type-post_type menu-item-object-page menu-item-15384\"><a href=\"https:\/\/www.hullschool.ch\/de\/gymnasium\/anforderungen-universitaeten\/britische-matura\/\" class=\"elementor-sub-item\" tabindex=\"-1\">Britische Matura<\/a><\/li>\n\t<li class=\"menu-item menu-item-type-post_type menu-item-object-page menu-item-15386\"><a href=\"https:\/\/www.hullschool.ch\/de\/gymnasium\/anforderungen-universitaeten\/noten\/\" class=\"elementor-sub-item\" tabindex=\"-1\">Noten<\/a><\/li>\n\t<li class=\"menu-item menu-item-type-post_type menu-item-object-page menu-item-15388\"><a href=\"https:\/\/www.hullschool.ch\/de\/gymnasium\/anforderungen-universitaeten\/schweiz\/\" class=\"elementor-sub-item\" tabindex=\"-1\">Schweiz<\/a><\/li>\n\t<li class=\"menu-item menu-item-type-post_type menu-item-object-page menu-item-15387\"><a href=\"https:\/\/www.hullschool.ch\/de\/gymnasium\/anforderungen-universitaeten\/ausland\/\" class=\"elementor-sub-item\" tabindex=\"-1\">Ausland<\/a><\/li>\n<\/ul>\n<\/li>\n<\/ul>\t\t\t<\/nav>\n\t\t\t\t\t\t<\/div>\n\t\t\t\t<\/div>\n\t\t\t\t<\/div>\n\t\t<div class=\"elementor-element elementor-element-c548b8b e-con-full e-flex e-con e-child\" data-id=\"c548b8b\" data-element_type=\"container\" data-e-type=\"container\">\n\t\t<div class=\"elementor-element elementor-element-67555326 e-con-full e-flex e-con e-child\" data-id=\"67555326\" data-element_type=\"container\" data-e-type=\"container\">\n\t\t\t\t<div class=\"elementor-element elementor-element-17f8e184 elementor-invisible elementor-widget elementor-widget-html\" data-id=\"17f8e184\" data-element_type=\"widget\" data-e-type=\"widget\" data-settings=\"{&quot;_animation&quot;:&quot;fadeInDown&quot;}\" data-widget_type=\"html.default\">\n\t\t\t\t<div class=\"elementor-widget-container\">\n\t\t\t\t\t<nav aria-label=\"breadcrumbs\" class=\"rank-math-breadcrumb\"><p><span class=\"last\">Home<\/span><\/p><\/nav>\t\t\t\t<\/div>\n\t\t\t\t<\/div>\n\t\t\t\t<div class=\"elementor-element elementor-element-d3efe8 titleafterstrich elementor-invisible elementor-widget elementor-widget-heading\" data-id=\"d3efe8\" data-element_type=\"widget\" data-e-type=\"widget\" data-settings=\"{&quot;_animation&quot;:&quot;fadeInDown&quot;}\" data-widget_type=\"heading.default\">\n\t\t\t\t<div class=\"elementor-widget-container\">\n\t\t\t\t\t<h1 class=\"elementor-heading-title elementor-size-default\">Gymnasium<\/h1>\t\t\t\t<\/div>\n\t\t\t\t<\/div>\n\t\t\t\t<div class=\"elementor-element elementor-element-3f670009 pad-t-s elementor-invisible elementor-widget elementor-widget-heading\" data-id=\"3f670009\" data-element_type=\"widget\" data-e-type=\"widget\" data-settings=\"{&quot;_animation&quot;:&quot;fadeInDown&quot;}\" data-widget_type=\"heading.default\">\n\t\t\t\t<div class=\"elementor-widget-container\">\n\t\t\t\t\t<h2 class=\"elementor-heading-title elementor-size-default\">English College\/High School students at Hull's School...<\/h2>\t\t\t\t<\/div>\n\t\t\t\t<\/div>\n\t\t\t\t<div class=\"elementor-element elementor-element-236a2093 linkmediumblue elementor-invisible elementor-widget elementor-widget-text-editor\" data-id=\"236a2093\" data-element_type=\"widget\" data-e-type=\"widget\" data-settings=\"{&quot;_animation&quot;:&quot;fadeInDown&quot;,&quot;_animation_delay&quot;:300}\" data-widget_type=\"text-editor.default\">\n\t\t\t\t<div class=\"elementor-widget-container\">\n\t\t\t\t\t\t\t\t\t<p>Das englische Kurzzeitgymnasium der Hull&#8217;s School dauert vier Jahre und f\u00fchrt die Sch\u00fclerschaft zur britischen Hochschulreife (International General Certificate of Secondary Education, A-Levels). Die meisten Sch\u00fcler absolvieren vor Eintritt ins Hull&#8217;s-School-Kurzzeitgymnasium das 9. Schuljahr an einer schweizerischen Sekundarschule.<\/p><p>\u00dcbertritte aus den schweizerischen Gymnasien und aus internationalen Schulen sind m\u00f6glich, sofern die sprachlichen und schulischen Vorkenntnisse dies erlauben.<\/p><p>Die britische Hochschulreife geniesst weltweit den wohl h\u00f6chsten Bekanntheitsgrad. Sie \u00f6ffnet die T\u00fcr zu s\u00e4mtlichen Hochschulen schweiz- und weltweit.<\/p><p>Das englische Kurzzeitgymnasium der Hull&#8217;s School bietet Lernenden diverse Vorteile:<\/p>\t\t\t\t\t\t\t\t<\/div>\n\t\t\t\t<\/div>\n\t\t\t\t<div class=\"elementor-element elementor-element-3311d90 linkmediumblue elementor-invisible elementor-widget elementor-widget-text-editor\" data-id=\"3311d90\" data-element_type=\"widget\" data-e-type=\"widget\" data-settings=\"{&quot;_animation&quot;:&quot;fadeInDown&quot;,&quot;_animation_delay&quot;:300}\" data-widget_type=\"text-editor.default\">\n\t\t\t\t<div class=\"elementor-widget-container\">\n\t\t\t\t\t\t\t\t\t<ul>\n<li>gute Allgemeinbildung in den ersten beiden Kurzzeitgymnasiumsjahren (EC1 und EC2)<\/li>\n<li>Fokussierung auf Schwerpunktf\u00e4cher in den letzten beiden Jahren des Kurzzeitgymnasiums (EC3 und EC4)<\/li>\n<li>pr\u00fcfungsfreier Zugang zu schweizerischen Universit\u00e4ten und Fachhochschulen<\/li>\n<li>pr\u00fcfungsfreier Zugang zu Universit\u00e4ten im&nbsp;Ausland<\/li>\n<li>motivierendes Lernumfeld und geordneter Schulbetrieb<\/li>\n<li>engagierter Lehrk\u00f6rper<\/li>\n<li>f\u00f6rdert die St\u00e4rken der Sch\u00fcler<\/li>\n<li>eignet sich auch f\u00fcr einseitig begabte Sch\u00fcler<\/li>\n<li>Unterricht in Kleinklassen (h\u00f6chstens&nbsp;18&nbsp;Sch\u00fcler)<\/li>\n<li>Deutschunterricht f\u00fcr Muttersprachige und weit Fortgeschrittene<\/li>\n<li>Franz\u00f6sischunterricht auf fortgeschrittenem Niveau<\/li>\n<li>Abschlusspr\u00fcfungen k\u00f6nnen mehrmals wiederholt werden (pro Fach)<\/li>\n<li>schulische und pers\u00f6nliche Betreuung<\/li>\n<li>St\u00fctzunterricht in Kernf\u00e4chern, falls Bedarf besteht<\/li>\n<li>Jedes Fach hat ein Microsoft-Team, in dem Informationen \u00fcber Unterricht und Hausaufgaben ver\u00f6ffentlicht werden<\/li>\n<\/ul>\t\t\t\t\t\t\t\t<\/div>\n\t\t\t\t<\/div>\n\t\t\t\t<div class=\"elementor-element elementor-element-7da2fe8 linkmediumblue elementor-invisible elementor-widget elementor-widget-text-editor\" data-id=\"7da2fe8\" data-element_type=\"widget\" data-e-type=\"widget\" data-settings=\"{&quot;_animation&quot;:&quot;fadeInDown&quot;,&quot;_animation_delay&quot;:300}\" data-widget_type=\"text-editor.default\">\n\t\t\t\t<div class=\"elementor-widget-container\">\n\t\t\t\t\t\t\t\t\t<p>Bitte kontaktieren Sie uns bei Fragen per E-Mail \u00fcber\u00a0<strong><a href=\"mailto:college@hullschool.ch\">college@hullschool.ch<\/a><\/strong>\u00a0oder rufen Sie uns an: <strong><a href=\"tel:+41 44 254 30 40\">044\u00a0254 30 40<\/a>.<\/strong><\/p><p><strong><a href=\"\/de\/Infoanlass\/\" target=\"_self\">Infoanl\u00e4sse<\/a><\/strong>\u00a0f\u00fchren wir in regelm\u00e4ssigen Abst\u00e4nden durch.<\/p>\t\t\t\t\t\t\t\t<\/div>\n\t\t\t\t<\/div>\n\t\t\t\t<div class=\"elementor-element elementor-element-ebdd2b5 linkmediumblue elementor-invisible elementor-widget elementor-widget-text-editor\" data-id=\"ebdd2b5\" data-element_type=\"widget\" data-e-type=\"widget\" data-settings=\"{&quot;_animation&quot;:&quot;fadeInDown&quot;,&quot;_animation_delay&quot;:300}\" data-widget_type=\"text-editor.default\">\n\t\t\t\t<div class=\"elementor-widget-container\">\n\t\t\t\t\t\t\t\t\t<ul><li><a href=\"\/de\/gymnasium\/curriculum\/ec1-english-college-year-1\/\"><strong>English College Year 1<\/strong><\/a> (UK Lower Fifth Form); auch bekannt als 10. Schuljahr (EC1)<\/li><li><a href=\"\/de\/gymnasium\/curriculum\/ec2-english-college-year-2\/\"><strong>English College Year 2<\/strong><\/a>\u00a0(UK Upper Fifth Form)\u00a0(EC2)<\/li><li><a href=\"\/de\/gymnasium\/curriculum\/ec3-english-college-year-3\/\"><strong>English College Year 3<\/strong><\/a>\u00a0(UK Lower Sixth Form)\u00a0(EC3)<\/li><li><a href=\"\/de\/gymnasium\/curriculum\/ec4-english-college-year-4\/\"><strong>English College Year 4<\/strong><\/a>\u00a0(UK Upper Sixth Form)\u00a0(EC4)<\/li><\/ul>\t\t\t\t\t\t\t\t<\/div>\n\t\t\t\t<\/div>\n\t\t\t\t<\/div>\n\t\t<div class=\"elementor-element elementor-element-1abea2fe e-con-full e-flex e-con e-child\" data-id=\"1abea2fe\" data-element_type=\"container\" data-e-type=\"container\">\n\t\t\t\t<\/div>\n\t\t\t\t<\/div>\n\t\t\t\t\t<\/div>\n\t\t\t\t<\/div>\n\t\t\t\t<\/div>\n\t\t\t\t<\/div>\n\t\t","protected":false},"excerpt":{"rendered":"<p>Das erste College der Schweiz mit einem englischen 10. Schuljahr Gymnasium English College\/High School students at Hull&#8217;s School&#8230; Das englische Kurzzeitgymnasium der Hull&#8217;s School dauert vier Jahre und f\u00fchrt die Sch\u00fclerschaft zur britischen Hochschulreife (International General Certificate of Secondary Education, A-Levels). Die meisten Sch\u00fcler absolvieren vor Eintritt ins Hull&#8217;s-School-Kurzzeitgymnasium das 9. Schuljahr an einer schweizerischen [&hellip;]<\/p>\n","protected":false},"author":1,"featured_media":0,"parent":0,"menu_order":5,"comment_status":"closed","ping_status":"closed","template":"elementor_header_footer","meta":{"footnotes":"","_links_to":"","_links_to_target":""},"class_list":["post-14999","page","type-page","status-publish","hentry"],"_links":{"self":[{"href":"https:\/\/www.hullschool.ch\/de\/wp-json\/wp\/v2\/pages\/14999","targetHints":{"allow":["GET"]}}],"collection":[{"href":"https:\/\/www.hullschool.ch\/de\/wp-json\/wp\/v2\/pages"}],"about":[{"href":"https:\/\/www.hullschool.ch\/de\/wp-json\/wp\/v2\/types\/page"}],"author":[{"embeddable":true,"href":"https:\/\/www.hullschool.ch\/de\/wp-json\/wp\/v2\/users\/1"}],"replies":[{"embeddable":true,"href":"https:\/\/www.hullschool.ch\/de\/wp-json\/wp\/v2\/comments?post=14999"}],"version-history":[{"count":0,"href":"https:\/\/www.hullschool.ch\/de\/wp-json\/wp\/v2\/pages\/14999\/revisions"}],"wp:attachment":[{"href":"https:\/\/www.hullschool.ch\/de\/wp-json\/wp\/v2\/media?parent=14999"}],"curies":[{"name":"wp","href":"https:\/\/api.w.org\/{rel}","templated":true}]}}