{"id":14991,"date":"2024-05-28T13:24:57","date_gmt":"2024-05-28T11:24:57","guid":{"rendered":"https:\/\/existing-lookandfeel.hullschool.ch\/?page_id=14991"},"modified":"2025-07-03T09:45:07","modified_gmt":"2025-07-03T07:45:07","slug":"schulgeld","status":"publish","type":"page","link":"https:\/\/www.hullschool.ch\/de\/10-schuljahr\/schulgeld\/","title":{"rendered":"Schulgeld"},"content":{"rendered":"\t\t<div data-elementor-type=\"wp-page\" data-elementor-id=\"14991\" class=\"elementor elementor-14991 elementor-12881\" data-elementor-post-type=\"page\">\n\t\t\t\t<div class=\"elementor-element elementor-element-56ba5fc3 e-con-full pad-tb-l-first e-flex e-con e-parent\" data-id=\"56ba5fc3\" data-element_type=\"container\" data-e-type=\"container\" data-settings=\"{&quot;background_background&quot;:&quot;classic&quot;}\">\n\t\t<div class=\"elementor-element elementor-element-2aac44e c-box e-flex e-con-boxed e-con e-child\" data-id=\"2aac44e\" data-element_type=\"container\" data-e-type=\"container\">\n\t\t\t\t\t<div class=\"e-con-inner\">\n\t\t<div class=\"elementor-element elementor-element-7f27104d e-con-full e-flex e-con e-child\" data-id=\"7f27104d\" data-element_type=\"container\" data-e-type=\"container\">\n\t\t\t\t<div class=\"elementor-element elementor-element-5599f658 elementor-invisible elementor-widget elementor-widget-heading\" data-id=\"5599f658\" data-element_type=\"widget\" data-e-type=\"widget\" data-settings=\"{&quot;_animation&quot;:&quot;fadeInDown&quot;,&quot;_animation_delay&quot;:200}\" data-widget_type=\"heading.default\">\n\t\t\t\t<div class=\"elementor-widget-container\">\n\t\t\t\t\t<p class=\"elementor-heading-title elementor-size-default\">Das erste College der Schweiz\nmit einem englischen 10. Schuljahr<\/p>\t\t\t\t<\/div>\n\t\t\t\t<\/div>\n\t\t\t\t<\/div>\n\t\t\t\t\t<\/div>\n\t\t\t\t<\/div>\n\t\t\t\t<\/div>\n\t\t<div class=\"elementor-element elementor-element-4cde15a1 e-con-full e-flex e-con e-parent\" data-id=\"4cde15a1\" data-element_type=\"container\" data-e-type=\"container\" data-settings=\"{&quot;background_background&quot;:&quot;classic&quot;}\">\n\t\t<div class=\"elementor-element elementor-element-5402337c c-box pad-tb-m e-flex e-con-boxed e-con e-child\" data-id=\"5402337c\" data-element_type=\"container\" data-e-type=\"container\" data-settings=\"{&quot;background_background&quot;:&quot;classic&quot;}\">\n\t\t\t\t\t<div class=\"e-con-inner\">\n\t\t<div class=\"elementor-element elementor-element-1691b246 e-con-full elementor-hidden-tablet elementor-hidden-mobile elementor-hidden-tablet_extra e-flex e-con e-child\" data-id=\"1691b246\" data-element_type=\"container\" data-e-type=\"container\" data-settings=\"{&quot;background_background&quot;:&quot;classic&quot;}\">\n\t\t\t\t<div class=\"elementor-element elementor-element-74ea9c8 verticalmenu elementor-nav-menu__text-align-aside elementor-widget elementor-widget-global elementor-global-12891 elementor-widget-nav-menu\" data-id=\"74ea9c8\" data-element_type=\"widget\" data-e-type=\"widget\" data-settings=\"{&quot;layout&quot;:&quot;dropdown&quot;,&quot;submenu_icon&quot;:{&quot;value&quot;:&quot;fas fa-chevron-down&quot;,&quot;library&quot;:&quot;fa-solid&quot;}}\" data-widget_type=\"nav-menu.default\">\n\t\t\t\t<div class=\"elementor-widget-container\">\n\t\t\t\t\t\t\t\t<nav class=\"elementor-nav-menu--dropdown elementor-nav-menu__container\" aria-hidden=\"true\">\n\t\t\t\t<ul id=\"menu-2-74ea9c8\" class=\"elementor-nav-menu\"><li class=\"menu-item menu-item-type-post_type menu-item-object-page menu-item-15348\"><a href=\"https:\/\/www.hullschool.ch\/de\/10-schuljahr\/faecher\/\" class=\"elementor-item\" tabindex=\"-1\">F\u00e4cher<\/a><\/li>\n<li class=\"menu-item menu-item-type-post_type menu-item-object-page menu-item-15349\"><a href=\"https:\/\/www.hullschool.ch\/de\/10-schuljahr\/ablauf\/\" class=\"elementor-item\" tabindex=\"-1\">Ablauf<\/a><\/li>\n<li class=\"menu-item menu-item-type-post_type menu-item-object-page menu-item-15350\"><a href=\"https:\/\/www.hullschool.ch\/de\/10-schuljahr\/mitarbeiter\/\" class=\"elementor-item\" tabindex=\"-1\">Mitarbeiter<\/a><\/li>\n<li class=\"menu-item menu-item-type-post_type menu-item-object-page menu-item-15351\"><a href=\"https:\/\/www.hullschool.ch\/de\/10-schuljahr\/schulgeld\/\" class=\"elementor-item\" tabindex=\"-1\">Schulgeld<\/a><\/li>\n<\/ul>\t\t\t<\/nav>\n\t\t\t\t\t\t<\/div>\n\t\t\t\t<\/div>\n\t\t\t\t<\/div>\n\t\t<div class=\"elementor-element elementor-element-6156dbba e-con-full e-flex e-con e-child\" data-id=\"6156dbba\" data-element_type=\"container\" data-e-type=\"container\">\n\t\t<div class=\"elementor-element elementor-element-7f09bc89 e-con-full e-flex e-con e-child\" data-id=\"7f09bc89\" data-element_type=\"container\" data-e-type=\"container\">\n\t\t\t\t<div class=\"elementor-element elementor-element-60ead68c elementor-invisible elementor-widget elementor-widget-html\" data-id=\"60ead68c\" data-element_type=\"widget\" data-e-type=\"widget\" data-settings=\"{&quot;_animation&quot;:&quot;fadeInDown&quot;}\" data-widget_type=\"html.default\">\n\t\t\t\t<div class=\"elementor-widget-container\">\n\t\t\t\t\t<nav aria-label=\"breadcrumbs\" class=\"rank-math-breadcrumb\"><p><span class=\"last\">Home<\/span><\/p><\/nav>\t\t\t\t<\/div>\n\t\t\t\t<\/div>\n\t\t\t\t<div class=\"elementor-element elementor-element-10f47e5d titleafterstrich elementor-invisible elementor-widget elementor-widget-heading\" data-id=\"10f47e5d\" data-element_type=\"widget\" data-e-type=\"widget\" data-settings=\"{&quot;_animation&quot;:&quot;fadeInDown&quot;}\" data-widget_type=\"heading.default\">\n\t\t\t\t<div class=\"elementor-widget-container\">\n\t\t\t\t\t<h1 class=\"elementor-heading-title elementor-size-default\">Schulgeld<\/h1>\t\t\t\t<\/div>\n\t\t\t\t<\/div>\n\t\t\t\t<div class=\"elementor-element elementor-element-1ba87f2c pad-t-s elementor-invisible elementor-widget elementor-widget-heading\" data-id=\"1ba87f2c\" data-element_type=\"widget\" data-e-type=\"widget\" data-settings=\"{&quot;_animation&quot;:&quot;fadeInDown&quot;}\" data-widget_type=\"heading.default\">\n\t\t\t\t<div class=\"elementor-widget-container\">\n\t\t\t\t\t<h2 class=\"elementor-heading-title elementor-size-default\">Schuljahr 2025\/26<\/h2>\t\t\t\t<\/div>\n\t\t\t\t<\/div>\n\t\t<div class=\"elementor-element elementor-element-2f7b00e0 e-con-full c-box  e-flex e-con e-child\" data-id=\"2f7b00e0\" data-element_type=\"container\" data-e-type=\"container\">\n\t\t<div class=\"elementor-element elementor-element-4e079fdc e-con-full e-flex e-con e-child\" data-id=\"4e079fdc\" data-element_type=\"container\" data-e-type=\"container\">\n\t\t\t\t<div class=\"elementor-element elementor-element-4f91322a elementor-invisible elementor-widget elementor-widget-heading\" data-id=\"4f91322a\" data-element_type=\"widget\" data-e-type=\"widget\" data-settings=\"{&quot;_animation&quot;:&quot;fadeInDown&quot;}\" data-widget_type=\"heading.default\">\n\t\t\t\t<div class=\"elementor-widget-container\">\n\t\t\t\t\t<h2 class=\"elementor-heading-title elementor-size-default\"> Einmalige Einschreibegeb\u00fchr<\/h2>\t\t\t\t<\/div>\n\t\t\t\t<\/div>\n\t\t\t\t<\/div>\n\t\t<div class=\"elementor-element elementor-element-3efb6e96 e-con-full e-flex e-con e-child\" data-id=\"3efb6e96\" data-element_type=\"container\" data-e-type=\"container\">\n\t\t\t\t<div class=\"elementor-element elementor-element-471101f6 linkmediumblue elementor-invisible elementor-widget elementor-widget-text-editor\" data-id=\"471101f6\" data-element_type=\"widget\" data-e-type=\"widget\" data-settings=\"{&quot;_animation&quot;:&quot;fadeInDown&quot;,&quot;_animation_delay&quot;:300}\" data-widget_type=\"text-editor.default\">\n\t\t\t\t<div class=\"elementor-widget-container\">\n\t\t\t\t\t\t\t\t\t<p>CHF 750.\u2013<\/p>\t\t\t\t\t\t\t\t<\/div>\n\t\t\t\t<\/div>\n\t\t\t\t<\/div>\n\t\t\t\t<\/div>\n\t\t<div class=\"elementor-element elementor-element-1c8440b5 e-con-full c-box  e-flex e-con e-child\" data-id=\"1c8440b5\" data-element_type=\"container\" data-e-type=\"container\">\n\t\t<div class=\"elementor-element elementor-element-5602fd24 e-con-full e-flex e-con e-child\" data-id=\"5602fd24\" data-element_type=\"container\" data-e-type=\"container\">\n\t\t\t\t<div class=\"elementor-element elementor-element-5be81cd9 elementor-invisible elementor-widget elementor-widget-heading\" data-id=\"5be81cd9\" data-element_type=\"widget\" data-e-type=\"widget\" data-settings=\"{&quot;_animation&quot;:&quot;fadeInDown&quot;}\" data-widget_type=\"heading.default\">\n\t\t\t\t<div class=\"elementor-widget-container\">\n\t\t\t\t\t<h2 class=\"elementor-heading-title elementor-size-default\">Schulgeld<\/h2>\t\t\t\t<\/div>\n\t\t\t\t<\/div>\n\t\t\t\t<\/div>\n\t\t<div class=\"elementor-element elementor-element-1ee8e4b6 e-con-full e-flex e-con e-child\" data-id=\"1ee8e4b6\" data-element_type=\"container\" data-e-type=\"container\" data-settings=\"{&quot;background_background&quot;:&quot;classic&quot;}\">\n\t\t\t\t<div class=\"elementor-element elementor-element-255baeac linkmediumblue elementor-invisible elementor-widget elementor-widget-text-editor\" data-id=\"255baeac\" data-element_type=\"widget\" data-e-type=\"widget\" data-settings=\"{&quot;_animation&quot;:&quot;fadeInDown&quot;,&quot;_animation_delay&quot;:300}\" data-widget_type=\"text-editor.default\">\n\t\t\t\t<div class=\"elementor-widget-container\">\n\t\t\t\t\t\t\t\t\t<p>CHF 29&#8217;400.\u2013 pro Jahr,&nbsp;in&nbsp;<b>12 Monatsraten<\/b> \u00e0 CHF 2&#8217;450.\u2013<\/p>\t\t\t\t\t\t\t\t<\/div>\n\t\t\t\t<\/div>\n\t\t\t\t<\/div>\n\t\t\t\t<\/div>\n\t\t<div class=\"elementor-element elementor-element-79924bda e-con-full c-box  e-flex e-con e-child\" data-id=\"79924bda\" data-element_type=\"container\" data-e-type=\"container\">\n\t\t<div class=\"elementor-element elementor-element-223e1d8 e-con-full e-flex e-con e-child\" data-id=\"223e1d8\" data-element_type=\"container\" data-e-type=\"container\">\n\t\t\t\t<div class=\"elementor-element elementor-element-27839697 elementor-invisible elementor-widget elementor-widget-heading\" data-id=\"27839697\" data-element_type=\"widget\" data-e-type=\"widget\" data-settings=\"{&quot;_animation&quot;:&quot;fadeInDown&quot;}\" data-widget_type=\"heading.default\">\n\t\t\t\t<div class=\"elementor-widget-container\">\n\t\t\t\t\t<h2 class=\"elementor-heading-title elementor-size-default\">Nebenkosten<\/h2>\t\t\t\t<\/div>\n\t\t\t\t<\/div>\n\t\t\t\t<\/div>\n\t\t<div class=\"elementor-element elementor-element-610e3fc6 e-con-full e-flex e-con e-child\" data-id=\"610e3fc6\" data-element_type=\"container\" data-e-type=\"container\">\n\t\t\t\t<div class=\"elementor-element elementor-element-19312b38 linkmediumblue elementor-invisible elementor-widget elementor-widget-text-editor\" data-id=\"19312b38\" data-element_type=\"widget\" data-e-type=\"widget\" data-settings=\"{&quot;_animation&quot;:&quot;fadeInDown&quot;,&quot;_animation_delay&quot;:300}\" data-widget_type=\"text-editor.default\">\n\t\t\t\t<div class=\"elementor-widget-container\">\n\t\t\t\t\t\t\t\t\t<p>CHF\u00a0 \u00a01&#8217;400.\u2013,\u00a0<b>zahlbar am Anfang des Jahres<\/b><\/p>\t\t\t\t\t\t\t\t<\/div>\n\t\t\t\t<\/div>\n\t\t\t\t<\/div>\n\t\t\t\t<\/div>\n\t\t\t\t<div class=\"elementor-element elementor-element-7b149902 pad-t-s elementor-invisible elementor-widget elementor-widget-heading\" data-id=\"7b149902\" data-element_type=\"widget\" data-e-type=\"widget\" data-settings=\"{&quot;_animation&quot;:&quot;fadeInDown&quot;}\" data-widget_type=\"heading.default\">\n\t\t\t\t<div class=\"elementor-widget-container\">\n\t\t\t\t\t<h3 class=\"elementor-heading-title elementor-size-default\">Im Schulgeld inbegriffen sind:<\/h3>\t\t\t\t<\/div>\n\t\t\t\t<\/div>\n\t\t\t\t<div class=\"elementor-element elementor-element-55369857 linkmediumblue elementor-invisible elementor-widget elementor-widget-text-editor\" data-id=\"55369857\" data-element_type=\"widget\" data-e-type=\"widget\" data-settings=\"{&quot;_animation&quot;:&quot;fadeInDown&quot;,&quot;_animation_delay&quot;:300}\" data-widget_type=\"text-editor.default\">\n\t\t\t\t<div class=\"elementor-widget-container\">\n\t\t\t\t\t\t\t\t\t<ul><li style=\"font-size: 21px;\">alle Unterrichtsstunden&nbsp;mit maximal 16 Sch\u00fclern pro Klasse<\/li><li style=\"font-size: 21px;\">Gruppenunterricht durch Lehrer. Nachhilfestunden in allen F\u00e4chern und Jahrgangsstufen sind in den Geb\u00fchren enthalten.&nbsp;<\/li><li style=\"font-size: 21px;\">Wir bieten \u00fcber 20 Clubs und ausserschulische Aktivit\u00e4ten an, darunter unter anderem: English Drama Club, Journalism Club, Ball Committee, Debate Club, Music Club, Art Club und Enterprise Club<\/li><\/ul>\t\t\t\t\t\t\t\t<\/div>\n\t\t\t\t<\/div>\n\t\t\t\t<div class=\"elementor-element elementor-element-1e6f1ca0 elementor-invisible elementor-widget elementor-widget-heading\" data-id=\"1e6f1ca0\" data-element_type=\"widget\" data-e-type=\"widget\" data-settings=\"{&quot;_animation&quot;:&quot;fadeInDown&quot;}\" data-widget_type=\"heading.default\">\n\t\t\t\t<div class=\"elementor-widget-container\">\n\t\t\t\t\t<h3 class=\"elementor-heading-title elementor-size-default\">In den Nebenkosten inbegriffen sind:<\/h3>\t\t\t\t<\/div>\n\t\t\t\t<\/div>\n\t\t\t\t<div class=\"elementor-element elementor-element-28fdaec8 linkmediumblue elementor-invisible elementor-widget elementor-widget-text-editor\" data-id=\"28fdaec8\" data-element_type=\"widget\" data-e-type=\"widget\" data-settings=\"{&quot;_animation&quot;:&quot;fadeInDown&quot;,&quot;_animation_delay&quot;:300}\" data-widget_type=\"text-editor.default\">\n\t\t\t\t<div class=\"elementor-widget-container\">\n\t\t\t\t\t\t\t\t\t<ul>\n<li><span lang=\"DE-CH\">B\u00fccher und Unterrichtsmaterialien<\/span><\/li>\n<li><span lang=\"DE-CH\">T<\/span>agesausfl\u00fcge und Schulveranstaltungen<\/li>\n<li><span style=\"background-color: transparent; letter-spacing: -0.2px;\">Die&nbsp;<\/span><span style=\"background-color: transparent; letter-spacing: -0.2px;\">folgenden Schulausfl\u00fcge und Veranstaltungen werden durch die Schulgeburen&nbsp;<\/span><span style=\"background-color: transparent; letter-spacing: -0.2px;\">Kosten abgedeck<\/span><\/li>\n<\/ul>\n<p style=\"letter-spacing: -0.2px;\">&nbsp;<\/p>\n<p style=\"letter-spacing: -0.2px;\">Alle Jahrg\u00e4nge \u2013 Wandertag, Eislauftag, Skitag, Sporttag und Schulball<\/p>\n<p style=\"letter-spacing: -0.2px;\">Ebenfalls inbegriffen sind alle Universit\u00e4tspr\u00e4sentationen<\/p>\n<p style=\"letter-spacing: -0.2px;\">EC1 \u2013 Kunst und Design und Kulturausstellungen (wenn vorhanden), Tonhalle Late und Technorama.<\/p>\t\t\t\t\t\t\t\t<\/div>\n\t\t\t\t<\/div>\n\t\t\t\t<div class=\"elementor-element elementor-element-446da084 elementor-invisible elementor-widget elementor-widget-heading\" data-id=\"446da084\" data-element_type=\"widget\" data-e-type=\"widget\" data-settings=\"{&quot;_animation&quot;:&quot;fadeInDown&quot;}\" data-widget_type=\"heading.default\">\n\t\t\t\t<div class=\"elementor-widget-container\">\n\t\t\t\t\t<h3 class=\"elementor-heading-title elementor-size-default\">Nicht im Schulgeld inbegriffen sind:<\/h3>\t\t\t\t<\/div>\n\t\t\t\t<\/div>\n\t\t\t\t<div class=\"elementor-element elementor-element-16f620a2 linkmediumblue elementor-invisible elementor-widget elementor-widget-text-editor\" data-id=\"16f620a2\" data-element_type=\"widget\" data-e-type=\"widget\" data-settings=\"{&quot;_animation&quot;:&quot;fadeInDown&quot;,&quot;_animation_delay&quot;:300}\" data-widget_type=\"text-editor.default\">\n\t\t\t\t<div class=\"elementor-widget-container\">\n\t\t\t\t\t\t\t\t\t<ul><li>Pr\u00fcfungsgeb\u00fchren (Pearson Edexcel, Cambridge, und andere). F\u00fcr weitere Informationen kontaktieren Sie bitte unser Examinations Team unter exams@hullschool.ch<\/li><li>Privatunterricht durch Mitarbeiter der Schule<\/li><li>J\u00e4hrliche viert\u00e4gige Reise nach London f\u00fcr EC2-Sch\u00fcler*<\/li><li style=\"list-style-type: none;\">&nbsp;<\/li><\/ul><p style=\"letter-spacing: -0.2px;\"><span style=\"background-color: transparent; letter-spacing: -0.2px;\">D<\/span><span style=\"background-color: transparent; letter-spacing: -0.2px;\">ie oben genannten Geb\u00fchren gelten f\u00fcr das akademische Jahr 2025\/26. Die Schule beh\u00e4lt sich das Recht vor, die Geb\u00fchren in den Folgejahren anzupassen<\/span><\/p><p style=\"letter-spacing: -0.2px;\">Wir m\u00f6chten Sie darauf aufmerksam machen, dass wir den Sch\u00fcern weitere Reisen mit \u00dcbrnachtungen anbieten, f\u00fcr welche die Kosten nicht im Schulgeld imbegriffen sind und zus\u00e4tzlich verrechnet werden. 2024 haben wir zum Beispiel eine interessante, 4-t\u00e4gige Geschichtsreise um B\u00fcrgerrechte zu studieren nach Atlanta, Georgia angeboten.<\/p>\t\t\t\t\t\t\t\t<\/div>\n\t\t\t\t<\/div>\n\t\t\t\t<\/div>\n\t\t\t\t<\/div>\n\t\t\t\t\t<\/div>\n\t\t\t\t<\/div>\n\t\t\t\t<\/div>\n\t\t\t\t<\/div>\n\t\t","protected":false},"excerpt":{"rendered":"<p>Das erste College der Schweiz mit einem englischen 10. Schuljahr Schulgeld Schuljahr 2025\/26 Einmalige Einschreibegeb\u00fchr CHF 750.\u2013 Schulgeld CHF 29&#8217;400.\u2013 pro Jahr,&nbsp;in&nbsp;12 Monatsraten \u00e0 CHF 2&#8217;450.\u2013 Nebenkosten CHF\u00a0 \u00a01&#8217;400.\u2013,\u00a0zahlbar am Anfang des Jahres Im Schulgeld inbegriffen sind: alle Unterrichtsstunden&nbsp;mit maximal 16 Sch\u00fclern pro Klasse Gruppenunterricht durch Lehrer. Nachhilfestunden in allen F\u00e4chern und Jahrgangsstufen sind in [&hellip;]<\/p>\n","protected":false},"author":1,"featured_media":0,"parent":14955,"menu_order":3,"comment_status":"closed","ping_status":"closed","template":"","meta":{"footnotes":"","_links_to":"","_links_to_target":""},"class_list":["post-14991","page","type-page","status-publish","hentry"],"_links":{"self":[{"href":"https:\/\/www.hullschool.ch\/de\/wp-json\/wp\/v2\/pages\/14991","targetHints":{"allow":["GET"]}}],"collection":[{"href":"https:\/\/www.hullschool.ch\/de\/wp-json\/wp\/v2\/pages"}],"about":[{"href":"https:\/\/www.hullschool.ch\/de\/wp-json\/wp\/v2\/types\/page"}],"author":[{"embeddable":true,"href":"https:\/\/www.hullschool.ch\/de\/wp-json\/wp\/v2\/users\/1"}],"replies":[{"embeddable":true,"href":"https:\/\/www.hullschool.ch\/de\/wp-json\/wp\/v2\/comments?post=14991"}],"version-history":[{"count":0,"href":"https:\/\/www.hullschool.ch\/de\/wp-json\/wp\/v2\/pages\/14991\/revisions"}],"up":[{"embeddable":true,"href":"https:\/\/www.hullschool.ch\/de\/wp-json\/wp\/v2\/pages\/14955"}],"wp:attachment":[{"href":"https:\/\/www.hullschool.ch\/de\/wp-json\/wp\/v2\/media?parent=14991"}],"curies":[{"name":"wp","href":"https:\/\/api.w.org\/{rel}","templated":true}]}}