{"id":14955,"date":"2024-05-28T13:15:08","date_gmt":"2024-05-28T11:15:08","guid":{"rendered":"https:\/\/existing-lookandfeel.hullschool.ch\/?page_id=14955"},"modified":"2025-07-03T10:08:34","modified_gmt":"2025-07-03T08:08:34","slug":"10-schuljahr","status":"publish","type":"page","link":"https:\/\/www.hullschool.ch\/de\/10-schuljahr\/","title":{"rendered":"10. Schuljahr"},"content":{"rendered":"\t\t<div data-elementor-type=\"wp-page\" data-elementor-id=\"14955\" class=\"elementor elementor-14955 elementor-12843\" data-elementor-post-type=\"page\">\n\t\t\t\t<div class=\"elementor-element elementor-element-2d51b6df e-con-full pad-tb-l-first e-flex e-con e-parent\" data-id=\"2d51b6df\" data-element_type=\"container\" data-e-type=\"container\" data-settings=\"{&quot;background_background&quot;:&quot;classic&quot;}\">\n\t\t<div class=\"elementor-element elementor-element-5b602658 c-box e-flex e-con-boxed e-con e-child\" data-id=\"5b602658\" data-element_type=\"container\" data-e-type=\"container\">\n\t\t\t\t\t<div class=\"e-con-inner\">\n\t\t<div class=\"elementor-element elementor-element-462d0acf e-con-full e-flex e-con e-child\" data-id=\"462d0acf\" data-element_type=\"container\" data-e-type=\"container\">\n\t\t\t\t<div class=\"elementor-element elementor-element-21981561 elementor-invisible elementor-widget elementor-widget-heading\" data-id=\"21981561\" data-element_type=\"widget\" data-e-type=\"widget\" data-settings=\"{&quot;_animation&quot;:&quot;fadeInDown&quot;,&quot;_animation_delay&quot;:200}\" data-widget_type=\"heading.default\">\n\t\t\t\t<div class=\"elementor-widget-container\">\n\t\t\t\t\t<p class=\"elementor-heading-title elementor-size-default\">Das erste College der Schweiz\nmit einem englischen 10. Schuljahr<\/p>\t\t\t\t<\/div>\n\t\t\t\t<\/div>\n\t\t\t\t<\/div>\n\t\t\t\t\t<\/div>\n\t\t\t\t<\/div>\n\t\t\t\t<\/div>\n\t\t<div class=\"elementor-element elementor-element-7d30885f e-con-full e-flex e-con e-parent\" data-id=\"7d30885f\" data-element_type=\"container\" data-e-type=\"container\" data-settings=\"{&quot;background_background&quot;:&quot;classic&quot;}\">\n\t\t<div class=\"elementor-element elementor-element-4bf29583 c-box pad-tb-m e-flex e-con-boxed e-con e-child\" data-id=\"4bf29583\" data-element_type=\"container\" data-e-type=\"container\" data-settings=\"{&quot;background_background&quot;:&quot;classic&quot;}\">\n\t\t\t\t\t<div class=\"e-con-inner\">\n\t\t<div class=\"elementor-element elementor-element-73f6bb53 e-con-full elementor-hidden-tablet elementor-hidden-mobile elementor-hidden-tablet_extra e-flex e-con e-child\" data-id=\"73f6bb53\" data-element_type=\"container\" data-e-type=\"container\" data-settings=\"{&quot;background_background&quot;:&quot;classic&quot;}\">\n\t\t\t\t<div class=\"elementor-element elementor-element-c780a33 verticalmenu elementor-nav-menu__text-align-aside elementor-widget elementor-widget-global elementor-global-12891 elementor-widget-nav-menu\" data-id=\"c780a33\" data-element_type=\"widget\" data-e-type=\"widget\" data-settings=\"{&quot;layout&quot;:&quot;dropdown&quot;,&quot;submenu_icon&quot;:{&quot;value&quot;:&quot;fas fa-chevron-down&quot;,&quot;library&quot;:&quot;fa-solid&quot;}}\" data-widget_type=\"nav-menu.default\">\n\t\t\t\t<div class=\"elementor-widget-container\">\n\t\t\t\t\t\t\t\t<nav class=\"elementor-nav-menu--dropdown elementor-nav-menu__container\" aria-hidden=\"true\">\n\t\t\t\t<ul id=\"menu-2-c780a33\" class=\"elementor-nav-menu\"><li class=\"menu-item menu-item-type-post_type menu-item-object-page menu-item-15348\"><a href=\"https:\/\/www.hullschool.ch\/de\/10-schuljahr\/faecher\/\" class=\"elementor-item\" tabindex=\"-1\">F\u00e4cher<\/a><\/li>\n<li class=\"menu-item menu-item-type-post_type menu-item-object-page menu-item-15349\"><a href=\"https:\/\/www.hullschool.ch\/de\/10-schuljahr\/ablauf\/\" class=\"elementor-item\" tabindex=\"-1\">Ablauf<\/a><\/li>\n<li class=\"menu-item menu-item-type-post_type menu-item-object-page menu-item-15350\"><a href=\"https:\/\/www.hullschool.ch\/de\/10-schuljahr\/mitarbeiter\/\" class=\"elementor-item\" tabindex=\"-1\">Mitarbeiter<\/a><\/li>\n<li class=\"menu-item menu-item-type-post_type menu-item-object-page menu-item-15351\"><a href=\"https:\/\/www.hullschool.ch\/de\/10-schuljahr\/schulgeld\/\" class=\"elementor-item\" tabindex=\"-1\">Schulgeld<\/a><\/li>\n<\/ul>\t\t\t<\/nav>\n\t\t\t\t\t\t<\/div>\n\t\t\t\t<\/div>\n\t\t\t\t<\/div>\n\t\t<div class=\"elementor-element elementor-element-1fe32faf e-con-full e-flex e-con e-child\" data-id=\"1fe32faf\" data-element_type=\"container\" data-e-type=\"container\">\n\t\t<div class=\"elementor-element elementor-element-3f216f01 e-con-full e-flex e-con e-child\" data-id=\"3f216f01\" data-element_type=\"container\" data-e-type=\"container\">\n\t\t\t\t<div class=\"elementor-element elementor-element-2161f577 elementor-invisible elementor-widget elementor-widget-html\" data-id=\"2161f577\" data-element_type=\"widget\" data-e-type=\"widget\" data-settings=\"{&quot;_animation&quot;:&quot;fadeInDown&quot;}\" data-widget_type=\"html.default\">\n\t\t\t\t<div class=\"elementor-widget-container\">\n\t\t\t\t\t<nav aria-label=\"breadcrumbs\" class=\"rank-math-breadcrumb\"><p><span class=\"last\">Home<\/span><\/p><\/nav>\t\t\t\t<\/div>\n\t\t\t\t<\/div>\n\t\t\t\t<div class=\"elementor-element elementor-element-677e8b9d titleafterstrich elementor-invisible elementor-widget elementor-widget-heading\" data-id=\"677e8b9d\" data-element_type=\"widget\" data-e-type=\"widget\" data-settings=\"{&quot;_animation&quot;:&quot;fadeInDown&quot;}\" data-widget_type=\"heading.default\">\n\t\t\t\t<div class=\"elementor-widget-container\">\n\t\t\t\t\t<h1 class=\"elementor-heading-title elementor-size-default\">10. Schuljahr<\/h1>\t\t\t\t<\/div>\n\t\t\t\t<\/div>\n\t\t\t\t<div class=\"elementor-element elementor-element-292e1e0f pad-t-s elementor-invisible elementor-widget elementor-widget-heading\" data-id=\"292e1e0f\" data-element_type=\"widget\" data-e-type=\"widget\" data-settings=\"{&quot;_animation&quot;:&quot;fadeInDown&quot;}\" data-widget_type=\"heading.default\">\n\t\t\t\t<div class=\"elementor-widget-container\">\n\t\t\t\t\t<h2 class=\"elementor-heading-title elementor-size-default\">\u00dcberblick: Year 10 \/ EC1 (10. Schuljahr des englischen Bildungssystems)<\/h2>\t\t\t\t<\/div>\n\t\t\t\t<\/div>\n\t\t\t\t<div class=\"elementor-element elementor-element-6c11dd1d linkmediumblue elementor-invisible elementor-widget elementor-widget-text-editor\" data-id=\"6c11dd1d\" data-element_type=\"widget\" data-e-type=\"widget\" data-settings=\"{&quot;_animation&quot;:&quot;fadeInDown&quot;,&quot;_animation_delay&quot;:300}\" data-widget_type=\"text-editor.default\">\n\t\t\t\t<div class=\"elementor-widget-container\">\n\t\t\t\t\t\t\t\t\t<p>Die Hull&#8217;s School ist das erste englische College der Schweiz f\u00fcr Jugendliche aus CH und internationalen Familien. Das erste Jahr des vierj\u00e4hrigen Collegeprogramms wird, wie an britischen Schulen \u00fcblich, Year 10 genannt. Es eignet sich f\u00fcr Sch\u00fcler, welche eine CH Sekundarschule besucht haben (3. Sek, in Ausnahmen 2. Sek), wie auch f\u00fcr Jugendliche aus bilingualen und internationalen Schulen. \u00a0Das Programm ist nach dem Vorbild der britischen Lower Fifth Form aufgebaut. Alle F\u00e4cher werden auf Englisch unterrichtet, mit Ausnahme von Franz\u00f6sisch und Deutsch. Erfolgreiche Sch\u00fcler bereiten sich weitere drei Jahre auf die britische Hochschulreife vor (IGCSE und A-Levels).<\/p>\t\t\t\t\t\t\t\t<\/div>\n\t\t\t\t<\/div>\n\t\t\t\t<div class=\"elementor-element elementor-element-55ee9ff4 elementor-invisible elementor-widget elementor-widget-heading\" data-id=\"55ee9ff4\" data-element_type=\"widget\" data-e-type=\"widget\" data-settings=\"{&quot;_animation&quot;:&quot;fadeInDown&quot;}\" data-widget_type=\"heading.default\">\n\t\t\t\t<div class=\"elementor-widget-container\">\n\t\t\t\t\t<h3 class=\"elementor-heading-title elementor-size-default\">Vorteile<\/h3>\t\t\t\t<\/div>\n\t\t\t\t<\/div>\n\t\t\t\t<div class=\"elementor-element elementor-element-4c26f21f linkmediumblue elementor-invisible elementor-widget elementor-widget-text-editor\" data-id=\"4c26f21f\" data-element_type=\"widget\" data-e-type=\"widget\" data-settings=\"{&quot;_animation&quot;:&quot;fadeInDown&quot;,&quot;_animation_delay&quot;:300}\" data-widget_type=\"text-editor.default\">\n\t\t\t\t<div class=\"elementor-widget-container\">\n\t\t\t\t\t\t\t\t\t<ul>\n<li>erfolgreiche Sch\u00fcler bestehen in drei weiteren Jahren die britische Hochschulreife (IGCSE, A-Levels) und studieren danach an Universit\u00e4ten in der Schweiz oder im Ausland.<\/li>\n<li>ein motivierendes Umfeld f\u00fcr Jugendliche, die lernen wollen.<\/li>\n<li>geeignet f\u00fcr Sch\u00fclerinnen und Sch\u00fcler, die den schweizerischen Sekundarschullehrplan (Sek A) absolviert haben.<\/li>\n<li>geeignet f\u00fcr Sch\u00fclerinnen und Sch\u00fcler, die in der Schweiz oder im Ausland an internationalen Schulen oder an Schulen nach dem britischen Lehrplan unterrichtet wurden.<\/li>\n<li>kleine Klassen mit maximal 16 Sch\u00fclern.<\/li>\n<li>englischsprachige Lehrer, die sich f\u00fcr den Erfolg ihrer Sch\u00fcler einsetzen.<\/li>\n<li>muttersprachliche Lehrer f\u00fcr moderne Sprachen.<\/li>\n<li>internationale Zertifikate (Cambridge First, IGCSE Franz\u00f6sisch).<\/li>\n<li>schulische und p\u00e4dagogische Betreuung.<\/li>\n<li>Coaching in Kernf\u00e4chern f\u00fcr Sch\u00fcler, die weitere Hilfe ben\u00f6tigen.<\/li>\n<li>jedes Fach hat ein Microsoft-Team, in dem Informationen \u00fcber Unterricht und Hausaufgaben ver\u00f6ffentlicht werden.<\/li>\n<\/ul>\t\t\t\t\t\t\t\t<\/div>\n\t\t\t\t<\/div>\n\t\t\t\t<div class=\"elementor-element elementor-element-1fcc78c2 linkmediumblue elementor-invisible elementor-widget elementor-widget-text-editor\" data-id=\"1fcc78c2\" data-element_type=\"widget\" data-e-type=\"widget\" data-settings=\"{&quot;_animation&quot;:&quot;fadeInDown&quot;,&quot;_animation_delay&quot;:300}\" data-widget_type=\"text-editor.default\">\n\t\t\t\t<div class=\"elementor-widget-container\">\n\t\t\t\t\t\t\t\t\t<p>Wenn Sie Fragen haben, wenden Sie sich bitte per E-Mail an <strong><a href=\"mailto:college@hullschool.ch\">college@hullschool.ch<\/a><\/strong> oder erreichen Sie uns unter Tel.\u00a0<strong><a href=\"tel:+41442543040\">044\u00a0254 30 40<\/a><\/strong>.<\/p><p>Sie sind auch herzlich eingeladen, unsere <strong><a href=\"\/de\/infoanlass\/\">Info-Veranstaltung<\/a><\/strong> zu besuchen.<\/p>\t\t\t\t\t\t\t\t<\/div>\n\t\t\t\t<\/div>\n\t\t\t\t<div class=\"elementor-element elementor-element-6aeb86d1 elementor-widget elementor-widget-image\" data-id=\"6aeb86d1\" data-element_type=\"widget\" data-e-type=\"widget\" data-widget_type=\"image.default\">\n\t\t\t\t<div class=\"elementor-widget-container\">\n\t\t\t\t\t\t\t\t\t\t\t\t\t\t\t<img fetchpriority=\"high\" decoding=\"async\" width=\"1600\" height=\"700\" src=\"https:\/\/www.hullschool.ch\/wp-content\/uploads\/hullschool-classes.jpg\" class=\"attachment-full size-full wp-image-12895\" alt=\"\" srcset=\"https:\/\/www.hullschool.ch\/wp-content\/uploads\/hullschool-classes.jpg 1600w, https:\/\/www.hullschool.ch\/wp-content\/uploads\/hullschool-classes-300x131.jpg 300w, https:\/\/www.hullschool.ch\/wp-content\/uploads\/hullschool-classes-1024x448.jpg 1024w, https:\/\/www.hullschool.ch\/wp-content\/uploads\/hullschool-classes-768x336.jpg 768w, https:\/\/www.hullschool.ch\/wp-content\/uploads\/hullschool-classes-1536x672.jpg 1536w\" sizes=\"(max-width: 1600px) 100vw, 1600px\" \/>\t\t\t\t\t\t\t\t\t\t\t\t\t\t\t<\/div>\n\t\t\t\t<\/div>\n\t\t\t\t<\/div>\n\t\t\t\t<\/div>\n\t\t\t\t\t<\/div>\n\t\t\t\t<\/div>\n\t\t\t\t<\/div>\n\t\t\t\t<\/div>\n\t\t","protected":false},"excerpt":{"rendered":"<p>Das erste College der Schweiz mit einem englischen 10. Schuljahr 10. Schuljahr \u00dcberblick: Year 10 \/ EC1 (10. Schuljahr des englischen Bildungssystems) Die Hull&#8217;s School ist das erste englische College der Schweiz f\u00fcr Jugendliche aus CH und internationalen Familien. Das erste Jahr des vierj\u00e4hrigen Collegeprogramms wird, wie an britischen Schulen \u00fcblich, Year 10 genannt. Es [&hellip;]<\/p>\n","protected":false},"author":1,"featured_media":0,"parent":0,"menu_order":4,"comment_status":"closed","ping_status":"closed","template":"","meta":{"footnotes":"","_links_to":"","_links_to_target":""},"class_list":["post-14955","page","type-page","status-publish","hentry"],"_links":{"self":[{"href":"https:\/\/www.hullschool.ch\/de\/wp-json\/wp\/v2\/pages\/14955","targetHints":{"allow":["GET"]}}],"collection":[{"href":"https:\/\/www.hullschool.ch\/de\/wp-json\/wp\/v2\/pages"}],"about":[{"href":"https:\/\/www.hullschool.ch\/de\/wp-json\/wp\/v2\/types\/page"}],"author":[{"embeddable":true,"href":"https:\/\/www.hullschool.ch\/de\/wp-json\/wp\/v2\/users\/1"}],"replies":[{"embeddable":true,"href":"https:\/\/www.hullschool.ch\/de\/wp-json\/wp\/v2\/comments?post=14955"}],"version-history":[{"count":0,"href":"https:\/\/www.hullschool.ch\/de\/wp-json\/wp\/v2\/pages\/14955\/revisions"}],"wp:attachment":[{"href":"https:\/\/www.hullschool.ch\/de\/wp-json\/wp\/v2\/media?parent=14955"}],"curies":[{"name":"wp","href":"https:\/\/api.w.org\/{rel}","templated":true}]}}