{"id":14807,"date":"2024-05-26T19:00:59","date_gmt":"2024-05-26T17:00:59","guid":{"rendered":"https:\/\/existing-lookandfeel.hullschool.ch\/?page_id=14807"},"modified":"2025-08-20T10:09:09","modified_gmt":"2025-08-20T08:09:09","slug":"stellenangebote","status":"publish","type":"page","link":"https:\/\/www.hullschool.ch\/de\/ueber-uns\/stellenangebote\/","title":{"rendered":"Stellenangebote"},"content":{"rendered":"\t\t<div data-elementor-type=\"wp-page\" data-elementor-id=\"14807\" class=\"elementor elementor-14807 elementor-12574\" data-elementor-post-type=\"page\">\n\t\t\t\t<div class=\"elementor-element elementor-element-61e129cd e-con-full pad-tb-l-first e-flex e-con e-parent\" data-id=\"61e129cd\" data-element_type=\"container\" data-e-type=\"container\" data-settings=\"{&quot;background_background&quot;:&quot;classic&quot;}\">\n\t\t<div class=\"elementor-element elementor-element-53f79b45 c-box e-flex e-con-boxed e-con e-child\" data-id=\"53f79b45\" data-element_type=\"container\" data-e-type=\"container\">\n\t\t\t\t\t<div class=\"e-con-inner\">\n\t\t<div class=\"elementor-element elementor-element-7ce3ece1 e-con-full e-flex e-con e-child\" data-id=\"7ce3ece1\" data-element_type=\"container\" data-e-type=\"container\">\n\t\t\t\t<div class=\"elementor-element elementor-element-53a13dd3 elementor-invisible elementor-widget elementor-widget-heading\" data-id=\"53a13dd3\" data-element_type=\"widget\" data-e-type=\"widget\" data-settings=\"{&quot;_animation&quot;:&quot;fadeInDown&quot;,&quot;_animation_delay&quot;:200}\" data-widget_type=\"heading.default\">\n\t\t\t\t<div class=\"elementor-widget-container\">\n\t\t\t\t\t<p class=\"elementor-heading-title elementor-size-default\">Das erste College der Schweiz\nmit einem englischen 10. Schuljahr<\/p>\t\t\t\t<\/div>\n\t\t\t\t<\/div>\n\t\t\t\t<\/div>\n\t\t\t\t\t<\/div>\n\t\t\t\t<\/div>\n\t\t\t\t<\/div>\n\t\t<div class=\"elementor-element elementor-element-2ad1dac e-con-full e-flex e-con e-parent\" data-id=\"2ad1dac\" data-element_type=\"container\" data-e-type=\"container\" data-settings=\"{&quot;background_background&quot;:&quot;classic&quot;}\">\n\t\t<div class=\"elementor-element elementor-element-3d2f114 c-box pad-tb-m e-flex e-con-boxed e-con e-child\" data-id=\"3d2f114\" data-element_type=\"container\" data-e-type=\"container\" data-settings=\"{&quot;background_background&quot;:&quot;classic&quot;}\">\n\t\t\t\t\t<div class=\"e-con-inner\">\n\t\t<div class=\"elementor-element elementor-element-2dc6eda5 e-con-full elementor-hidden-tablet elementor-hidden-mobile elementor-hidden-tablet_extra e-flex e-con e-child\" data-id=\"2dc6eda5\" data-element_type=\"container\" data-e-type=\"container\" data-settings=\"{&quot;background_background&quot;:&quot;classic&quot;}\">\n\t\t\t\t<div class=\"elementor-element elementor-element-35c2f5b verticalmenu elementor-nav-menu__text-align-aside elementor-widget elementor-widget-global elementor-global-11772 elementor-widget-nav-menu\" data-id=\"35c2f5b\" data-element_type=\"widget\" data-e-type=\"widget\" data-settings=\"{&quot;layout&quot;:&quot;dropdown&quot;,&quot;submenu_icon&quot;:{&quot;value&quot;:&quot;fas fa-chevron-down&quot;,&quot;library&quot;:&quot;fa-solid&quot;}}\" data-widget_type=\"nav-menu.default\">\n\t\t\t\t<div class=\"elementor-widget-container\">\n\t\t\t\t\t\t\t\t<nav class=\"elementor-nav-menu--dropdown elementor-nav-menu__container\" aria-hidden=\"true\">\n\t\t\t\t<ul id=\"menu-2-35c2f5b\" class=\"elementor-nav-menu\"><li class=\"menu-item menu-item-type-post_type menu-item-object-page menu-item-15276\"><a href=\"https:\/\/www.hullschool.ch\/de\/ueber-uns\/paedagogische-ziele-fuer-hulls-school-schueler\/\" class=\"elementor-item\" tabindex=\"-1\">P\u00e4dagogische Ziele<\/a><\/li>\n<li class=\"menu-item menu-item-type-post_type menu-item-object-page menu-item-has-children menu-item-15277\"><a href=\"https:\/\/www.hullschool.ch\/de\/ueber-uns\/leitbild\/\" class=\"elementor-item\" tabindex=\"-1\">Leitbild<\/a>\n<ul class=\"sub-menu elementor-nav-menu--dropdown\">\n\t<li class=\"menu-item menu-item-type-post_type menu-item-object-page menu-item-18353\"><a href=\"https:\/\/www.hullschool.ch\/de\/ueber-uns\/leitbild\/akademisches-programm\/\" class=\"elementor-sub-item\" tabindex=\"-1\">Akademisches Programm<\/a><\/li>\n<\/ul>\n<\/li>\n<li class=\"menu-item menu-item-type-post_type menu-item-object-page menu-item-18352\"><a href=\"https:\/\/www.hullschool.ch\/de\/ueber-uns\/faecher\/\" class=\"elementor-item\" tabindex=\"-1\">F\u00e4cher<\/a><\/li>\n<li class=\"menu-item menu-item-type-post_type menu-item-object-page menu-item-15278\"><a href=\"https:\/\/www.hullschool.ch\/de\/ueber-uns\/geschichte\/\" class=\"elementor-item\" tabindex=\"-1\">Geschichte<\/a><\/li>\n<li class=\"menu-item menu-item-type-post_type menu-item-object-page menu-item-15279\"><a href=\"https:\/\/www.hullschool.ch\/de\/ueber-uns\/methodik\/\" class=\"elementor-item\" tabindex=\"-1\">Methodik<\/a><\/li>\n<li class=\"menu-item menu-item-type-post_type menu-item-object-page menu-item-has-children menu-item-15280\"><a href=\"https:\/\/www.hullschool.ch\/de\/ueber-uns\/schulleitung\/\" class=\"elementor-item\" tabindex=\"-1\">Schulleitung<\/a>\n<ul class=\"sub-menu elementor-nav-menu--dropdown\">\n\t<li class=\"menu-item menu-item-type-post_type menu-item-object-page menu-item-15281\"><a href=\"https:\/\/www.hullschool.ch\/de\/ueber-uns\/schulleitung\/verwaltungsratspraesident\/\" class=\"elementor-sub-item\" tabindex=\"-1\">Verwaltungsratspr\u00e4sident: Robin Hull<\/a><\/li>\n\t<li class=\"menu-item menu-item-type-post_type menu-item-object-page menu-item-15282\"><a href=\"https:\/\/www.hullschool.ch\/de\/ueber-uns\/schulleitung\/rektor\/\" class=\"elementor-sub-item\" tabindex=\"-1\">Rektor: James Cunningham<\/a><\/li>\n\t<li class=\"menu-item menu-item-type-post_type menu-item-object-page menu-item-15283\"><a href=\"https:\/\/www.hullschool.ch\/de\/ueber-uns\/schulleitung\/schulleitung-prorektor\/\" class=\"elementor-sub-item\" tabindex=\"-1\">Prorektor: Patrick Durkin<\/a><\/li>\n<\/ul>\n<\/li>\n<li class=\"menu-item menu-item-type-post_type menu-item-object-page menu-item-15284\"><a href=\"https:\/\/www.hullschool.ch\/de\/ueber-uns\/mitarbeiter\/\" class=\"elementor-item\" tabindex=\"-1\">Mitarbeiter<\/a><\/li>\n<li class=\"menu-item menu-item-type-post_type menu-item-object-page menu-item-15285\"><a href=\"https:\/\/www.hullschool.ch\/de\/ueber-uns\/qualitaet\/\" class=\"elementor-item\" tabindex=\"-1\">Qualit\u00e4t<\/a><\/li>\n<li class=\"menu-item menu-item-type-post_type menu-item-object-page menu-item-15286\"><a href=\"https:\/\/www.hullschool.ch\/de\/ueber-uns\/pruefungszentrum\/\" class=\"elementor-item\" tabindex=\"-1\">Pr\u00fcfungszentrum<\/a><\/li>\n<li class=\"menu-item menu-item-type-post_type menu-item-object-page menu-item-15287\"><a href=\"https:\/\/www.hullschool.ch\/de\/ueber-uns\/schulkalender-und-ferienplan\/\" class=\"elementor-item\" tabindex=\"-1\">Schulkalender &#038; Ferienplan<\/a><\/li>\n<li class=\"menu-item menu-item-type-post_type menu-item-object-page menu-item-has-children menu-item-15288\"><a href=\"https:\/\/www.hullschool.ch\/de\/ueber-uns\/aufnahme\/\" class=\"elementor-item\" tabindex=\"-1\">Aufnahme<\/a>\n<ul class=\"sub-menu elementor-nav-menu--dropdown\">\n\t<li class=\"menu-item menu-item-type-post_type menu-item-object-page menu-item-15289\"><a href=\"https:\/\/www.hullschool.ch\/de\/ueber-uns\/aufnahme\/einschreibung\/\" class=\"elementor-sub-item\" tabindex=\"-1\">Einschreibung<\/a><\/li>\n\t<li class=\"menu-item menu-item-type-post_type menu-item-object-page menu-item-15290\"><a href=\"https:\/\/www.hullschool.ch\/de\/ueber-uns\/aufnahme\/generelle-informationen\/\" class=\"elementor-sub-item\" tabindex=\"-1\">Generelle Informationen<\/a><\/li>\n\t<li class=\"menu-item menu-item-type-post_type menu-item-object-page menu-item-15291\"><a href=\"https:\/\/www.hullschool.ch\/de\/10-schuljahr\/schulgeld\/\" class=\"elementor-sub-item\" tabindex=\"-1\">Schulgeld<\/a><\/li>\n<\/ul>\n<\/li>\n<li class=\"menu-item menu-item-type-post_type menu-item-object-page menu-item-15292\"><a href=\"https:\/\/www.hullschool.ch\/de\/eltern\/allgemeine-informationen\/schulkultur-und-sport\/\" class=\"elementor-item\" tabindex=\"-1\">Schulkultur und Sport<\/a><\/li>\n<li class=\"menu-item menu-item-type-post_type menu-item-object-page menu-item-18354\"><a href=\"https:\/\/www.hullschool.ch\/de\/ueber-uns\/universitaeten\/\" class=\"elementor-item\" tabindex=\"-1\">Universit\u00e4ten<\/a><\/li>\n<li class=\"menu-item menu-item-type-post_type menu-item-object-page menu-item-18355\"><a href=\"https:\/\/www.hullschool.ch\/de\/ueber-uns\/uebersicht-ueber-das-schweizer-und-das-britische-system\/\" class=\"elementor-item\" tabindex=\"-1\">\u00dcbersicht \u00fcber das Schweizer und das Britische System<\/a><\/li>\n<li class=\"menu-item menu-item-type-post_type menu-item-object-page menu-item-15293\"><a href=\"https:\/\/www.hullschool.ch\/de\/ueber-uns\/partner-links\/\" class=\"elementor-item\" tabindex=\"-1\">Partner &#038; Links<\/a><\/li>\n<li class=\"menu-item menu-item-type-post_type menu-item-object-page menu-item-15294\"><a href=\"https:\/\/www.hullschool.ch\/de\/ueber-uns\/stellenangebote\/\" class=\"elementor-item\" tabindex=\"-1\">Stellenangebote<\/a><\/li>\n<li class=\"menu-item menu-item-type-post_type menu-item-object-page menu-item-has-children menu-item-15295\"><a href=\"https:\/\/www.hullschool.ch\/de\/ueber-uns\/publikationen\/\" class=\"elementor-item\" tabindex=\"-1\">Publikationen<\/a>\n<ul class=\"sub-menu elementor-nav-menu--dropdown\">\n\t<li class=\"menu-item menu-item-type-custom menu-item-object-custom menu-item-14718\"><a href=\"\/de\/ueber-uns\/publikationen\/hulls-school-newsletter\/?filter=publications!is_custom_checkbox:Newsletter\" class=\"elementor-sub-item\" tabindex=\"-1\">Hull&#8217;s School Newsletter<\/a><\/li>\n\t<li class=\"menu-item menu-item-type-custom menu-item-object-custom menu-item-14719\"><a href=\"\/de\/ueber-uns\/publikationen\/yearbooks\/?filter=publications!is_custom_checkbox:Yearbooks\" class=\"elementor-sub-item\" tabindex=\"-1\">Yearbooks<\/a><\/li>\n\t<li class=\"menu-item menu-item-type-custom menu-item-object-custom menu-item-14720\"><a href=\"\/de\/ueber-uns\/publikationen\/hullarious-magazines\/?filter=publications!is_custom_checkbox:Hullarious%20Magazines\" class=\"elementor-sub-item\" tabindex=\"-1\">Hullarious Magazines<\/a><\/li>\n\t<li class=\"menu-item menu-item-type-custom menu-item-object-custom menu-item-14721\"><a href=\"\/de\/ueber-uns\/publikationen\/alumni-magazines\/?filter=publications!is_custom_checkbox:Alumni%20Magazines\" class=\"elementor-sub-item\" tabindex=\"-1\">Alumni Magazines<\/a><\/li>\n\t<li class=\"menu-item menu-item-type-custom menu-item-object-custom menu-item-14722\"><a href=\"\/de\/ueber-uns\/publikationen\/the-good-school-guide\/?filter=publications!is_custom_checkbox:The%20Good%20Schools%20Guide\" class=\"elementor-sub-item\" tabindex=\"-1\">The Good School Guide<\/a><\/li>\n\t<li class=\"menu-item menu-item-type-custom menu-item-object-custom menu-item-17253\"><a href=\"\/de\/ueber-uns\/publikationen\/akademisches-programm\/?filter=publications!is_custom_checkbox:Academic%20Programme\" class=\"elementor-sub-item\" tabindex=\"-1\">Akademisches Programm<\/a><\/li>\n\t<li class=\"menu-item menu-item-type-custom menu-item-object-custom menu-item-14723\"><a href=\"\/de\/ueber-uns\/publikationen\/a-guide-to-the-swiss-educational-system\/?filter=publications!is_custom_checkbox:Guide%3A%20Swiss%20Edu.%20System\" class=\"elementor-sub-item\" tabindex=\"-1\">A guide to the Swiss educational system<\/a><\/li>\n\t<li class=\"menu-item menu-item-type-post_type menu-item-object-page menu-item-15297\"><a href=\"https:\/\/www.hullschool.ch\/de\/ueber-uns\/publikationen\/aldous-huxley-museum\/\" class=\"elementor-sub-item\" tabindex=\"-1\">Aldous Huxley Museum<\/a><\/li>\n\t<li class=\"menu-item menu-item-type-custom menu-item-object-custom menu-item-17739\"><a href=\"\/de\/ueber-uns\/publikationen\/aldous-huxley-journal\/?filter=publications!is_custom_checkbox:Aldous%20Huxley%20Journal\" class=\"elementor-sub-item\" tabindex=\"-1\">Aldous Huxley Journal<\/a><\/li>\n\t<li class=\"menu-item menu-item-type-post_type menu-item-object-page menu-item-15296\"><a href=\"https:\/\/www.hullschool.ch\/de\/ueber-uns\/publikationen\/aldous-huxley-society\/\" class=\"elementor-sub-item\" tabindex=\"-1\">Aldous Huxley Society<\/a><\/li>\n\t<li class=\"menu-item menu-item-type-post_type menu-item-object-page menu-item-15298\"><a href=\"https:\/\/www.hullschool.ch\/de\/ueber-uns\/publikationen\/swiss-dyslexia-association-vds\/\" class=\"elementor-sub-item\" tabindex=\"-1\">Swiss Dyslexia Association (VDS)<\/a><\/li>\n<\/ul>\n<\/li>\n<li class=\"menu-item menu-item-type-post_type menu-item-object-page menu-item-15299\"><a href=\"https:\/\/www.hullschool.ch\/de\/ueber-uns\/campus\/\" class=\"elementor-item\" tabindex=\"-1\">Campus<\/a><\/li>\n<\/ul>\t\t\t<\/nav>\n\t\t\t\t\t\t<\/div>\n\t\t\t\t<\/div>\n\t\t\t\t<\/div>\n\t\t<div class=\"elementor-element elementor-element-c548b8b e-con-full e-flex e-con e-child\" data-id=\"c548b8b\" data-element_type=\"container\" data-e-type=\"container\">\n\t\t<div class=\"elementor-element elementor-element-67555326 e-con-full e-flex e-con e-child\" data-id=\"67555326\" data-element_type=\"container\" data-e-type=\"container\">\n\t\t\t\t<div class=\"elementor-element elementor-element-17f8e184 elementor-invisible elementor-widget elementor-widget-html\" data-id=\"17f8e184\" data-element_type=\"widget\" data-e-type=\"widget\" data-settings=\"{&quot;_animation&quot;:&quot;fadeInDown&quot;}\" data-widget_type=\"html.default\">\n\t\t\t\t<div class=\"elementor-widget-container\">\n\t\t\t\t\t<nav aria-label=\"breadcrumbs\" class=\"rank-math-breadcrumb\"><p><span class=\"last\">Home<\/span><\/p><\/nav>\t\t\t\t<\/div>\n\t\t\t\t<\/div>\n\t\t\t\t<div class=\"elementor-element elementor-element-d3efe8 titleafterstrich elementor-invisible elementor-widget elementor-widget-heading\" data-id=\"d3efe8\" data-element_type=\"widget\" data-e-type=\"widget\" data-settings=\"{&quot;_animation&quot;:&quot;fadeInDown&quot;}\" data-widget_type=\"heading.default\">\n\t\t\t\t<div class=\"elementor-widget-container\">\n\t\t\t\t\t<h1 class=\"elementor-heading-title elementor-size-default\">Stellenangebote<\/h1>\t\t\t\t<\/div>\n\t\t\t\t<\/div>\n\t\t\t\t<div class=\"elementor-element elementor-element-8e9abd7 pad-t-s elementor-invisible elementor-widget elementor-widget-heading\" data-id=\"8e9abd7\" data-element_type=\"widget\" data-e-type=\"widget\" data-settings=\"{&quot;_animation&quot;:&quot;fadeInDown&quot;}\" data-widget_type=\"heading.default\">\n\t\t\t\t<div class=\"elementor-widget-container\">\n\t\t\t\t\t<p class=\"elementor-heading-title elementor-size-default\">Hull\u2019s School ist stolz auf ihren engagierten, qualifizierten und hochprofessionellen Lehrk\u00f6rper. Unsere Lehrer arbeiten sehr kollegial zusammen und bleiben \u00fcblicherweise bis zur Pensionierung bei uns. Aus diesem Grund bietet die Hull\u2019s School Stabilit\u00e4t und bleibt f\u00fcr immer im Ged\u00e4chtnis, was wichtige Elemente im Erfolg der Hull\u2019s School sind. Der wahre Grund unseres Erfolgs jedoch ist folgender:<\/p>\t\t\t\t<\/div>\n\t\t\t\t<\/div>\n\t\t\t\t<div class=\"elementor-element elementor-element-236a2093 linkmediumblue elementor-invisible elementor-widget elementor-widget-text-editor\" data-id=\"236a2093\" data-element_type=\"widget\" data-e-type=\"widget\" data-settings=\"{&quot;_animation&quot;:&quot;fadeInDown&quot;,&quot;_animation_delay&quot;:300}\" data-widget_type=\"text-editor.default\">\n\t\t\t\t<div class=\"elementor-widget-container\">\n\t\t\t\t\t\t\t\t\t<p>Wir sind eine wachsende Schule mit wachsenden Bed\u00fcrfnissen.\u00a0<strong>Wenn Sie Lehrer sind und denken, dass die Hull\u2019s School etwas f\u00fcr Sie w\u00e4re, dann schicken Sie bitte Ihre Bewerbung an\u00a0<a href=\"mailto:applications@hullschool.ch?subject=teaching application for subjects of:\">applications@hullschool.ch<\/a>.<\/strong><\/p>\t\t\t\t\t\t\t\t<\/div>\n\t\t\t\t<\/div>\n\t\t\t\t<div class=\"elementor-element elementor-element-5c39284 elementor-invisible elementor-widget elementor-widget-heading\" data-id=\"5c39284\" data-element_type=\"widget\" data-e-type=\"widget\" data-settings=\"{&quot;_animation&quot;:&quot;fadeInDown&quot;}\" data-widget_type=\"heading.default\">\n\t\t\t\t<div class=\"elementor-widget-container\">\n\t\t\t\t\t<h2 class=\"elementor-heading-title elementor-size-default\">Offene Stellen<\/h2>\t\t\t\t<\/div>\n\t\t\t\t<\/div>\n\t\t\t\t<div class=\"elementor-element elementor-element-3311d90 linkmediumblue elementor-invisible elementor-widget elementor-widget-text-editor\" data-id=\"3311d90\" data-element_type=\"widget\" data-e-type=\"widget\" data-settings=\"{&quot;_animation&quot;:&quot;fadeInDown&quot;,&quot;_animation_delay&quot;:300}\" data-widget_type=\"text-editor.default\">\n\t\t\t\t<div class=\"elementor-widget-container\">\n\t\t\t\t\t\t\t\t\t<p>Derzeit gibt es keine offenen Stellen.<\/p>\t\t\t\t\t\t\t\t<\/div>\n\t\t\t\t<\/div>\n\t\t\t\t<div class=\"elementor-element elementor-element-03c01ea elementor-invisible elementor-widget elementor-widget-heading\" data-id=\"03c01ea\" data-element_type=\"widget\" data-e-type=\"widget\" data-settings=\"{&quot;_animation&quot;:&quot;fadeInDown&quot;}\" data-widget_type=\"heading.default\">\n\t\t\t\t<div class=\"elementor-widget-container\">\n\t\t\t\t\t<h2 class=\"elementor-heading-title elementor-size-default\">Einige Grunds\u00e4tze zum Unterrichten an der Hull\u2019s School<\/h2>\t\t\t\t<\/div>\n\t\t\t\t<\/div>\n\t\t\t\t<div class=\"elementor-element elementor-element-ebdd2b5 linkmediumblue elementor-invisible elementor-widget elementor-widget-text-editor\" data-id=\"ebdd2b5\" data-element_type=\"widget\" data-e-type=\"widget\" data-settings=\"{&quot;_animation&quot;:&quot;fadeInDown&quot;,&quot;_animation_delay&quot;:300}\" data-widget_type=\"text-editor.default\">\n\t\t\t\t<div class=\"elementor-widget-container\">\n\t\t\t\t\t\t\t\t\t<p>Die Lehrer der Hull\u2019s School bereiten die Sch\u00fcler gr\u00f6sstenteils auf die International GCSE und\/oder A-Level Examinations (Pearson\/Edexcel) vor. Sch\u00fcler, welche gen\u00fcgend gute Abschlussnoten in den jeweilig geforderten F\u00e4chern erreichen, qualifizieren sich f\u00fcr die besten Universit\u00e4ten weltweit, inklusive schweizer, EU, amerikanische, kanadische und britische Universit\u00e4ten, darunter auch die Russell Group Universit\u00e4ten.<\/p>\n<p>Die Englisch Klassen bereiten die Sch\u00fcler auf die Cambridge Examen vor, speziell das First Certificate und das Proficiency.<\/p>\n<p>Unsere Klassen setzen sich vor allem aus Sch\u00fclern aus der Deutschschweiz im Alter zwischen 15 und 19 Jahren zusammen, welche ein vierj\u00e4hriges Gymnasialprogramm besuchen. Die maximale Klassengr\u00f6sse betr\u00e4gt 16 Sch\u00fcler.<\/p>\n<p>Der Unterricht wird nur auf Englisch durchgef\u00fchrt, ausser selbstverst\u00e4ndlich der Sprachunterricht f\u00fcr andere Sprachen<\/p>\t\t\t\t\t\t\t\t<\/div>\n\t\t\t\t<\/div>\n\t\t\t\t<div class=\"elementor-element elementor-element-d113d3f elementor-invisible elementor-widget elementor-widget-heading\" data-id=\"d113d3f\" data-element_type=\"widget\" data-e-type=\"widget\" data-settings=\"{&quot;_animation&quot;:&quot;fadeInDown&quot;}\" data-widget_type=\"heading.default\">\n\t\t\t\t<div class=\"elementor-widget-container\">\n\t\t\t\t\t<h3 class=\"elementor-heading-title elementor-size-default\">Anforderungen f\u00fcr Anw\u00e4rter:<\/h3>\t\t\t\t<\/div>\n\t\t\t\t<\/div>\n\t\t\t\t<div class=\"elementor-element elementor-element-8e20363 linkmediumblue elementor-invisible elementor-widget elementor-widget-text-editor\" data-id=\"8e20363\" data-element_type=\"widget\" data-e-type=\"widget\" data-settings=\"{&quot;_animation&quot;:&quot;fadeInDown&quot;,&quot;_animation_delay&quot;:300}\" data-widget_type=\"text-editor.default\">\n\t\t\t\t<div class=\"elementor-widget-container\">\n\t\t\t\t\t\t\t\t\t<ul><li>Schweizer, EU oder EFTA\u00a0Pass, oder eine g\u00fcltige schweizer Arbeitserlaubnis<\/li><li>Ein Bachelor oder h\u00f6her im betreffenden oder verwandten Fach<\/li><li>Relevante Lehrerfahrung mit aktuellen Arbeitszeugnissen<\/li><li>P\u00e4dagogische\u00a0Ausbildung (Ausmass und Dauer verhandelbar, je nach Berufserfahrung)<\/li><li>Fliessendes Englisch<\/li><li>F\u00fcr Sprachlehrer (Englisch, Deutsch, Franz\u00f6sisch): exzellentes Muttersprach-Niveau<\/li><\/ul>\t\t\t\t\t\t\t\t<\/div>\n\t\t\t\t<\/div>\n\t\t\t\t<div class=\"elementor-element elementor-element-57d1df1 elementor-invisible elementor-widget elementor-widget-heading\" data-id=\"57d1df1\" data-element_type=\"widget\" data-e-type=\"widget\" data-settings=\"{&quot;_animation&quot;:&quot;fadeInDown&quot;}\" data-widget_type=\"heading.default\">\n\t\t\t\t<div class=\"elementor-widget-container\">\n\t\t\t\t\t<h3 class=\"elementor-heading-title elementor-size-default\">Vorzug erhalten Bewerber mit Erfahrung in:<\/h3>\t\t\t\t<\/div>\n\t\t\t\t<\/div>\n\t\t\t\t<div class=\"elementor-element elementor-element-dcb44db linkmediumblue elementor-invisible elementor-widget elementor-widget-text-editor\" data-id=\"dcb44db\" data-element_type=\"widget\" data-e-type=\"widget\" data-settings=\"{&quot;_animation&quot;:&quot;fadeInDown&quot;,&quot;_animation_delay&quot;:300}\" data-widget_type=\"text-editor.default\">\n\t\t\t\t<div class=\"elementor-widget-container\">\n\t\t\t\t\t\t\t\t\t<ul><li><p>Unterricht in GCSE, IGCSE und\/oder A-Levels<\/p><\/li><li><p>Englischunterricht f\u00fcr Fremdsprachige<\/p><\/li><\/ul>\t\t\t\t\t\t\t\t<\/div>\n\t\t\t\t<\/div>\n\t\t\t\t<div class=\"elementor-element elementor-element-629a6fb elementor-invisible elementor-widget elementor-widget-heading\" data-id=\"629a6fb\" data-element_type=\"widget\" data-e-type=\"widget\" data-settings=\"{&quot;_animation&quot;:&quot;fadeInDown&quot;}\" data-widget_type=\"heading.default\">\n\t\t\t\t<div class=\"elementor-widget-container\">\n\t\t\t\t\t<h3 class=\"elementor-heading-title elementor-size-default\">Offene Stelle:<\/h3>\t\t\t\t<\/div>\n\t\t\t\t<\/div>\n\t\t\t\t<\/div>\n\t\t\t\t<div class=\"elementor-element elementor-element-44e3495 linkmediumblue elementor-widget__width-initial elementor-invisible elementor-widget elementor-widget-text-editor\" data-id=\"44e3495\" data-element_type=\"widget\" data-e-type=\"widget\" data-settings=\"{&quot;_animation&quot;:&quot;fadeInDown&quot;,&quot;_animation_delay&quot;:300}\" data-widget_type=\"text-editor.default\">\n\t\t\t\t<div class=\"elementor-widget-container\">\n\t\t\t\t\t\t\t\t\t<ul><li><p><strong>Keine offene Stelle<\/strong><\/p><\/li><\/ul>\t\t\t\t\t\t\t\t<\/div>\n\t\t\t\t<\/div>\n\t\t<div class=\"elementor-element elementor-element-1abea2fe e-con-full e-flex e-con e-child\" data-id=\"1abea2fe\" data-element_type=\"container\" data-e-type=\"container\">\n\t\t\t\t<\/div>\n\t\t\t\t<\/div>\n\t\t\t\t\t<\/div>\n\t\t\t\t<\/div>\n\t\t\t\t<\/div>\n\t\t\t\t<\/div>\n\t\t","protected":false},"excerpt":{"rendered":"<p>Das erste College der Schweiz mit einem englischen 10. Schuljahr Stellenangebote Hull\u2019s School ist stolz auf ihren engagierten, qualifizierten und hochprofessionellen Lehrk\u00f6rper. Unsere Lehrer arbeiten sehr kollegial zusammen und bleiben \u00fcblicherweise bis zur Pensionierung bei uns. Aus diesem Grund bietet die Hull\u2019s School Stabilit\u00e4t und bleibt f\u00fcr immer im Ged\u00e4chtnis, was wichtige Elemente im Erfolg [&hellip;]<\/p>\n","protected":false},"author":1,"featured_media":0,"parent":14724,"menu_order":15,"comment_status":"closed","ping_status":"closed","template":"elementor_header_footer","meta":{"footnotes":"","_links_to":"","_links_to_target":""},"class_list":["post-14807","page","type-page","status-publish","hentry"],"_links":{"self":[{"href":"https:\/\/www.hullschool.ch\/de\/wp-json\/wp\/v2\/pages\/14807","targetHints":{"allow":["GET"]}}],"collection":[{"href":"https:\/\/www.hullschool.ch\/de\/wp-json\/wp\/v2\/pages"}],"about":[{"href":"https:\/\/www.hullschool.ch\/de\/wp-json\/wp\/v2\/types\/page"}],"author":[{"embeddable":true,"href":"https:\/\/www.hullschool.ch\/de\/wp-json\/wp\/v2\/users\/1"}],"replies":[{"embeddable":true,"href":"https:\/\/www.hullschool.ch\/de\/wp-json\/wp\/v2\/comments?post=14807"}],"version-history":[{"count":3,"href":"https:\/\/www.hullschool.ch\/de\/wp-json\/wp\/v2\/pages\/14807\/revisions"}],"predecessor-version":[{"id":19643,"href":"https:\/\/www.hullschool.ch\/de\/wp-json\/wp\/v2\/pages\/14807\/revisions\/19643"}],"up":[{"embeddable":true,"href":"https:\/\/www.hullschool.ch\/de\/wp-json\/wp\/v2\/pages\/14724"}],"wp:attachment":[{"href":"https:\/\/www.hullschool.ch\/de\/wp-json\/wp\/v2\/media?parent=14807"}],"curies":[{"name":"wp","href":"https:\/\/api.w.org\/{rel}","templated":true}]}}