{"id":14799,"date":"2024-05-25T22:49:27","date_gmt":"2024-05-25T20:49:27","guid":{"rendered":"https:\/\/existing-lookandfeel.hullschool.ch\/?page_id=14799"},"modified":"2024-09-12T17:05:38","modified_gmt":"2024-09-12T15:05:38","slug":"schulkultur-sport","status":"publish","type":"page","link":"https:\/\/www.hullschool.ch\/de\/ueber-uns\/schulkultur-sport\/","title":{"rendered":"Schulkultur &#038; Sport"},"content":{"rendered":"\t\t<div data-elementor-type=\"wp-page\" data-elementor-id=\"14799\" class=\"elementor elementor-14799 elementor-12470\" data-elementor-post-type=\"page\">\n\t\t\t\t<div class=\"elementor-element elementor-element-61e129cd e-con-full pad-tb-l-first e-flex e-con e-parent\" data-id=\"61e129cd\" data-element_type=\"container\" data-e-type=\"container\" data-settings=\"{&quot;background_background&quot;:&quot;classic&quot;}\">\n\t\t<div class=\"elementor-element elementor-element-53f79b45 c-box e-flex e-con-boxed e-con e-child\" data-id=\"53f79b45\" data-element_type=\"container\" data-e-type=\"container\">\n\t\t\t\t\t<div class=\"e-con-inner\">\n\t\t<div class=\"elementor-element elementor-element-7ce3ece1 e-con-full e-flex e-con e-child\" data-id=\"7ce3ece1\" data-element_type=\"container\" data-e-type=\"container\">\n\t\t\t\t<div class=\"elementor-element elementor-element-53a13dd3 elementor-invisible elementor-widget elementor-widget-heading\" data-id=\"53a13dd3\" data-element_type=\"widget\" data-e-type=\"widget\" data-settings=\"{&quot;_animation&quot;:&quot;fadeInDown&quot;,&quot;_animation_delay&quot;:200}\" data-widget_type=\"heading.default\">\n\t\t\t\t<div class=\"elementor-widget-container\">\n\t\t\t\t\t<p class=\"elementor-heading-title elementor-size-default\">Das erste College der Schweiz\nmit einem englischen 10. Schuljahr<\/p>\t\t\t\t<\/div>\n\t\t\t\t<\/div>\n\t\t\t\t<\/div>\n\t\t\t\t\t<\/div>\n\t\t\t\t<\/div>\n\t\t\t\t<\/div>\n\t\t<div class=\"elementor-element elementor-element-2ad1dac e-con-full e-flex e-con e-parent\" data-id=\"2ad1dac\" data-element_type=\"container\" data-e-type=\"container\" data-settings=\"{&quot;background_background&quot;:&quot;classic&quot;}\">\n\t\t<div class=\"elementor-element elementor-element-3d2f114 c-box pad-tb-m e-flex e-con-boxed e-con e-child\" data-id=\"3d2f114\" data-element_type=\"container\" data-e-type=\"container\" data-settings=\"{&quot;background_background&quot;:&quot;classic&quot;}\">\n\t\t\t\t\t<div class=\"e-con-inner\">\n\t\t<div class=\"elementor-element elementor-element-2dc6eda5 e-con-full elementor-hidden-tablet elementor-hidden-mobile elementor-hidden-tablet_extra e-flex e-con e-child\" data-id=\"2dc6eda5\" data-element_type=\"container\" data-e-type=\"container\" data-settings=\"{&quot;background_background&quot;:&quot;classic&quot;}\">\n\t\t\t\t<div class=\"elementor-element elementor-element-35c2f5b verticalmenu elementor-nav-menu__text-align-aside elementor-widget elementor-widget-global elementor-global-11772 elementor-widget-nav-menu\" data-id=\"35c2f5b\" data-element_type=\"widget\" data-e-type=\"widget\" data-settings=\"{&quot;layout&quot;:&quot;dropdown&quot;,&quot;submenu_icon&quot;:{&quot;value&quot;:&quot;fas fa-chevron-down&quot;,&quot;library&quot;:&quot;fa-solid&quot;}}\" data-widget_type=\"nav-menu.default\">\n\t\t\t\t<div class=\"elementor-widget-container\">\n\t\t\t\t\t\t\t\t<nav class=\"elementor-nav-menu--dropdown elementor-nav-menu__container\" aria-hidden=\"true\">\n\t\t\t\t<ul id=\"menu-2-35c2f5b\" class=\"elementor-nav-menu\"><li class=\"menu-item menu-item-type-post_type menu-item-object-page menu-item-15276\"><a href=\"https:\/\/www.hullschool.ch\/de\/ueber-uns\/paedagogische-ziele-fuer-hulls-school-schueler\/\" class=\"elementor-item\" tabindex=\"-1\">P\u00e4dagogische Ziele<\/a><\/li>\n<li class=\"menu-item menu-item-type-post_type menu-item-object-page menu-item-has-children menu-item-15277\"><a href=\"https:\/\/www.hullschool.ch\/de\/ueber-uns\/leitbild\/\" class=\"elementor-item\" tabindex=\"-1\">Leitbild<\/a>\n<ul class=\"sub-menu elementor-nav-menu--dropdown\">\n\t<li class=\"menu-item menu-item-type-post_type menu-item-object-page menu-item-18353\"><a href=\"https:\/\/www.hullschool.ch\/de\/ueber-uns\/leitbild\/akademisches-programm\/\" class=\"elementor-sub-item\" tabindex=\"-1\">Akademisches Programm<\/a><\/li>\n<\/ul>\n<\/li>\n<li class=\"menu-item menu-item-type-post_type menu-item-object-page menu-item-18352\"><a href=\"https:\/\/www.hullschool.ch\/de\/ueber-uns\/faecher\/\" class=\"elementor-item\" tabindex=\"-1\">F\u00e4cher<\/a><\/li>\n<li class=\"menu-item menu-item-type-post_type menu-item-object-page menu-item-15278\"><a href=\"https:\/\/www.hullschool.ch\/de\/ueber-uns\/geschichte\/\" class=\"elementor-item\" tabindex=\"-1\">Geschichte<\/a><\/li>\n<li class=\"menu-item menu-item-type-post_type menu-item-object-page menu-item-15279\"><a href=\"https:\/\/www.hullschool.ch\/de\/ueber-uns\/methodik\/\" class=\"elementor-item\" tabindex=\"-1\">Methodik<\/a><\/li>\n<li class=\"menu-item menu-item-type-post_type menu-item-object-page menu-item-has-children menu-item-15280\"><a href=\"https:\/\/www.hullschool.ch\/de\/ueber-uns\/schulleitung\/\" class=\"elementor-item\" tabindex=\"-1\">Schulleitung<\/a>\n<ul class=\"sub-menu elementor-nav-menu--dropdown\">\n\t<li class=\"menu-item menu-item-type-post_type menu-item-object-page menu-item-15281\"><a href=\"https:\/\/www.hullschool.ch\/de\/ueber-uns\/schulleitung\/verwaltungsratspraesident\/\" class=\"elementor-sub-item\" tabindex=\"-1\">Verwaltungsratspr\u00e4sident: Robin Hull<\/a><\/li>\n\t<li class=\"menu-item menu-item-type-post_type menu-item-object-page menu-item-15282\"><a href=\"https:\/\/www.hullschool.ch\/de\/ueber-uns\/schulleitung\/rektor\/\" class=\"elementor-sub-item\" tabindex=\"-1\">Rektor: James Cunningham<\/a><\/li>\n\t<li class=\"menu-item menu-item-type-post_type menu-item-object-page menu-item-15283\"><a href=\"https:\/\/www.hullschool.ch\/de\/ueber-uns\/schulleitung\/schulleitung-prorektor\/\" class=\"elementor-sub-item\" tabindex=\"-1\">Prorektor: Patrick Durkin<\/a><\/li>\n<\/ul>\n<\/li>\n<li class=\"menu-item menu-item-type-post_type menu-item-object-page menu-item-15284\"><a href=\"https:\/\/www.hullschool.ch\/de\/ueber-uns\/mitarbeiter\/\" class=\"elementor-item\" tabindex=\"-1\">Mitarbeiter<\/a><\/li>\n<li class=\"menu-item menu-item-type-post_type menu-item-object-page menu-item-15285\"><a href=\"https:\/\/www.hullschool.ch\/de\/ueber-uns\/qualitaet\/\" class=\"elementor-item\" tabindex=\"-1\">Qualit\u00e4t<\/a><\/li>\n<li class=\"menu-item menu-item-type-post_type menu-item-object-page menu-item-15286\"><a href=\"https:\/\/www.hullschool.ch\/de\/ueber-uns\/pruefungszentrum\/\" class=\"elementor-item\" tabindex=\"-1\">Pr\u00fcfungszentrum<\/a><\/li>\n<li class=\"menu-item menu-item-type-post_type menu-item-object-page menu-item-15287\"><a href=\"https:\/\/www.hullschool.ch\/de\/ueber-uns\/schulkalender-und-ferienplan\/\" class=\"elementor-item\" tabindex=\"-1\">Schulkalender &#038; Ferienplan<\/a><\/li>\n<li class=\"menu-item menu-item-type-post_type menu-item-object-page menu-item-has-children menu-item-15288\"><a href=\"https:\/\/www.hullschool.ch\/de\/ueber-uns\/aufnahme\/\" class=\"elementor-item\" tabindex=\"-1\">Aufnahme<\/a>\n<ul class=\"sub-menu elementor-nav-menu--dropdown\">\n\t<li class=\"menu-item menu-item-type-post_type menu-item-object-page menu-item-15289\"><a href=\"https:\/\/www.hullschool.ch\/de\/ueber-uns\/aufnahme\/einschreibung\/\" class=\"elementor-sub-item\" tabindex=\"-1\">Einschreibung<\/a><\/li>\n\t<li class=\"menu-item menu-item-type-post_type menu-item-object-page menu-item-15290\"><a href=\"https:\/\/www.hullschool.ch\/de\/ueber-uns\/aufnahme\/generelle-informationen\/\" class=\"elementor-sub-item\" tabindex=\"-1\">Generelle Informationen<\/a><\/li>\n\t<li class=\"menu-item menu-item-type-post_type menu-item-object-page menu-item-15291\"><a href=\"https:\/\/www.hullschool.ch\/de\/10-schuljahr\/schulgeld\/\" class=\"elementor-sub-item\" tabindex=\"-1\">Schulgeld<\/a><\/li>\n<\/ul>\n<\/li>\n<li class=\"menu-item menu-item-type-post_type menu-item-object-page menu-item-15292\"><a href=\"https:\/\/www.hullschool.ch\/de\/eltern\/allgemeine-informationen\/schulkultur-und-sport\/\" class=\"elementor-item\" tabindex=\"-1\">Schulkultur und Sport<\/a><\/li>\n<li class=\"menu-item menu-item-type-post_type menu-item-object-page menu-item-18354\"><a href=\"https:\/\/www.hullschool.ch\/de\/ueber-uns\/universitaeten\/\" class=\"elementor-item\" tabindex=\"-1\">Universit\u00e4ten<\/a><\/li>\n<li class=\"menu-item menu-item-type-post_type menu-item-object-page menu-item-18355\"><a href=\"https:\/\/www.hullschool.ch\/de\/ueber-uns\/uebersicht-ueber-das-schweizer-und-das-britische-system\/\" class=\"elementor-item\" tabindex=\"-1\">\u00dcbersicht \u00fcber das Schweizer und das Britische System<\/a><\/li>\n<li class=\"menu-item menu-item-type-post_type menu-item-object-page menu-item-15293\"><a href=\"https:\/\/www.hullschool.ch\/de\/ueber-uns\/partner-links\/\" class=\"elementor-item\" tabindex=\"-1\">Partner &#038; Links<\/a><\/li>\n<li class=\"menu-item menu-item-type-post_type menu-item-object-page menu-item-15294\"><a href=\"https:\/\/www.hullschool.ch\/de\/ueber-uns\/stellenangebote\/\" class=\"elementor-item\" tabindex=\"-1\">Stellenangebote<\/a><\/li>\n<li class=\"menu-item menu-item-type-post_type menu-item-object-page menu-item-has-children menu-item-15295\"><a href=\"https:\/\/www.hullschool.ch\/de\/ueber-uns\/publikationen\/\" class=\"elementor-item\" tabindex=\"-1\">Publikationen<\/a>\n<ul class=\"sub-menu elementor-nav-menu--dropdown\">\n\t<li class=\"menu-item menu-item-type-custom menu-item-object-custom menu-item-14718\"><a href=\"\/de\/ueber-uns\/publikationen\/hulls-school-newsletter\/?filter=publications!is_custom_checkbox:Newsletter\" class=\"elementor-sub-item\" tabindex=\"-1\">Hull&#8217;s School Newsletter<\/a><\/li>\n\t<li class=\"menu-item menu-item-type-custom menu-item-object-custom menu-item-14719\"><a href=\"\/de\/ueber-uns\/publikationen\/yearbooks\/?filter=publications!is_custom_checkbox:Yearbooks\" class=\"elementor-sub-item\" tabindex=\"-1\">Yearbooks<\/a><\/li>\n\t<li class=\"menu-item menu-item-type-custom menu-item-object-custom menu-item-14720\"><a href=\"\/de\/ueber-uns\/publikationen\/hullarious-magazines\/?filter=publications!is_custom_checkbox:Hullarious%20Magazines\" class=\"elementor-sub-item\" tabindex=\"-1\">Hullarious Magazines<\/a><\/li>\n\t<li class=\"menu-item menu-item-type-custom menu-item-object-custom menu-item-14721\"><a href=\"\/de\/ueber-uns\/publikationen\/alumni-magazines\/?filter=publications!is_custom_checkbox:Alumni%20Magazines\" class=\"elementor-sub-item\" tabindex=\"-1\">Alumni Magazines<\/a><\/li>\n\t<li class=\"menu-item menu-item-type-custom menu-item-object-custom menu-item-14722\"><a href=\"\/de\/ueber-uns\/publikationen\/the-good-school-guide\/?filter=publications!is_custom_checkbox:The%20Good%20Schools%20Guide\" class=\"elementor-sub-item\" tabindex=\"-1\">The Good School Guide<\/a><\/li>\n\t<li class=\"menu-item menu-item-type-custom menu-item-object-custom menu-item-17253\"><a href=\"\/de\/ueber-uns\/publikationen\/akademisches-programm\/?filter=publications!is_custom_checkbox:Academic%20Programme\" class=\"elementor-sub-item\" tabindex=\"-1\">Akademisches Programm<\/a><\/li>\n\t<li class=\"menu-item menu-item-type-custom menu-item-object-custom menu-item-14723\"><a href=\"\/de\/ueber-uns\/publikationen\/a-guide-to-the-swiss-educational-system\/?filter=publications!is_custom_checkbox:Guide%3A%20Swiss%20Edu.%20System\" class=\"elementor-sub-item\" tabindex=\"-1\">A guide to the Swiss educational system<\/a><\/li>\n\t<li class=\"menu-item menu-item-type-post_type menu-item-object-page menu-item-15297\"><a href=\"https:\/\/www.hullschool.ch\/de\/ueber-uns\/publikationen\/aldous-huxley-museum\/\" class=\"elementor-sub-item\" tabindex=\"-1\">Aldous Huxley Museum<\/a><\/li>\n\t<li class=\"menu-item menu-item-type-custom menu-item-object-custom menu-item-17739\"><a href=\"\/de\/ueber-uns\/publikationen\/aldous-huxley-journal\/?filter=publications!is_custom_checkbox:Aldous%20Huxley%20Journal\" class=\"elementor-sub-item\" tabindex=\"-1\">Aldous Huxley Journal<\/a><\/li>\n\t<li class=\"menu-item menu-item-type-post_type menu-item-object-page menu-item-15296\"><a href=\"https:\/\/www.hullschool.ch\/de\/ueber-uns\/publikationen\/aldous-huxley-society\/\" class=\"elementor-sub-item\" tabindex=\"-1\">Aldous Huxley Society<\/a><\/li>\n\t<li class=\"menu-item menu-item-type-post_type menu-item-object-page menu-item-15298\"><a href=\"https:\/\/www.hullschool.ch\/de\/ueber-uns\/publikationen\/swiss-dyslexia-association-vds\/\" class=\"elementor-sub-item\" tabindex=\"-1\">Swiss Dyslexia Association (VDS)<\/a><\/li>\n<\/ul>\n<\/li>\n<li class=\"menu-item menu-item-type-post_type menu-item-object-page menu-item-15299\"><a href=\"https:\/\/www.hullschool.ch\/de\/ueber-uns\/campus\/\" class=\"elementor-item\" tabindex=\"-1\">Campus<\/a><\/li>\n<\/ul>\t\t\t<\/nav>\n\t\t\t\t\t\t<\/div>\n\t\t\t\t<\/div>\n\t\t\t\t<\/div>\n\t\t<div class=\"elementor-element elementor-element-c548b8b e-con-full e-flex e-con e-child\" data-id=\"c548b8b\" data-element_type=\"container\" data-e-type=\"container\">\n\t\t<div class=\"elementor-element elementor-element-67555326 e-con-full e-flex e-con e-child\" data-id=\"67555326\" data-element_type=\"container\" data-e-type=\"container\">\n\t\t\t\t<div class=\"elementor-element elementor-element-17f8e184 elementor-invisible elementor-widget elementor-widget-html\" data-id=\"17f8e184\" data-element_type=\"widget\" data-e-type=\"widget\" data-settings=\"{&quot;_animation&quot;:&quot;fadeInDown&quot;}\" data-widget_type=\"html.default\">\n\t\t\t\t<div class=\"elementor-widget-container\">\n\t\t\t\t\t<nav aria-label=\"breadcrumbs\" class=\"rank-math-breadcrumb\"><p><span class=\"last\">Home<\/span><\/p><\/nav>\t\t\t\t<\/div>\n\t\t\t\t<\/div>\n\t\t\t\t<div class=\"elementor-element elementor-element-d3efe8 titleafterstrich elementor-invisible elementor-widget elementor-widget-heading\" data-id=\"d3efe8\" data-element_type=\"widget\" data-e-type=\"widget\" data-settings=\"{&quot;_animation&quot;:&quot;fadeInDown&quot;}\" data-widget_type=\"heading.default\">\n\t\t\t\t<div class=\"elementor-widget-container\">\n\t\t\t\t\t<h1 class=\"elementor-heading-title elementor-size-default\">Schulkultur &amp; Sport<\/h1>\t\t\t\t<\/div>\n\t\t\t\t<\/div>\n\t\t\t\t<div class=\"elementor-element elementor-element-236a2093 linkmediumblue pad-t-s elementor-invisible elementor-widget elementor-widget-text-editor\" data-id=\"236a2093\" data-element_type=\"widget\" data-e-type=\"widget\" data-settings=\"{&quot;_animation&quot;:&quot;fadeInDown&quot;,&quot;_animation_delay&quot;:300}\" data-widget_type=\"text-editor.default\">\n\t\t\t\t<div class=\"elementor-widget-container\">\n\t\t\t\t\t\t\t\t\t<p>Die Sch\u00fcler werden ermutigt, Teil der Schulgemeinschaft zu werden, indem sie sich an ausserschulischen Aktivit\u00e4ten beteiligen. Ziel ist es, die Sch\u00fcler st\u00e4rker in die Schule einzubinden, die gegenseitige Unterst\u00fctzung zu f\u00f6rdern und ihnen die M\u00f6glichkeit zu geben, ihre St\u00e4rken zu entwickeln und sich als Teamplayer zu beweisen.<\/p><p>Wer Aktiv teilnimmt, erh\u00e4lt eine Bescheinigung, die bei einer Bewerbung an einer amerikanischen oder englischen Universit\u00e4t sehr n\u00fctzlich sein.<\/p><p>Die Schule bietet etwa 20 Clubs an, darunter Dabate, Ballkomitee, Sch\u00fclerzeitung, Schauspiel, Kunst, Videoproduktion, Philosophie, Musik, Duke of Edinburgh&#8217;s International Award und viele mehr.<\/p>\t\t\t\t\t\t\t\t<\/div>\n\t\t\t\t<\/div>\n\t\t\t\t<div class=\"elementor-element elementor-element-c73b2b1 elementor-invisible elementor-widget elementor-widget-button\" data-id=\"c73b2b1\" data-element_type=\"widget\" data-e-type=\"widget\" data-settings=\"{&quot;_animation&quot;:&quot;fadeInDown&quot;,&quot;_animation_delay&quot;:300}\" data-widget_type=\"button.default\">\n\t\t\t\t<div class=\"elementor-widget-container\">\n\t\t\t\t\t\t\t\t\t<div class=\"elementor-button-wrapper\">\n\t\t\t\t\t<a class=\"elementor-button elementor-button-link elementor-size-sm\" href=\"https:\/\/www.hullschool.ch\/de\/gymnasium\/weitere-aktivitaeten\/\">\n\t\t\t\t\t\t<span class=\"elementor-button-content-wrapper\">\n\t\t\t\t\t\t<span class=\"elementor-button-icon\">\n\t\t\t\t<svg aria-hidden=\"true\" class=\"e-font-icon-svg e-fas-long-arrow-alt-right\" viewBox=\"0 0 448 512\" xmlns=\"http:\/\/www.w3.org\/2000\/svg\"><path d=\"M313.941 216H12c-6.627 0-12 5.373-12 12v56c0 6.627 5.373 12 12 12h301.941v46.059c0 21.382 25.851 32.09 40.971 16.971l86.059-86.059c9.373-9.373 9.373-24.569 0-33.941l-86.059-86.059c-15.119-15.119-40.971-4.411-40.971 16.971V216z\"><\/path><\/svg>\t\t\t<\/span>\n\t\t\t\t\t\t\t\t\t<span class=\"elementor-button-text\">Details<\/span>\n\t\t\t\t\t<\/span>\n\t\t\t\t\t<\/a>\n\t\t\t\t<\/div>\n\t\t\t\t\t\t\t\t<\/div>\n\t\t\t\t<\/div>\n\t\t\t\t<\/div>\n\t\t<div class=\"elementor-element elementor-element-1abea2fe e-con-full e-flex e-con e-child\" data-id=\"1abea2fe\" data-element_type=\"container\" data-e-type=\"container\">\n\t\t\t\t<\/div>\n\t\t\t\t<\/div>\n\t\t\t\t\t<\/div>\n\t\t\t\t<\/div>\n\t\t\t\t<\/div>\n\t\t\t\t<\/div>\n\t\t","protected":false},"excerpt":{"rendered":"<p>Das erste College der Schweiz mit einem englischen 10. Schuljahr Schulkultur &#038; Sport Die Sch\u00fcler werden ermutigt, Teil der Schulgemeinschaft zu werden, indem sie sich an ausserschulischen Aktivit\u00e4ten beteiligen. Ziel ist es, die Sch\u00fcler st\u00e4rker in die Schule einzubinden, die gegenseitige Unterst\u00fctzung zu f\u00f6rdern und ihnen die M\u00f6glichkeit zu geben, ihre St\u00e4rken zu entwickeln und [&hellip;]<\/p>\n","protected":false},"author":1,"featured_media":0,"parent":14724,"menu_order":11,"comment_status":"closed","ping_status":"closed","template":"elementor_header_footer","meta":{"footnotes":"","_links_to":"","_links_to_target":""},"class_list":["post-14799","page","type-page","status-publish","hentry"],"_links":{"self":[{"href":"https:\/\/www.hullschool.ch\/de\/wp-json\/wp\/v2\/pages\/14799","targetHints":{"allow":["GET"]}}],"collection":[{"href":"https:\/\/www.hullschool.ch\/de\/wp-json\/wp\/v2\/pages"}],"about":[{"href":"https:\/\/www.hullschool.ch\/de\/wp-json\/wp\/v2\/types\/page"}],"author":[{"embeddable":true,"href":"https:\/\/www.hullschool.ch\/de\/wp-json\/wp\/v2\/users\/1"}],"replies":[{"embeddable":true,"href":"https:\/\/www.hullschool.ch\/de\/wp-json\/wp\/v2\/comments?post=14799"}],"version-history":[{"count":0,"href":"https:\/\/www.hullschool.ch\/de\/wp-json\/wp\/v2\/pages\/14799\/revisions"}],"up":[{"embeddable":true,"href":"https:\/\/www.hullschool.ch\/de\/wp-json\/wp\/v2\/pages\/14724"}],"wp:attachment":[{"href":"https:\/\/www.hullschool.ch\/de\/wp-json\/wp\/v2\/media?parent=14799"}],"curies":[{"name":"wp","href":"https:\/\/api.w.org\/{rel}","templated":true}]}}