{"id":14740,"date":"2024-05-24T16:41:37","date_gmt":"2024-05-24T14:41:37","guid":{"rendered":"https:\/\/existing-lookandfeel.hullschool.ch\/?page_id=14740"},"modified":"2025-08-20T15:05:34","modified_gmt":"2025-08-20T13:05:34","slug":"methodik","status":"publish","type":"page","link":"https:\/\/www.hullschool.ch\/de\/ueber-uns\/methodik\/","title":{"rendered":"Methodik"},"content":{"rendered":"\t\t<div data-elementor-type=\"wp-page\" data-elementor-id=\"14740\" class=\"elementor elementor-14740 elementor-11980\" data-elementor-post-type=\"page\">\n\t\t\t\t<div class=\"elementor-element elementor-element-61e129cd e-con-full pad-tb-l-first e-flex e-con e-parent\" data-id=\"61e129cd\" data-element_type=\"container\" data-e-type=\"container\" data-settings=\"{&quot;background_background&quot;:&quot;classic&quot;}\">\n\t\t<div class=\"elementor-element elementor-element-53f79b45 c-box e-flex e-con-boxed e-con e-child\" data-id=\"53f79b45\" data-element_type=\"container\" data-e-type=\"container\">\n\t\t\t\t\t<div class=\"e-con-inner\">\n\t\t<div class=\"elementor-element elementor-element-7ce3ece1 e-con-full e-flex e-con e-child\" data-id=\"7ce3ece1\" data-element_type=\"container\" data-e-type=\"container\">\n\t\t\t\t<div class=\"elementor-element elementor-element-53a13dd3 elementor-invisible elementor-widget elementor-widget-heading\" data-id=\"53a13dd3\" data-element_type=\"widget\" data-e-type=\"widget\" data-settings=\"{&quot;_animation&quot;:&quot;fadeInDown&quot;,&quot;_animation_delay&quot;:200}\" data-widget_type=\"heading.default\">\n\t\t\t\t<div class=\"elementor-widget-container\">\n\t\t\t\t\t<p class=\"elementor-heading-title elementor-size-default\">Das erste College der Schweiz\nmit einem englischen 10. Schuljahr<\/p>\t\t\t\t<\/div>\n\t\t\t\t<\/div>\n\t\t\t\t<\/div>\n\t\t\t\t\t<\/div>\n\t\t\t\t<\/div>\n\t\t\t\t<\/div>\n\t\t<div class=\"elementor-element elementor-element-2ad1dac e-con-full e-flex e-con e-parent\" data-id=\"2ad1dac\" data-element_type=\"container\" data-e-type=\"container\" data-settings=\"{&quot;background_background&quot;:&quot;classic&quot;}\">\n\t\t<div class=\"elementor-element elementor-element-3d2f114 c-box pad-tb-m e-flex e-con-boxed e-con e-child\" data-id=\"3d2f114\" data-element_type=\"container\" data-e-type=\"container\" data-settings=\"{&quot;background_background&quot;:&quot;classic&quot;}\">\n\t\t\t\t\t<div class=\"e-con-inner\">\n\t\t<div class=\"elementor-element elementor-element-2dc6eda5 e-con-full elementor-hidden-tablet elementor-hidden-mobile elementor-hidden-tablet_extra e-flex e-con e-child\" data-id=\"2dc6eda5\" data-element_type=\"container\" data-e-type=\"container\" data-settings=\"{&quot;background_background&quot;:&quot;classic&quot;}\">\n\t\t\t\t<div class=\"elementor-element elementor-element-35c2f5b verticalmenu elementor-nav-menu__text-align-aside elementor-widget elementor-widget-global elementor-global-11772 elementor-widget-nav-menu\" data-id=\"35c2f5b\" data-element_type=\"widget\" data-e-type=\"widget\" data-settings=\"{&quot;layout&quot;:&quot;dropdown&quot;,&quot;submenu_icon&quot;:{&quot;value&quot;:&quot;fas fa-chevron-down&quot;,&quot;library&quot;:&quot;fa-solid&quot;}}\" data-widget_type=\"nav-menu.default\">\n\t\t\t\t<div class=\"elementor-widget-container\">\n\t\t\t\t\t\t\t\t<nav class=\"elementor-nav-menu--dropdown elementor-nav-menu__container\" aria-hidden=\"true\">\n\t\t\t\t<ul id=\"menu-2-35c2f5b\" class=\"elementor-nav-menu\"><li class=\"menu-item menu-item-type-post_type menu-item-object-page menu-item-15276\"><a href=\"https:\/\/www.hullschool.ch\/de\/ueber-uns\/paedagogische-ziele-fuer-hulls-school-schueler\/\" class=\"elementor-item\" tabindex=\"-1\">P\u00e4dagogische Ziele<\/a><\/li>\n<li class=\"menu-item menu-item-type-post_type menu-item-object-page menu-item-has-children menu-item-15277\"><a href=\"https:\/\/www.hullschool.ch\/de\/ueber-uns\/leitbild\/\" class=\"elementor-item\" tabindex=\"-1\">Leitbild<\/a>\n<ul class=\"sub-menu elementor-nav-menu--dropdown\">\n\t<li class=\"menu-item menu-item-type-post_type menu-item-object-page menu-item-18353\"><a href=\"https:\/\/www.hullschool.ch\/de\/ueber-uns\/leitbild\/akademisches-programm\/\" class=\"elementor-sub-item\" tabindex=\"-1\">Akademisches Programm<\/a><\/li>\n<\/ul>\n<\/li>\n<li class=\"menu-item menu-item-type-post_type menu-item-object-page menu-item-18352\"><a href=\"https:\/\/www.hullschool.ch\/de\/ueber-uns\/faecher\/\" class=\"elementor-item\" tabindex=\"-1\">F\u00e4cher<\/a><\/li>\n<li class=\"menu-item menu-item-type-post_type menu-item-object-page menu-item-15278\"><a href=\"https:\/\/www.hullschool.ch\/de\/ueber-uns\/geschichte\/\" class=\"elementor-item\" tabindex=\"-1\">Geschichte<\/a><\/li>\n<li class=\"menu-item menu-item-type-post_type menu-item-object-page menu-item-15279\"><a href=\"https:\/\/www.hullschool.ch\/de\/ueber-uns\/methodik\/\" class=\"elementor-item\" tabindex=\"-1\">Methodik<\/a><\/li>\n<li class=\"menu-item menu-item-type-post_type menu-item-object-page menu-item-has-children menu-item-15280\"><a href=\"https:\/\/www.hullschool.ch\/de\/ueber-uns\/schulleitung\/\" class=\"elementor-item\" tabindex=\"-1\">Schulleitung<\/a>\n<ul class=\"sub-menu elementor-nav-menu--dropdown\">\n\t<li class=\"menu-item menu-item-type-post_type menu-item-object-page menu-item-15281\"><a href=\"https:\/\/www.hullschool.ch\/de\/ueber-uns\/schulleitung\/verwaltungsratspraesident\/\" class=\"elementor-sub-item\" tabindex=\"-1\">Verwaltungsratspr\u00e4sident: Robin Hull<\/a><\/li>\n\t<li class=\"menu-item menu-item-type-post_type menu-item-object-page menu-item-15282\"><a href=\"https:\/\/www.hullschool.ch\/de\/ueber-uns\/schulleitung\/rektor\/\" class=\"elementor-sub-item\" tabindex=\"-1\">Rektor: James Cunningham<\/a><\/li>\n\t<li class=\"menu-item menu-item-type-post_type menu-item-object-page menu-item-15283\"><a href=\"https:\/\/www.hullschool.ch\/de\/ueber-uns\/schulleitung\/schulleitung-prorektor\/\" class=\"elementor-sub-item\" tabindex=\"-1\">Prorektor: Patrick Durkin<\/a><\/li>\n<\/ul>\n<\/li>\n<li class=\"menu-item menu-item-type-post_type menu-item-object-page menu-item-15284\"><a href=\"https:\/\/www.hullschool.ch\/de\/ueber-uns\/mitarbeiter\/\" class=\"elementor-item\" tabindex=\"-1\">Mitarbeiter<\/a><\/li>\n<li class=\"menu-item menu-item-type-post_type menu-item-object-page menu-item-15285\"><a href=\"https:\/\/www.hullschool.ch\/de\/ueber-uns\/qualitaet\/\" class=\"elementor-item\" tabindex=\"-1\">Qualit\u00e4t<\/a><\/li>\n<li class=\"menu-item menu-item-type-post_type menu-item-object-page menu-item-15286\"><a href=\"https:\/\/www.hullschool.ch\/de\/ueber-uns\/pruefungszentrum\/\" class=\"elementor-item\" tabindex=\"-1\">Pr\u00fcfungszentrum<\/a><\/li>\n<li class=\"menu-item menu-item-type-post_type menu-item-object-page menu-item-15287\"><a href=\"https:\/\/www.hullschool.ch\/de\/ueber-uns\/schulkalender-und-ferienplan\/\" class=\"elementor-item\" tabindex=\"-1\">Schulkalender &#038; Ferienplan<\/a><\/li>\n<li class=\"menu-item menu-item-type-post_type menu-item-object-page menu-item-has-children menu-item-15288\"><a href=\"https:\/\/www.hullschool.ch\/de\/ueber-uns\/aufnahme\/\" class=\"elementor-item\" tabindex=\"-1\">Aufnahme<\/a>\n<ul class=\"sub-menu elementor-nav-menu--dropdown\">\n\t<li class=\"menu-item menu-item-type-post_type menu-item-object-page menu-item-15289\"><a href=\"https:\/\/www.hullschool.ch\/de\/ueber-uns\/aufnahme\/einschreibung\/\" class=\"elementor-sub-item\" tabindex=\"-1\">Einschreibung<\/a><\/li>\n\t<li class=\"menu-item menu-item-type-post_type menu-item-object-page menu-item-15290\"><a href=\"https:\/\/www.hullschool.ch\/de\/ueber-uns\/aufnahme\/generelle-informationen\/\" class=\"elementor-sub-item\" tabindex=\"-1\">Generelle Informationen<\/a><\/li>\n\t<li class=\"menu-item menu-item-type-post_type menu-item-object-page menu-item-15291\"><a href=\"https:\/\/www.hullschool.ch\/de\/10-schuljahr\/schulgeld\/\" class=\"elementor-sub-item\" tabindex=\"-1\">Schulgeld<\/a><\/li>\n<\/ul>\n<\/li>\n<li class=\"menu-item menu-item-type-post_type menu-item-object-page menu-item-15292\"><a href=\"https:\/\/www.hullschool.ch\/de\/eltern\/allgemeine-informationen\/schulkultur-und-sport\/\" class=\"elementor-item\" tabindex=\"-1\">Schulkultur und Sport<\/a><\/li>\n<li class=\"menu-item menu-item-type-post_type menu-item-object-page menu-item-18354\"><a href=\"https:\/\/www.hullschool.ch\/de\/ueber-uns\/universitaeten\/\" class=\"elementor-item\" tabindex=\"-1\">Universit\u00e4ten<\/a><\/li>\n<li class=\"menu-item menu-item-type-post_type menu-item-object-page menu-item-18355\"><a href=\"https:\/\/www.hullschool.ch\/de\/ueber-uns\/uebersicht-ueber-das-schweizer-und-das-britische-system\/\" class=\"elementor-item\" tabindex=\"-1\">\u00dcbersicht \u00fcber das Schweizer und das Britische System<\/a><\/li>\n<li class=\"menu-item menu-item-type-post_type menu-item-object-page menu-item-15293\"><a href=\"https:\/\/www.hullschool.ch\/de\/ueber-uns\/partner-links\/\" class=\"elementor-item\" tabindex=\"-1\">Partner &#038; Links<\/a><\/li>\n<li class=\"menu-item menu-item-type-post_type menu-item-object-page menu-item-15294\"><a href=\"https:\/\/www.hullschool.ch\/de\/ueber-uns\/stellenangebote\/\" class=\"elementor-item\" tabindex=\"-1\">Stellenangebote<\/a><\/li>\n<li class=\"menu-item menu-item-type-post_type menu-item-object-page menu-item-has-children menu-item-15295\"><a href=\"https:\/\/www.hullschool.ch\/de\/ueber-uns\/publikationen\/\" class=\"elementor-item\" tabindex=\"-1\">Publikationen<\/a>\n<ul class=\"sub-menu elementor-nav-menu--dropdown\">\n\t<li class=\"menu-item menu-item-type-custom menu-item-object-custom menu-item-14718\"><a href=\"\/de\/ueber-uns\/publikationen\/hulls-school-newsletter\/?filter=publications!is_custom_checkbox:Newsletter\" class=\"elementor-sub-item\" tabindex=\"-1\">Hull&#8217;s School Newsletter<\/a><\/li>\n\t<li class=\"menu-item menu-item-type-custom menu-item-object-custom menu-item-14719\"><a href=\"\/de\/ueber-uns\/publikationen\/yearbooks\/?filter=publications!is_custom_checkbox:Yearbooks\" class=\"elementor-sub-item\" tabindex=\"-1\">Yearbooks<\/a><\/li>\n\t<li class=\"menu-item menu-item-type-custom menu-item-object-custom menu-item-14720\"><a href=\"\/de\/ueber-uns\/publikationen\/hullarious-magazines\/?filter=publications!is_custom_checkbox:Hullarious%20Magazines\" class=\"elementor-sub-item\" tabindex=\"-1\">Hullarious Magazines<\/a><\/li>\n\t<li class=\"menu-item menu-item-type-custom menu-item-object-custom menu-item-14721\"><a href=\"\/de\/ueber-uns\/publikationen\/alumni-magazines\/?filter=publications!is_custom_checkbox:Alumni%20Magazines\" class=\"elementor-sub-item\" tabindex=\"-1\">Alumni Magazines<\/a><\/li>\n\t<li class=\"menu-item menu-item-type-custom menu-item-object-custom menu-item-14722\"><a href=\"\/de\/ueber-uns\/publikationen\/the-good-school-guide\/?filter=publications!is_custom_checkbox:The%20Good%20Schools%20Guide\" class=\"elementor-sub-item\" tabindex=\"-1\">The Good School Guide<\/a><\/li>\n\t<li class=\"menu-item menu-item-type-custom menu-item-object-custom menu-item-17253\"><a href=\"\/de\/ueber-uns\/publikationen\/akademisches-programm\/?filter=publications!is_custom_checkbox:Academic%20Programme\" class=\"elementor-sub-item\" tabindex=\"-1\">Akademisches Programm<\/a><\/li>\n\t<li class=\"menu-item menu-item-type-custom menu-item-object-custom menu-item-14723\"><a href=\"\/de\/ueber-uns\/publikationen\/a-guide-to-the-swiss-educational-system\/?filter=publications!is_custom_checkbox:Guide%3A%20Swiss%20Edu.%20System\" class=\"elementor-sub-item\" tabindex=\"-1\">A guide to the Swiss educational system<\/a><\/li>\n\t<li class=\"menu-item menu-item-type-post_type menu-item-object-page menu-item-15297\"><a href=\"https:\/\/www.hullschool.ch\/de\/ueber-uns\/publikationen\/aldous-huxley-museum\/\" class=\"elementor-sub-item\" tabindex=\"-1\">Aldous Huxley Museum<\/a><\/li>\n\t<li class=\"menu-item menu-item-type-custom menu-item-object-custom menu-item-17739\"><a href=\"\/de\/ueber-uns\/publikationen\/aldous-huxley-journal\/?filter=publications!is_custom_checkbox:Aldous%20Huxley%20Journal\" class=\"elementor-sub-item\" tabindex=\"-1\">Aldous Huxley Journal<\/a><\/li>\n\t<li class=\"menu-item menu-item-type-post_type menu-item-object-page menu-item-15296\"><a href=\"https:\/\/www.hullschool.ch\/de\/ueber-uns\/publikationen\/aldous-huxley-society\/\" class=\"elementor-sub-item\" tabindex=\"-1\">Aldous Huxley Society<\/a><\/li>\n\t<li class=\"menu-item menu-item-type-post_type menu-item-object-page menu-item-15298\"><a href=\"https:\/\/www.hullschool.ch\/de\/ueber-uns\/publikationen\/swiss-dyslexia-association-vds\/\" class=\"elementor-sub-item\" tabindex=\"-1\">Swiss Dyslexia Association (VDS)<\/a><\/li>\n<\/ul>\n<\/li>\n<li class=\"menu-item menu-item-type-post_type menu-item-object-page menu-item-15299\"><a href=\"https:\/\/www.hullschool.ch\/de\/ueber-uns\/campus\/\" class=\"elementor-item\" tabindex=\"-1\">Campus<\/a><\/li>\n<\/ul>\t\t\t<\/nav>\n\t\t\t\t\t\t<\/div>\n\t\t\t\t<\/div>\n\t\t\t\t<\/div>\n\t\t<div class=\"elementor-element elementor-element-c548b8b e-con-full e-flex e-con e-child\" data-id=\"c548b8b\" data-element_type=\"container\" data-e-type=\"container\">\n\t\t<div class=\"elementor-element elementor-element-67555326 e-con-full e-flex e-con e-child\" data-id=\"67555326\" data-element_type=\"container\" data-e-type=\"container\">\n\t\t\t\t<div class=\"elementor-element elementor-element-17f8e184 elementor-invisible elementor-widget elementor-widget-html\" data-id=\"17f8e184\" data-element_type=\"widget\" data-e-type=\"widget\" data-settings=\"{&quot;_animation&quot;:&quot;fadeInDown&quot;}\" data-widget_type=\"html.default\">\n\t\t\t\t<div class=\"elementor-widget-container\">\n\t\t\t\t\t<nav aria-label=\"breadcrumbs\" class=\"rank-math-breadcrumb\"><p><span class=\"last\">Home<\/span><\/p><\/nav>\t\t\t\t<\/div>\n\t\t\t\t<\/div>\n\t\t\t\t<div class=\"elementor-element elementor-element-d3efe8 titleafterstrich elementor-invisible elementor-widget elementor-widget-heading\" data-id=\"d3efe8\" data-element_type=\"widget\" data-e-type=\"widget\" data-settings=\"{&quot;_animation&quot;:&quot;fadeInDown&quot;}\" data-widget_type=\"heading.default\">\n\t\t\t\t<div class=\"elementor-widget-container\">\n\t\t\t\t\t<h1 class=\"elementor-heading-title elementor-size-default\">Methodik<\/h1>\t\t\t\t<\/div>\n\t\t\t\t<\/div>\n\t\t\t\t<div class=\"elementor-element elementor-element-236a2093 linkmediumblue pad-t-s elementor-invisible elementor-widget elementor-widget-text-editor\" data-id=\"236a2093\" data-element_type=\"widget\" data-e-type=\"widget\" data-settings=\"{&quot;_animation&quot;:&quot;fadeInDown&quot;,&quot;_animation_delay&quot;:300}\" data-widget_type=\"text-editor.default\">\n\t\t\t\t<div class=\"elementor-widget-container\">\n\t\t\t\t\t\t\t\t\t<p>Viele Jugendliche entdecken an einem englischen College die Freude am Lernen:<\/p><ul><li>Englisch erfreut sich grosser Beliebtheit<\/li><li>Jugendliche werden in ihren St\u00e4rken gef\u00f6rdert<\/li><li>Schw\u00e4chen werden fr\u00fchzeitig erkannt und mit St\u00fctzunterricht behoben<\/li><li>auch Problemf\u00e4cher k\u00f6nnen Spass machen, wenn sie auf Englisch unterrichtet werden<\/li><li>eigenst\u00e4ndiges Denken und Teamwork werden aktiv gef\u00f6rdert<\/li><li>neue kulturelle Horizonte werden vermittelt<\/li><li>das britische System vermittelt Erfolgserlebnisse und f\u00f6rdert die Selbst\u00e4ndigkeit<\/li><li>englischsprachige Lehrer engagieren sich f\u00fcr ihre Sch\u00fcler und helfen ihnen bei sprachlichen Problemen<\/li><li>Laptops und iPads d\u00fcrfen im Unterricht nur verwendet werden, wenn der Sch\u00fcler von unseren Pr\u00fcfungsaussch\u00fcssen, Foundations for Learning dazu berechtigt wurde oder wenn er ein \u00e4rztliches Attest vorweisen kann<\/li><\/ul>\t\t\t\t\t\t\t\t<\/div>\n\t\t\t\t<\/div>\n\t\t\t\t<div class=\"elementor-element elementor-element-57e4f652 elementor-widget elementor-widget-image\" data-id=\"57e4f652\" data-element_type=\"widget\" data-e-type=\"widget\" data-widget_type=\"image.default\">\n\t\t\t\t<div class=\"elementor-widget-container\">\n\t\t\t\t\t\t\t\t\t\t\t\t<figure class=\"wp-caption\">\n\t\t\t\t\t\t\t\t\t\t<img fetchpriority=\"high\" decoding=\"async\" width=\"1248\" height=\"784\" src=\"https:\/\/www.hullschool.ch\/wp-content\/uploads\/hullschool_students-in-class_pro.jpg\" class=\"attachment-full size-full wp-image-11986\" alt=\"\" srcset=\"https:\/\/www.hullschool.ch\/wp-content\/uploads\/hullschool_students-in-class_pro.jpg 1248w, https:\/\/www.hullschool.ch\/wp-content\/uploads\/hullschool_students-in-class_pro-300x188.jpg 300w, https:\/\/www.hullschool.ch\/wp-content\/uploads\/hullschool_students-in-class_pro-1024x643.jpg 1024w, https:\/\/www.hullschool.ch\/wp-content\/uploads\/hullschool_students-in-class_pro-768x482.jpg 768w\" sizes=\"(max-width: 1248px) 100vw, 1248px\" \/>\t\t\t\t\t\t\t\t\t\t\t<figcaption class=\"widget-image-caption wp-caption-text\">Schulstunde<\/figcaption>\n\t\t\t\t\t\t\t\t\t\t<\/figure>\n\t\t\t\t\t\t\t\t\t<\/div>\n\t\t\t\t<\/div>\n\t\t\t\t<\/div>\n\t\t<div class=\"elementor-element elementor-element-1abea2fe e-con-full e-flex e-con e-child\" data-id=\"1abea2fe\" data-element_type=\"container\" data-e-type=\"container\">\n\t\t\t\t<\/div>\n\t\t\t\t<\/div>\n\t\t\t\t\t<\/div>\n\t\t\t\t<\/div>\n\t\t\t\t<\/div>\n\t\t\t\t<\/div>\n\t\t","protected":false},"excerpt":{"rendered":"<p>Das erste College der Schweiz mit einem englischen 10. Schuljahr Methodik Viele Jugendliche entdecken an einem englischen College die Freude am Lernen: Englisch erfreut sich grosser Beliebtheit Jugendliche werden in ihren St\u00e4rken gef\u00f6rdert Schw\u00e4chen werden fr\u00fchzeitig erkannt und mit St\u00fctzunterricht behoben auch Problemf\u00e4cher k\u00f6nnen Spass machen, wenn sie auf Englisch unterrichtet werden eigenst\u00e4ndiges Denken und [&hellip;]<\/p>\n","protected":false},"author":1,"featured_media":0,"parent":14724,"menu_order":4,"comment_status":"closed","ping_status":"closed","template":"elementor_header_footer","meta":{"footnotes":"","_links_to":"","_links_to_target":""},"class_list":["post-14740","page","type-page","status-publish","hentry"],"_links":{"self":[{"href":"https:\/\/www.hullschool.ch\/de\/wp-json\/wp\/v2\/pages\/14740","targetHints":{"allow":["GET"]}}],"collection":[{"href":"https:\/\/www.hullschool.ch\/de\/wp-json\/wp\/v2\/pages"}],"about":[{"href":"https:\/\/www.hullschool.ch\/de\/wp-json\/wp\/v2\/types\/page"}],"author":[{"embeddable":true,"href":"https:\/\/www.hullschool.ch\/de\/wp-json\/wp\/v2\/users\/1"}],"replies":[{"embeddable":true,"href":"https:\/\/www.hullschool.ch\/de\/wp-json\/wp\/v2\/comments?post=14740"}],"version-history":[{"count":3,"href":"https:\/\/www.hullschool.ch\/de\/wp-json\/wp\/v2\/pages\/14740\/revisions"}],"predecessor-version":[{"id":19649,"href":"https:\/\/www.hullschool.ch\/de\/wp-json\/wp\/v2\/pages\/14740\/revisions\/19649"}],"up":[{"embeddable":true,"href":"https:\/\/www.hullschool.ch\/de\/wp-json\/wp\/v2\/pages\/14724"}],"wp:attachment":[{"href":"https:\/\/www.hullschool.ch\/de\/wp-json\/wp\/v2\/media?parent=14740"}],"curies":[{"name":"wp","href":"https:\/\/api.w.org\/{rel}","templated":true}]}}