{"id":14732,"date":"2023-08-15T15:42:00","date_gmt":"2023-08-15T13:42:00","guid":{"rendered":"https:\/\/existing-lookandfeel.hullschool.ch\/?page_id=14732"},"modified":"2025-06-14T14:29:48","modified_gmt":"2025-06-14T12:29:48","slug":"leitbild","status":"publish","type":"page","link":"https:\/\/www.hullschool.ch\/de\/ueber-uns\/leitbild\/","title":{"rendered":"Leitbild"},"content":{"rendered":"\t\t<div data-elementor-type=\"wp-page\" data-elementor-id=\"14732\" class=\"elementor elementor-14732 elementor-11658\" data-elementor-post-type=\"page\">\n\t\t\t\t<div class=\"elementor-element elementor-element-ea95ff5 e-con-full pad-tb-l-first e-flex e-con e-parent\" data-id=\"ea95ff5\" data-element_type=\"container\" data-e-type=\"container\" data-settings=\"{&quot;background_background&quot;:&quot;classic&quot;}\">\n\t\t<div class=\"elementor-element elementor-element-3f0709f c-box e-flex e-con-boxed e-con e-child\" data-id=\"3f0709f\" data-element_type=\"container\" data-e-type=\"container\">\n\t\t\t\t\t<div class=\"e-con-inner\">\n\t\t<div class=\"elementor-element elementor-element-1c17bf9 e-con-full e-flex e-con e-child\" data-id=\"1c17bf9\" data-element_type=\"container\" data-e-type=\"container\">\n\t\t\t\t<div class=\"elementor-element elementor-element-fd171db elementor-invisible elementor-widget elementor-widget-heading\" data-id=\"fd171db\" data-element_type=\"widget\" data-e-type=\"widget\" data-settings=\"{&quot;_animation&quot;:&quot;fadeInDown&quot;,&quot;_animation_delay&quot;:200}\" data-widget_type=\"heading.default\">\n\t\t\t\t<div class=\"elementor-widget-container\">\n\t\t\t\t\t<p class=\"elementor-heading-title elementor-size-default\">Das erste College der Schweiz\nmit einem englischen 10. Schuljahr<\/p>\t\t\t\t<\/div>\n\t\t\t\t<\/div>\n\t\t\t\t<\/div>\n\t\t\t\t\t<\/div>\n\t\t\t\t<\/div>\n\t\t\t\t<\/div>\n\t\t<div class=\"elementor-element elementor-element-2ad1dac e-con-full e-flex e-con e-parent\" data-id=\"2ad1dac\" data-element_type=\"container\" data-e-type=\"container\" data-settings=\"{&quot;background_background&quot;:&quot;classic&quot;}\">\n\t\t<div class=\"elementor-element elementor-element-3d2f114 c-box pad-tb-m e-flex e-con-boxed e-con e-child\" data-id=\"3d2f114\" data-element_type=\"container\" data-e-type=\"container\" data-settings=\"{&quot;background_background&quot;:&quot;classic&quot;}\">\n\t\t\t\t\t<div class=\"e-con-inner\">\n\t\t<div class=\"elementor-element elementor-element-2dc6eda5 e-con-full elementor-hidden-tablet_extra elementor-hidden-tablet elementor-hidden-mobile e-flex e-con e-child\" data-id=\"2dc6eda5\" data-element_type=\"container\" data-e-type=\"container\" data-settings=\"{&quot;background_background&quot;:&quot;classic&quot;}\">\n\t\t\t\t<div class=\"elementor-element elementor-element-35c2f5b verticalmenu elementor-nav-menu__text-align-aside elementor-widget elementor-widget-global elementor-global-11772 elementor-widget-nav-menu\" data-id=\"35c2f5b\" data-element_type=\"widget\" data-e-type=\"widget\" data-settings=\"{&quot;layout&quot;:&quot;dropdown&quot;,&quot;submenu_icon&quot;:{&quot;value&quot;:&quot;fas fa-chevron-down&quot;,&quot;library&quot;:&quot;fa-solid&quot;}}\" data-widget_type=\"nav-menu.default\">\n\t\t\t\t<div class=\"elementor-widget-container\">\n\t\t\t\t\t\t\t\t<nav class=\"elementor-nav-menu--dropdown elementor-nav-menu__container\" aria-hidden=\"true\">\n\t\t\t\t<ul id=\"menu-2-35c2f5b\" class=\"elementor-nav-menu\"><li class=\"menu-item menu-item-type-post_type menu-item-object-page menu-item-15276\"><a href=\"https:\/\/www.hullschool.ch\/de\/ueber-uns\/paedagogische-ziele-fuer-hulls-school-schueler\/\" class=\"elementor-item\" tabindex=\"-1\">P\u00e4dagogische Ziele<\/a><\/li>\n<li class=\"menu-item menu-item-type-post_type menu-item-object-page menu-item-has-children menu-item-15277\"><a href=\"https:\/\/www.hullschool.ch\/de\/ueber-uns\/leitbild\/\" class=\"elementor-item\" tabindex=\"-1\">Leitbild<\/a>\n<ul class=\"sub-menu elementor-nav-menu--dropdown\">\n\t<li class=\"menu-item menu-item-type-post_type menu-item-object-page menu-item-18353\"><a href=\"https:\/\/www.hullschool.ch\/de\/ueber-uns\/leitbild\/akademisches-programm\/\" class=\"elementor-sub-item\" tabindex=\"-1\">Akademisches Programm<\/a><\/li>\n<\/ul>\n<\/li>\n<li class=\"menu-item menu-item-type-post_type menu-item-object-page menu-item-18352\"><a href=\"https:\/\/www.hullschool.ch\/de\/ueber-uns\/faecher\/\" class=\"elementor-item\" tabindex=\"-1\">F\u00e4cher<\/a><\/li>\n<li class=\"menu-item menu-item-type-post_type menu-item-object-page menu-item-15278\"><a href=\"https:\/\/www.hullschool.ch\/de\/ueber-uns\/geschichte\/\" class=\"elementor-item\" tabindex=\"-1\">Geschichte<\/a><\/li>\n<li class=\"menu-item menu-item-type-post_type menu-item-object-page menu-item-15279\"><a href=\"https:\/\/www.hullschool.ch\/de\/ueber-uns\/methodik\/\" class=\"elementor-item\" tabindex=\"-1\">Methodik<\/a><\/li>\n<li class=\"menu-item menu-item-type-post_type menu-item-object-page menu-item-has-children menu-item-15280\"><a href=\"https:\/\/www.hullschool.ch\/de\/ueber-uns\/schulleitung\/\" class=\"elementor-item\" tabindex=\"-1\">Schulleitung<\/a>\n<ul class=\"sub-menu elementor-nav-menu--dropdown\">\n\t<li class=\"menu-item menu-item-type-post_type menu-item-object-page menu-item-15281\"><a href=\"https:\/\/www.hullschool.ch\/de\/ueber-uns\/schulleitung\/verwaltungsratspraesident\/\" class=\"elementor-sub-item\" tabindex=\"-1\">Verwaltungsratspr\u00e4sident: Robin Hull<\/a><\/li>\n\t<li class=\"menu-item menu-item-type-post_type menu-item-object-page menu-item-15282\"><a href=\"https:\/\/www.hullschool.ch\/de\/ueber-uns\/schulleitung\/rektor\/\" class=\"elementor-sub-item\" tabindex=\"-1\">Rektor: James Cunningham<\/a><\/li>\n\t<li class=\"menu-item menu-item-type-post_type menu-item-object-page menu-item-15283\"><a href=\"https:\/\/www.hullschool.ch\/de\/ueber-uns\/schulleitung\/schulleitung-prorektor\/\" class=\"elementor-sub-item\" tabindex=\"-1\">Prorektor: Patrick Durkin<\/a><\/li>\n<\/ul>\n<\/li>\n<li class=\"menu-item menu-item-type-post_type menu-item-object-page menu-item-15284\"><a href=\"https:\/\/www.hullschool.ch\/de\/ueber-uns\/mitarbeiter\/\" class=\"elementor-item\" tabindex=\"-1\">Mitarbeiter<\/a><\/li>\n<li class=\"menu-item menu-item-type-post_type menu-item-object-page menu-item-15285\"><a href=\"https:\/\/www.hullschool.ch\/de\/ueber-uns\/qualitaet\/\" class=\"elementor-item\" tabindex=\"-1\">Qualit\u00e4t<\/a><\/li>\n<li class=\"menu-item menu-item-type-post_type menu-item-object-page menu-item-15286\"><a href=\"https:\/\/www.hullschool.ch\/de\/ueber-uns\/pruefungszentrum\/\" class=\"elementor-item\" tabindex=\"-1\">Pr\u00fcfungszentrum<\/a><\/li>\n<li class=\"menu-item menu-item-type-post_type menu-item-object-page menu-item-15287\"><a href=\"https:\/\/www.hullschool.ch\/de\/ueber-uns\/schulkalender-und-ferienplan\/\" class=\"elementor-item\" tabindex=\"-1\">Schulkalender &#038; Ferienplan<\/a><\/li>\n<li class=\"menu-item menu-item-type-post_type menu-item-object-page menu-item-has-children menu-item-15288\"><a href=\"https:\/\/www.hullschool.ch\/de\/ueber-uns\/aufnahme\/\" class=\"elementor-item\" tabindex=\"-1\">Aufnahme<\/a>\n<ul class=\"sub-menu elementor-nav-menu--dropdown\">\n\t<li class=\"menu-item menu-item-type-post_type menu-item-object-page menu-item-15289\"><a href=\"https:\/\/www.hullschool.ch\/de\/ueber-uns\/aufnahme\/einschreibung\/\" class=\"elementor-sub-item\" tabindex=\"-1\">Einschreibung<\/a><\/li>\n\t<li class=\"menu-item menu-item-type-post_type menu-item-object-page menu-item-15290\"><a href=\"https:\/\/www.hullschool.ch\/de\/ueber-uns\/aufnahme\/generelle-informationen\/\" class=\"elementor-sub-item\" tabindex=\"-1\">Generelle Informationen<\/a><\/li>\n\t<li class=\"menu-item menu-item-type-post_type menu-item-object-page menu-item-15291\"><a href=\"https:\/\/www.hullschool.ch\/de\/10-schuljahr\/schulgeld\/\" class=\"elementor-sub-item\" tabindex=\"-1\">Schulgeld<\/a><\/li>\n<\/ul>\n<\/li>\n<li class=\"menu-item menu-item-type-post_type menu-item-object-page menu-item-15292\"><a href=\"https:\/\/www.hullschool.ch\/de\/eltern\/allgemeine-informationen\/schulkultur-und-sport\/\" class=\"elementor-item\" tabindex=\"-1\">Schulkultur und Sport<\/a><\/li>\n<li class=\"menu-item menu-item-type-post_type menu-item-object-page menu-item-18354\"><a href=\"https:\/\/www.hullschool.ch\/de\/ueber-uns\/universitaeten\/\" class=\"elementor-item\" tabindex=\"-1\">Universit\u00e4ten<\/a><\/li>\n<li class=\"menu-item menu-item-type-post_type menu-item-object-page menu-item-18355\"><a href=\"https:\/\/www.hullschool.ch\/de\/ueber-uns\/uebersicht-ueber-das-schweizer-und-das-britische-system\/\" class=\"elementor-item\" tabindex=\"-1\">\u00dcbersicht \u00fcber das Schweizer und das Britische System<\/a><\/li>\n<li class=\"menu-item menu-item-type-post_type menu-item-object-page menu-item-15293\"><a href=\"https:\/\/www.hullschool.ch\/de\/ueber-uns\/partner-links\/\" class=\"elementor-item\" tabindex=\"-1\">Partner &#038; Links<\/a><\/li>\n<li class=\"menu-item menu-item-type-post_type menu-item-object-page menu-item-15294\"><a href=\"https:\/\/www.hullschool.ch\/de\/ueber-uns\/stellenangebote\/\" class=\"elementor-item\" tabindex=\"-1\">Stellenangebote<\/a><\/li>\n<li class=\"menu-item menu-item-type-post_type menu-item-object-page menu-item-has-children menu-item-15295\"><a href=\"https:\/\/www.hullschool.ch\/de\/ueber-uns\/publikationen\/\" class=\"elementor-item\" tabindex=\"-1\">Publikationen<\/a>\n<ul class=\"sub-menu elementor-nav-menu--dropdown\">\n\t<li class=\"menu-item menu-item-type-custom menu-item-object-custom menu-item-14718\"><a href=\"\/de\/ueber-uns\/publikationen\/hulls-school-newsletter\/?filter=publications!is_custom_checkbox:Newsletter\" class=\"elementor-sub-item\" tabindex=\"-1\">Hull&#8217;s School Newsletter<\/a><\/li>\n\t<li class=\"menu-item menu-item-type-custom menu-item-object-custom menu-item-14719\"><a href=\"\/de\/ueber-uns\/publikationen\/yearbooks\/?filter=publications!is_custom_checkbox:Yearbooks\" class=\"elementor-sub-item\" tabindex=\"-1\">Yearbooks<\/a><\/li>\n\t<li class=\"menu-item menu-item-type-custom menu-item-object-custom menu-item-14720\"><a href=\"\/de\/ueber-uns\/publikationen\/hullarious-magazines\/?filter=publications!is_custom_checkbox:Hullarious%20Magazines\" class=\"elementor-sub-item\" tabindex=\"-1\">Hullarious Magazines<\/a><\/li>\n\t<li class=\"menu-item menu-item-type-custom menu-item-object-custom menu-item-14721\"><a href=\"\/de\/ueber-uns\/publikationen\/alumni-magazines\/?filter=publications!is_custom_checkbox:Alumni%20Magazines\" class=\"elementor-sub-item\" tabindex=\"-1\">Alumni Magazines<\/a><\/li>\n\t<li class=\"menu-item menu-item-type-custom menu-item-object-custom menu-item-14722\"><a href=\"\/de\/ueber-uns\/publikationen\/the-good-school-guide\/?filter=publications!is_custom_checkbox:The%20Good%20Schools%20Guide\" class=\"elementor-sub-item\" tabindex=\"-1\">The Good School Guide<\/a><\/li>\n\t<li class=\"menu-item menu-item-type-custom menu-item-object-custom menu-item-17253\"><a href=\"\/de\/ueber-uns\/publikationen\/akademisches-programm\/?filter=publications!is_custom_checkbox:Academic%20Programme\" class=\"elementor-sub-item\" tabindex=\"-1\">Akademisches Programm<\/a><\/li>\n\t<li class=\"menu-item menu-item-type-custom menu-item-object-custom menu-item-14723\"><a href=\"\/de\/ueber-uns\/publikationen\/a-guide-to-the-swiss-educational-system\/?filter=publications!is_custom_checkbox:Guide%3A%20Swiss%20Edu.%20System\" class=\"elementor-sub-item\" tabindex=\"-1\">A guide to the Swiss educational system<\/a><\/li>\n\t<li class=\"menu-item menu-item-type-post_type menu-item-object-page menu-item-15297\"><a href=\"https:\/\/www.hullschool.ch\/de\/ueber-uns\/publikationen\/aldous-huxley-museum\/\" class=\"elementor-sub-item\" tabindex=\"-1\">Aldous Huxley Museum<\/a><\/li>\n\t<li class=\"menu-item menu-item-type-custom menu-item-object-custom menu-item-17739\"><a href=\"\/de\/ueber-uns\/publikationen\/aldous-huxley-journal\/?filter=publications!is_custom_checkbox:Aldous%20Huxley%20Journal\" class=\"elementor-sub-item\" tabindex=\"-1\">Aldous Huxley Journal<\/a><\/li>\n\t<li class=\"menu-item menu-item-type-post_type menu-item-object-page menu-item-15296\"><a href=\"https:\/\/www.hullschool.ch\/de\/ueber-uns\/publikationen\/aldous-huxley-society\/\" class=\"elementor-sub-item\" tabindex=\"-1\">Aldous Huxley Society<\/a><\/li>\n\t<li class=\"menu-item menu-item-type-post_type menu-item-object-page menu-item-15298\"><a href=\"https:\/\/www.hullschool.ch\/de\/ueber-uns\/publikationen\/swiss-dyslexia-association-vds\/\" class=\"elementor-sub-item\" tabindex=\"-1\">Swiss Dyslexia Association (VDS)<\/a><\/li>\n<\/ul>\n<\/li>\n<li class=\"menu-item menu-item-type-post_type menu-item-object-page menu-item-15299\"><a href=\"https:\/\/www.hullschool.ch\/de\/ueber-uns\/campus\/\" class=\"elementor-item\" tabindex=\"-1\">Campus<\/a><\/li>\n<\/ul>\t\t\t<\/nav>\n\t\t\t\t\t\t<\/div>\n\t\t\t\t<\/div>\n\t\t\t\t<\/div>\n\t\t<div class=\"elementor-element elementor-element-c548b8b e-con-full e-flex e-con e-child\" data-id=\"c548b8b\" data-element_type=\"container\" data-e-type=\"container\">\n\t\t<div class=\"elementor-element elementor-element-67555326 e-con-full e-flex e-con e-child\" data-id=\"67555326\" data-element_type=\"container\" data-e-type=\"container\">\n\t\t\t\t<div class=\"elementor-element elementor-element-17f8e184 elementor-invisible elementor-widget elementor-widget-html\" data-id=\"17f8e184\" data-element_type=\"widget\" data-e-type=\"widget\" data-settings=\"{&quot;_animation&quot;:&quot;fadeInDown&quot;}\" data-widget_type=\"html.default\">\n\t\t\t\t<div class=\"elementor-widget-container\">\n\t\t\t\t\t<nav aria-label=\"breadcrumbs\" class=\"rank-math-breadcrumb\"><p><span class=\"last\">Home<\/span><\/p><\/nav>\t\t\t\t<\/div>\n\t\t\t\t<\/div>\n\t\t\t\t<div class=\"elementor-element elementor-element-d3efe8 titleafterstrich elementor-invisible elementor-widget elementor-widget-heading\" data-id=\"d3efe8\" data-element_type=\"widget\" data-e-type=\"widget\" data-settings=\"{&quot;_animation&quot;:&quot;fadeInDown&quot;}\" data-widget_type=\"heading.default\">\n\t\t\t\t<div class=\"elementor-widget-container\">\n\t\t\t\t\t<h1 class=\"elementor-heading-title elementor-size-default\">Leitbild<\/h1>\t\t\t\t<\/div>\n\t\t\t\t<\/div>\n\t\t\t\t<div class=\"elementor-element elementor-element-3f670009 pad-t-s elementor-invisible elementor-widget elementor-widget-heading\" data-id=\"3f670009\" data-element_type=\"widget\" data-e-type=\"widget\" data-settings=\"{&quot;_animation&quot;:&quot;fadeInDown&quot;}\" data-widget_type=\"heading.default\">\n\t\t\t\t<div class=\"elementor-widget-container\">\n\t\t\t\t\t<h2 class=\"elementor-heading-title elementor-size-default\">Unser Lehrplan ist darauf ausgelegt, ...<\/h2>\t\t\t\t<\/div>\n\t\t\t\t<\/div>\n\t\t\t\t<\/div>\n\t\t<div class=\"elementor-element elementor-element-500ee3c0 e-con-full e-flex e-con e-child\" data-id=\"500ee3c0\" data-element_type=\"container\" data-e-type=\"container\">\n\t\t\t\t<div class=\"elementor-element elementor-element-236a2093 linkmediumblue elementor-invisible elementor-widget elementor-widget-text-editor\" data-id=\"236a2093\" data-element_type=\"widget\" data-e-type=\"widget\" data-settings=\"{&quot;_animation&quot;:&quot;fadeInDown&quot;,&quot;_animation_delay&quot;:300}\" data-widget_type=\"text-editor.default\">\n\t\t\t\t<div class=\"elementor-widget-container\">\n\t\t\t\t\t\t\t\t\t<ul><li>Sch\u00fcler machen Englisch zu ihrer zweiten Heimat und werden auf eine Karriere in einer globalisierten Welt optimal vorbereitet<\/li><li>Deutsch und eine weitere Sprache (nebst Englisch) werden auf hohem Niveau gepflegt<\/li><li>eine gute Allgemeinbildung, die es Sch\u00fclern erlaubt, sich auf ihre St\u00e4rken zu konzentrieren und ihr Potenzial auszusch\u00f6pfen<\/li><li>selbst\u00e4ndiges Denken und Freude an hohen schulischen Leistungen<\/li><li>Teamwork und Respekt vor der Individualit\u00e4t der Mitsch\u00fcler<\/li><li>menschliche und fachliche Betreuung der Sch\u00fclerschaft<\/li><li>ein Umfeld, welches Selbstbewusstsein, Freude am Lernen, Durchhalteverm\u00f6gen und Toleranz f\u00f6rdert<\/li><\/ul>\t\t\t\t\t\t\t\t<\/div>\n\t\t\t\t<\/div>\n\t\t\t\t<div class=\"elementor-element elementor-element-7914250d pad-t-s elementor-invisible elementor-widget elementor-widget-heading\" data-id=\"7914250d\" data-element_type=\"widget\" data-e-type=\"widget\" data-settings=\"{&quot;_animation&quot;:&quot;fadeInDown&quot;}\" data-widget_type=\"heading.default\">\n\t\t\t\t<div class=\"elementor-widget-container\">\n\t\t\t\t\t<h2 class=\"elementor-heading-title elementor-size-default\">Interaktiv - Akademisches Programm<\/h2>\t\t\t\t<\/div>\n\t\t\t\t<\/div>\n\t\t\t\t<div class=\"elementor-element elementor-element-261faa66 pad-b-s elementor-invisible elementor-widget elementor-widget-button\" data-id=\"261faa66\" data-element_type=\"widget\" data-e-type=\"widget\" data-settings=\"{&quot;_animation&quot;:&quot;fadeInDown&quot;,&quot;_animation_delay&quot;:300}\" data-widget_type=\"button.default\">\n\t\t\t\t<div class=\"elementor-widget-container\">\n\t\t\t\t\t\t\t\t\t<div class=\"elementor-button-wrapper\">\n\t\t\t\t\t<a class=\"elementor-button elementor-button-link elementor-size-sm\" href=\"https:\/\/epapers.hullschool.ch\/academic-programme_2025-2026\" target=\"_blank\" rel=\"noopener\">\n\t\t\t\t\t\t<span class=\"elementor-button-content-wrapper\">\n\t\t\t\t\t\t<span class=\"elementor-button-icon\">\n\t\t\t\t<svg aria-hidden=\"true\" class=\"e-font-icon-svg e-fas-long-arrow-alt-right\" viewBox=\"0 0 448 512\" xmlns=\"http:\/\/www.w3.org\/2000\/svg\"><path d=\"M313.941 216H12c-6.627 0-12 5.373-12 12v56c0 6.627 5.373 12 12 12h301.941v46.059c0 21.382 25.851 32.09 40.971 16.971l86.059-86.059c9.373-9.373 9.373-24.569 0-33.941l-86.059-86.059c-15.119-15.119-40.971-4.411-40.971 16.971V216z\"><\/path><\/svg>\t\t\t<\/span>\n\t\t\t\t\t\t\t\t\t<span class=\"elementor-button-text\">Digitales E-Paper (Version 06.2025)<\/span>\n\t\t\t\t\t<\/span>\n\t\t\t\t\t<\/a>\n\t\t\t\t<\/div>\n\t\t\t\t\t\t\t\t<\/div>\n\t\t\t\t<\/div>\n\t\t\t\t<\/div>\n\t\t<div class=\"elementor-element elementor-element-1abea2fe e-con-full e-flex e-con e-child\" data-id=\"1abea2fe\" data-element_type=\"container\" data-e-type=\"container\">\n\t\t\t\t<div class=\"elementor-element elementor-element-57e4f652 elementor-widget elementor-widget-image\" data-id=\"57e4f652\" data-element_type=\"widget\" data-e-type=\"widget\" data-widget_type=\"image.default\">\n\t\t\t\t<div class=\"elementor-widget-container\">\n\t\t\t\t\t\t\t\t\t\t\t\t<figure class=\"wp-caption\">\n\t\t\t\t\t\t\t\t\t\t<img fetchpriority=\"high\" decoding=\"async\" width=\"800\" height=\"806\" src=\"https:\/\/www.hullschool.ch\/wp-content\/uploads\/hulls-school-results.jpg\" class=\"attachment-large size-large wp-image-11611\" alt=\"\" srcset=\"https:\/\/www.hullschool.ch\/wp-content\/uploads\/hulls-school-results.jpg 990w, https:\/\/www.hullschool.ch\/wp-content\/uploads\/hulls-school-results-298x300.jpg 298w, https:\/\/www.hullschool.ch\/wp-content\/uploads\/hulls-school-results-150x150.jpg 150w, https:\/\/www.hullschool.ch\/wp-content\/uploads\/hulls-school-results-768x773.jpg 768w\" sizes=\"(max-width: 800px) 100vw, 800px\" \/>\t\t\t\t\t\t\t\t\t\t\t<figcaption class=\"widget-image-caption wp-caption-text\">Hervorragender Abschluss<\/figcaption>\n\t\t\t\t\t\t\t\t\t\t<\/figure>\n\t\t\t\t\t\t\t\t\t<\/div>\n\t\t\t\t<\/div>\n\t\t\t\t<\/div>\n\t\t\t\t<\/div>\n\t\t\t\t\t<\/div>\n\t\t\t\t<\/div>\n\t\t\t\t<\/div>\n\t\t\t\t<\/div>\n\t\t","protected":false},"excerpt":{"rendered":"<p>Das erste College der Schweiz mit einem englischen 10. Schuljahr Leitbild Unser Lehrplan ist darauf ausgelegt, &#8230; Sch\u00fcler machen Englisch zu ihrer zweiten Heimat und werden auf eine Karriere in einer globalisierten Welt optimal vorbereitet Deutsch und eine weitere Sprache (nebst Englisch) werden auf hohem Niveau gepflegt eine gute Allgemeinbildung, die es Sch\u00fclern erlaubt, sich [&hellip;]<\/p>\n","protected":false},"author":1,"featured_media":0,"parent":14724,"menu_order":1,"comment_status":"closed","ping_status":"closed","template":"elementor_header_footer","meta":{"footnotes":"","_links_to":"","_links_to_target":""},"class_list":["post-14732","page","type-page","status-publish","hentry"],"_links":{"self":[{"href":"https:\/\/www.hullschool.ch\/de\/wp-json\/wp\/v2\/pages\/14732","targetHints":{"allow":["GET"]}}],"collection":[{"href":"https:\/\/www.hullschool.ch\/de\/wp-json\/wp\/v2\/pages"}],"about":[{"href":"https:\/\/www.hullschool.ch\/de\/wp-json\/wp\/v2\/types\/page"}],"author":[{"embeddable":true,"href":"https:\/\/www.hullschool.ch\/de\/wp-json\/wp\/v2\/users\/1"}],"replies":[{"embeddable":true,"href":"https:\/\/www.hullschool.ch\/de\/wp-json\/wp\/v2\/comments?post=14732"}],"version-history":[{"count":0,"href":"https:\/\/www.hullschool.ch\/de\/wp-json\/wp\/v2\/pages\/14732\/revisions"}],"up":[{"embeddable":true,"href":"https:\/\/www.hullschool.ch\/de\/wp-json\/wp\/v2\/pages\/14724"}],"wp:attachment":[{"href":"https:\/\/www.hullschool.ch\/de\/wp-json\/wp\/v2\/media?parent=14732"}],"curies":[{"name":"wp","href":"https:\/\/api.w.org\/{rel}","templated":true}]}}