{"id":14724,"date":"2023-08-15T15:42:00","date_gmt":"2023-08-15T13:42:00","guid":{"rendered":"https:\/\/existing-lookandfeel.hullschool.ch\/?page_id=14724"},"modified":"2024-06-10T09:56:42","modified_gmt":"2024-06-10T07:56:42","slug":"ueber-uns","status":"publish","type":"page","link":"https:\/\/www.hullschool.ch\/de\/ueber-uns\/","title":{"rendered":"\u00dcber uns"},"content":{"rendered":"\t\t<div data-elementor-type=\"wp-page\" data-elementor-id=\"14724\" class=\"elementor elementor-14724 elementor-11967\" data-elementor-post-type=\"page\">\n\t\t\t\t<div class=\"elementor-element elementor-element-61e129cd e-con-full pad-tb-l-first e-flex e-con e-parent\" data-id=\"61e129cd\" data-element_type=\"container\" data-e-type=\"container\" data-settings=\"{&quot;background_background&quot;:&quot;classic&quot;}\">\n\t\t<div class=\"elementor-element elementor-element-53f79b45 c-box e-flex e-con-boxed e-con e-child\" data-id=\"53f79b45\" data-element_type=\"container\" data-e-type=\"container\">\n\t\t\t\t\t<div class=\"e-con-inner\">\n\t\t<div class=\"elementor-element elementor-element-7ce3ece1 e-con-full e-flex e-con e-child\" data-id=\"7ce3ece1\" data-element_type=\"container\" data-e-type=\"container\">\n\t\t\t\t<div class=\"elementor-element elementor-element-53a13dd3 elementor-invisible elementor-widget elementor-widget-heading\" data-id=\"53a13dd3\" data-element_type=\"widget\" data-e-type=\"widget\" data-settings=\"{&quot;_animation&quot;:&quot;fadeInDown&quot;,&quot;_animation_delay&quot;:200}\" data-widget_type=\"heading.default\">\n\t\t\t\t<div class=\"elementor-widget-container\">\n\t\t\t\t\t<p class=\"elementor-heading-title elementor-size-default\">Das erste College der Schweiz\nmit einem englischen 10. Schuljahr<\/p>\t\t\t\t<\/div>\n\t\t\t\t<\/div>\n\t\t\t\t<\/div>\n\t\t\t\t\t<\/div>\n\t\t\t\t<\/div>\n\t\t\t\t<\/div>\n\t\t<div class=\"elementor-element elementor-element-2ad1dac e-con-full e-flex e-con e-parent\" data-id=\"2ad1dac\" data-element_type=\"container\" data-e-type=\"container\" data-settings=\"{&quot;background_background&quot;:&quot;classic&quot;}\">\n\t\t<div class=\"elementor-element elementor-element-3d2f114 c-box pad-tb-m e-flex e-con-boxed e-con e-child\" data-id=\"3d2f114\" data-element_type=\"container\" data-e-type=\"container\" data-settings=\"{&quot;background_background&quot;:&quot;classic&quot;}\">\n\t\t\t\t\t<div class=\"e-con-inner\">\n\t\t<div class=\"elementor-element elementor-element-2dc6eda5 e-con-full elementor-hidden-tablet elementor-hidden-mobile elementor-hidden-tablet_extra e-flex e-con e-child\" data-id=\"2dc6eda5\" data-element_type=\"container\" data-e-type=\"container\" data-settings=\"{&quot;background_background&quot;:&quot;classic&quot;}\">\n\t\t\t\t<div class=\"elementor-element elementor-element-35c2f5b verticalmenu elementor-nav-menu__text-align-aside elementor-widget elementor-widget-global elementor-global-11772 elementor-widget-nav-menu\" data-id=\"35c2f5b\" data-element_type=\"widget\" data-e-type=\"widget\" data-settings=\"{&quot;layout&quot;:&quot;dropdown&quot;,&quot;submenu_icon&quot;:{&quot;value&quot;:&quot;fas fa-chevron-down&quot;,&quot;library&quot;:&quot;fa-solid&quot;}}\" data-widget_type=\"nav-menu.default\">\n\t\t\t\t<div class=\"elementor-widget-container\">\n\t\t\t\t\t\t\t\t<nav class=\"elementor-nav-menu--dropdown elementor-nav-menu__container\" aria-hidden=\"true\">\n\t\t\t\t<ul id=\"menu-2-35c2f5b\" class=\"elementor-nav-menu\"><li class=\"menu-item menu-item-type-post_type menu-item-object-page menu-item-15276\"><a href=\"https:\/\/www.hullschool.ch\/de\/ueber-uns\/paedagogische-ziele-fuer-hulls-school-schueler\/\" class=\"elementor-item\" tabindex=\"-1\">P\u00e4dagogische Ziele<\/a><\/li>\n<li class=\"menu-item menu-item-type-post_type menu-item-object-page menu-item-has-children menu-item-15277\"><a href=\"https:\/\/www.hullschool.ch\/de\/ueber-uns\/leitbild\/\" class=\"elementor-item\" tabindex=\"-1\">Leitbild<\/a>\n<ul class=\"sub-menu elementor-nav-menu--dropdown\">\n\t<li class=\"menu-item menu-item-type-post_type menu-item-object-page menu-item-18353\"><a href=\"https:\/\/www.hullschool.ch\/de\/ueber-uns\/leitbild\/akademisches-programm\/\" class=\"elementor-sub-item\" tabindex=\"-1\">Akademisches Programm<\/a><\/li>\n<\/ul>\n<\/li>\n<li class=\"menu-item menu-item-type-post_type menu-item-object-page menu-item-18352\"><a href=\"https:\/\/www.hullschool.ch\/de\/ueber-uns\/faecher\/\" class=\"elementor-item\" tabindex=\"-1\">F\u00e4cher<\/a><\/li>\n<li class=\"menu-item menu-item-type-post_type menu-item-object-page menu-item-15278\"><a href=\"https:\/\/www.hullschool.ch\/de\/ueber-uns\/geschichte\/\" class=\"elementor-item\" tabindex=\"-1\">Geschichte<\/a><\/li>\n<li class=\"menu-item menu-item-type-post_type menu-item-object-page menu-item-15279\"><a href=\"https:\/\/www.hullschool.ch\/de\/ueber-uns\/methodik\/\" class=\"elementor-item\" tabindex=\"-1\">Methodik<\/a><\/li>\n<li class=\"menu-item menu-item-type-post_type menu-item-object-page menu-item-has-children menu-item-15280\"><a href=\"https:\/\/www.hullschool.ch\/de\/ueber-uns\/schulleitung\/\" class=\"elementor-item\" tabindex=\"-1\">Schulleitung<\/a>\n<ul class=\"sub-menu elementor-nav-menu--dropdown\">\n\t<li class=\"menu-item menu-item-type-post_type menu-item-object-page menu-item-15281\"><a href=\"https:\/\/www.hullschool.ch\/de\/ueber-uns\/schulleitung\/verwaltungsratspraesident\/\" class=\"elementor-sub-item\" tabindex=\"-1\">Verwaltungsratspr\u00e4sident: Robin Hull<\/a><\/li>\n\t<li class=\"menu-item menu-item-type-post_type menu-item-object-page menu-item-15282\"><a href=\"https:\/\/www.hullschool.ch\/de\/ueber-uns\/schulleitung\/rektor\/\" class=\"elementor-sub-item\" tabindex=\"-1\">Rektor: James Cunningham<\/a><\/li>\n\t<li class=\"menu-item menu-item-type-post_type menu-item-object-page menu-item-15283\"><a href=\"https:\/\/www.hullschool.ch\/de\/ueber-uns\/schulleitung\/schulleitung-prorektor\/\" class=\"elementor-sub-item\" tabindex=\"-1\">Prorektor: Patrick Durkin<\/a><\/li>\n<\/ul>\n<\/li>\n<li class=\"menu-item menu-item-type-post_type menu-item-object-page menu-item-15284\"><a href=\"https:\/\/www.hullschool.ch\/de\/ueber-uns\/mitarbeiter\/\" class=\"elementor-item\" tabindex=\"-1\">Mitarbeiter<\/a><\/li>\n<li class=\"menu-item menu-item-type-post_type menu-item-object-page menu-item-15285\"><a href=\"https:\/\/www.hullschool.ch\/de\/ueber-uns\/qualitaet\/\" class=\"elementor-item\" tabindex=\"-1\">Qualit\u00e4t<\/a><\/li>\n<li class=\"menu-item menu-item-type-post_type menu-item-object-page menu-item-15286\"><a href=\"https:\/\/www.hullschool.ch\/de\/ueber-uns\/pruefungszentrum\/\" class=\"elementor-item\" tabindex=\"-1\">Pr\u00fcfungszentrum<\/a><\/li>\n<li class=\"menu-item menu-item-type-post_type menu-item-object-page menu-item-15287\"><a href=\"https:\/\/www.hullschool.ch\/de\/ueber-uns\/schulkalender-und-ferienplan\/\" class=\"elementor-item\" tabindex=\"-1\">Schulkalender &#038; Ferienplan<\/a><\/li>\n<li class=\"menu-item menu-item-type-post_type menu-item-object-page menu-item-has-children menu-item-15288\"><a href=\"https:\/\/www.hullschool.ch\/de\/ueber-uns\/aufnahme\/\" class=\"elementor-item\" tabindex=\"-1\">Aufnahme<\/a>\n<ul class=\"sub-menu elementor-nav-menu--dropdown\">\n\t<li class=\"menu-item menu-item-type-post_type menu-item-object-page menu-item-15289\"><a href=\"https:\/\/www.hullschool.ch\/de\/ueber-uns\/aufnahme\/einschreibung\/\" class=\"elementor-sub-item\" tabindex=\"-1\">Einschreibung<\/a><\/li>\n\t<li class=\"menu-item menu-item-type-post_type menu-item-object-page menu-item-15290\"><a href=\"https:\/\/www.hullschool.ch\/de\/ueber-uns\/aufnahme\/generelle-informationen\/\" class=\"elementor-sub-item\" tabindex=\"-1\">Generelle Informationen<\/a><\/li>\n\t<li class=\"menu-item menu-item-type-post_type menu-item-object-page menu-item-15291\"><a href=\"https:\/\/www.hullschool.ch\/de\/10-schuljahr\/schulgeld\/\" class=\"elementor-sub-item\" tabindex=\"-1\">Schulgeld<\/a><\/li>\n<\/ul>\n<\/li>\n<li class=\"menu-item menu-item-type-post_type menu-item-object-page menu-item-15292\"><a href=\"https:\/\/www.hullschool.ch\/de\/eltern\/allgemeine-informationen\/schulkultur-und-sport\/\" class=\"elementor-item\" tabindex=\"-1\">Schulkultur und Sport<\/a><\/li>\n<li class=\"menu-item menu-item-type-post_type menu-item-object-page menu-item-18354\"><a href=\"https:\/\/www.hullschool.ch\/de\/ueber-uns\/universitaeten\/\" class=\"elementor-item\" tabindex=\"-1\">Universit\u00e4ten<\/a><\/li>\n<li class=\"menu-item menu-item-type-post_type menu-item-object-page menu-item-18355\"><a href=\"https:\/\/www.hullschool.ch\/de\/ueber-uns\/uebersicht-ueber-das-schweizer-und-das-britische-system\/\" class=\"elementor-item\" tabindex=\"-1\">\u00dcbersicht \u00fcber das Schweizer und das Britische System<\/a><\/li>\n<li class=\"menu-item menu-item-type-post_type menu-item-object-page menu-item-15293\"><a href=\"https:\/\/www.hullschool.ch\/de\/ueber-uns\/partner-links\/\" class=\"elementor-item\" tabindex=\"-1\">Partner &#038; Links<\/a><\/li>\n<li class=\"menu-item menu-item-type-post_type menu-item-object-page menu-item-15294\"><a href=\"https:\/\/www.hullschool.ch\/de\/ueber-uns\/stellenangebote\/\" class=\"elementor-item\" tabindex=\"-1\">Stellenangebote<\/a><\/li>\n<li class=\"menu-item menu-item-type-post_type menu-item-object-page menu-item-has-children menu-item-15295\"><a href=\"https:\/\/www.hullschool.ch\/de\/ueber-uns\/publikationen\/\" class=\"elementor-item\" tabindex=\"-1\">Publikationen<\/a>\n<ul class=\"sub-menu elementor-nav-menu--dropdown\">\n\t<li class=\"menu-item menu-item-type-custom menu-item-object-custom menu-item-14718\"><a href=\"\/de\/ueber-uns\/publikationen\/hulls-school-newsletter\/?filter=publications!is_custom_checkbox:Newsletter\" class=\"elementor-sub-item\" tabindex=\"-1\">Hull&#8217;s School Newsletter<\/a><\/li>\n\t<li class=\"menu-item menu-item-type-custom menu-item-object-custom menu-item-14719\"><a href=\"\/de\/ueber-uns\/publikationen\/yearbooks\/?filter=publications!is_custom_checkbox:Yearbooks\" class=\"elementor-sub-item\" tabindex=\"-1\">Yearbooks<\/a><\/li>\n\t<li class=\"menu-item menu-item-type-custom menu-item-object-custom menu-item-14720\"><a href=\"\/de\/ueber-uns\/publikationen\/hullarious-magazines\/?filter=publications!is_custom_checkbox:Hullarious%20Magazines\" class=\"elementor-sub-item\" tabindex=\"-1\">Hullarious Magazines<\/a><\/li>\n\t<li class=\"menu-item menu-item-type-custom menu-item-object-custom menu-item-14721\"><a href=\"\/de\/ueber-uns\/publikationen\/alumni-magazines\/?filter=publications!is_custom_checkbox:Alumni%20Magazines\" class=\"elementor-sub-item\" tabindex=\"-1\">Alumni Magazines<\/a><\/li>\n\t<li class=\"menu-item menu-item-type-custom menu-item-object-custom menu-item-14722\"><a href=\"\/de\/ueber-uns\/publikationen\/the-good-school-guide\/?filter=publications!is_custom_checkbox:The%20Good%20Schools%20Guide\" class=\"elementor-sub-item\" tabindex=\"-1\">The Good School Guide<\/a><\/li>\n\t<li class=\"menu-item menu-item-type-custom menu-item-object-custom menu-item-17253\"><a href=\"\/de\/ueber-uns\/publikationen\/akademisches-programm\/?filter=publications!is_custom_checkbox:Academic%20Programme\" class=\"elementor-sub-item\" tabindex=\"-1\">Akademisches Programm<\/a><\/li>\n\t<li class=\"menu-item menu-item-type-custom menu-item-object-custom menu-item-14723\"><a href=\"\/de\/ueber-uns\/publikationen\/a-guide-to-the-swiss-educational-system\/?filter=publications!is_custom_checkbox:Guide%3A%20Swiss%20Edu.%20System\" class=\"elementor-sub-item\" tabindex=\"-1\">A guide to the Swiss educational system<\/a><\/li>\n\t<li class=\"menu-item menu-item-type-post_type menu-item-object-page menu-item-15297\"><a href=\"https:\/\/www.hullschool.ch\/de\/ueber-uns\/publikationen\/aldous-huxley-museum\/\" class=\"elementor-sub-item\" tabindex=\"-1\">Aldous Huxley Museum<\/a><\/li>\n\t<li class=\"menu-item menu-item-type-custom menu-item-object-custom menu-item-17739\"><a href=\"\/de\/ueber-uns\/publikationen\/aldous-huxley-journal\/?filter=publications!is_custom_checkbox:Aldous%20Huxley%20Journal\" class=\"elementor-sub-item\" tabindex=\"-1\">Aldous Huxley Journal<\/a><\/li>\n\t<li class=\"menu-item menu-item-type-post_type menu-item-object-page menu-item-15296\"><a href=\"https:\/\/www.hullschool.ch\/de\/ueber-uns\/publikationen\/aldous-huxley-society\/\" class=\"elementor-sub-item\" tabindex=\"-1\">Aldous Huxley Society<\/a><\/li>\n\t<li class=\"menu-item menu-item-type-post_type menu-item-object-page menu-item-15298\"><a href=\"https:\/\/www.hullschool.ch\/de\/ueber-uns\/publikationen\/swiss-dyslexia-association-vds\/\" class=\"elementor-sub-item\" tabindex=\"-1\">Swiss Dyslexia Association (VDS)<\/a><\/li>\n<\/ul>\n<\/li>\n<li class=\"menu-item menu-item-type-post_type menu-item-object-page menu-item-15299\"><a href=\"https:\/\/www.hullschool.ch\/de\/ueber-uns\/campus\/\" class=\"elementor-item\" tabindex=\"-1\">Campus<\/a><\/li>\n<\/ul>\t\t\t<\/nav>\n\t\t\t\t\t\t<\/div>\n\t\t\t\t<\/div>\n\t\t\t\t<\/div>\n\t\t<div class=\"elementor-element elementor-element-c548b8b e-con-full e-flex e-con e-child\" data-id=\"c548b8b\" data-element_type=\"container\" data-e-type=\"container\">\n\t\t<div class=\"elementor-element elementor-element-67555326 e-con-full e-flex e-con e-child\" data-id=\"67555326\" data-element_type=\"container\" data-e-type=\"container\">\n\t\t\t\t<div class=\"elementor-element elementor-element-17f8e184 elementor-invisible elementor-widget elementor-widget-html\" data-id=\"17f8e184\" data-element_type=\"widget\" data-e-type=\"widget\" data-settings=\"{&quot;_animation&quot;:&quot;fadeInDown&quot;}\" data-widget_type=\"html.default\">\n\t\t\t\t<div class=\"elementor-widget-container\">\n\t\t\t\t\t<nav aria-label=\"breadcrumbs\" class=\"rank-math-breadcrumb\"><p><span class=\"last\">Home<\/span><\/p><\/nav>\t\t\t\t<\/div>\n\t\t\t\t<\/div>\n\t\t\t\t<div class=\"elementor-element elementor-element-d3efe8 titleafterstrich elementor-invisible elementor-widget elementor-widget-heading\" data-id=\"d3efe8\" data-element_type=\"widget\" data-e-type=\"widget\" data-settings=\"{&quot;_animation&quot;:&quot;fadeInDown&quot;}\" data-widget_type=\"heading.default\">\n\t\t\t\t<div class=\"elementor-widget-container\">\n\t\t\t\t\t<h1 class=\"elementor-heading-title elementor-size-default\">\u00dcber uns<\/h1>\t\t\t\t<\/div>\n\t\t\t\t<\/div>\n\t\t\t\t<div class=\"elementor-element elementor-element-236a2093 linkmediumblue pad-t-s elementor-invisible elementor-widget elementor-widget-text-editor\" data-id=\"236a2093\" data-element_type=\"widget\" data-e-type=\"widget\" data-settings=\"{&quot;_animation&quot;:&quot;fadeInDown&quot;,&quot;_animation_delay&quot;:300}\" data-widget_type=\"text-editor.default\">\n\t\t\t\t<div class=\"elementor-widget-container\">\n\t\t\t\t\t\t\t\t\t<p>Die Hull\u2019s School ist im Zentrum von Z\u00fcrich das erste englische Gymnasium f\u00fcr Jugendliche.<\/p><p>Das vierj\u00e4hrige Kurzzeitgymnasium, wo abgesehen von den modernen Sprachen auf Englisch unterrichtet wird, umfasst die britischen Fifth und Sixth Forms. Die Sch\u00fcler werden auf die Stufe International General Certificate of Secondary Education (IGCSE) sowie auf die A-Level-Pr\u00fcfungen vorbereitet.<\/p><p>Viele Jugendliche interessieren sich nach der Sekundarschule f\u00fcr den gymnasialen Weg. Sie w\u00fcnschen sich eine Schule mit einem attraktiven Angebot, einer motivierten Sch\u00fclerschaft und Lehrern, die sie f\u00f6rdern. Den Jugendlichen gef\u00e4llt die englische Sprache so sehr, dass sie gewillt sind, an einer englischen Schule ihr Bestes zu geben. Im britischen Bildungssystem werden die St\u00e4rken der Jugendlichen gef\u00f6rdert und ein sehr hoher Spezialisierungsgrad erm\u00f6glicht: auch den einseitig Begabten wird eine Chance geboten.<\/p><p>Die Schule bietet schweizerischen und internationalen Sch\u00fclern optimale Chancen. Im Grossraum Z\u00fcrich ist die Arbeitssprache bei einem Drittel der Bev\u00f6lkerung Englisch. An Schweizer Hochschulen wird je l\u00e4nger je mehr in englischer Sprache kommuniziert. Weltweit wird an Universit\u00e4ten mehrheitlich auf Englisch gelehrt.<\/p><p>Im Kanton Z\u00fcrich herrscht Akademikermangel; j\u00e4hrlich wandern Tausende von europ\u00e4ischen Universit\u00e4tsabsolventen ein und besetzen in Grossfirmen und Spit\u00e4lern Kaderstellen. An den Schweizer Gymnasien herrscht Platzmangel, gleichzeitig werden zu viele KV-Lehrlinge ausgebildet, die M\u00fche haben, eine f\u00fcr sie passende Anstellung zu finden. Die Chancen, mit BMS und Fachhochschulabschluss Karriere zu machen, sind in den letzten Jahren in den schweizerischen Grossfirmen gefallen. Wer international Karriere machen will, ist immer h\u00e4ufiger auf eine universit\u00e4re Bildung angewiesen.<\/p>\t\t\t\t\t\t\t\t<\/div>\n\t\t\t\t<\/div>\n\t\t<div class=\"elementor-element elementor-element-d9003c8 e-con-full c-box pad-t-s e-flex e-con e-child\" data-id=\"d9003c8\" data-element_type=\"container\" data-e-type=\"container\">\n\t\t<div class=\"elementor-element elementor-element-19fa245 e-con-full e-flex e-con e-child\" data-id=\"19fa245\" data-element_type=\"container\" data-e-type=\"container\">\n\t\t\t\t<div class=\"elementor-element elementor-element-5a73473 elementor-invisible elementor-widget elementor-widget-heading\" data-id=\"5a73473\" data-element_type=\"widget\" data-e-type=\"widget\" data-settings=\"{&quot;_animation&quot;:&quot;fadeInDown&quot;}\" data-widget_type=\"heading.default\">\n\t\t\t\t<div class=\"elementor-widget-container\">\n\t\t\t\t\t<h2 class=\"elementor-heading-title elementor-size-default\">Sch\u00fclersschaft<\/h2>\t\t\t\t<\/div>\n\t\t\t\t<\/div>\n\t\t\t\t<\/div>\n\t\t<div class=\"elementor-element elementor-element-6f26ba5 e-con-full e-flex e-con e-child\" data-id=\"6f26ba5\" data-element_type=\"container\" data-e-type=\"container\">\n\t\t\t\t<div class=\"elementor-element elementor-element-680480b linkmediumblue elementor-invisible elementor-widget elementor-widget-text-editor\" data-id=\"680480b\" data-element_type=\"widget\" data-e-type=\"widget\" data-settings=\"{&quot;_animation&quot;:&quot;fadeInDown&quot;,&quot;_animation_delay&quot;:300}\" data-widget_type=\"text-editor.default\">\n\t\t\t\t<div class=\"elementor-widget-container\">\n\t\t\t\t\t\t\t\t\t<p>Die meisten Sch\u00fcler haben entweder eine schweizerische Sekundarschule, ein Untergymnasium oder eine vergleichbare Schule absolviert. Sie starten bei der Hull&#8217;s School mit normalem Schulenglisch. 40 Prozent der Sch\u00fcler sind zweisprachig (Englisch und Deutsch); einige sind prim\u00e4r englischsprachig, weil sie zuvor an internationalen Schulen waren.<\/p>\t\t\t\t\t\t\t\t<\/div>\n\t\t\t\t<\/div>\n\t\t\t\t<\/div>\n\t\t\t\t<\/div>\n\t\t<div class=\"elementor-element elementor-element-8c18b70 e-con-full c-box e-flex e-con e-child\" data-id=\"8c18b70\" data-element_type=\"container\" data-e-type=\"container\">\n\t\t<div class=\"elementor-element elementor-element-c9bff84 e-con-full e-flex e-con e-child\" data-id=\"c9bff84\" data-element_type=\"container\" data-e-type=\"container\">\n\t\t\t\t<div class=\"elementor-element elementor-element-225970c elementor-invisible elementor-widget elementor-widget-heading\" data-id=\"225970c\" data-element_type=\"widget\" data-e-type=\"widget\" data-settings=\"{&quot;_animation&quot;:&quot;fadeInDown&quot;}\" data-widget_type=\"heading.default\">\n\t\t\t\t<div class=\"elementor-widget-container\">\n\t\t\t\t\t<h2 class=\"elementor-heading-title elementor-size-default\">Hohe Erfolgsquote<\/h2>\t\t\t\t<\/div>\n\t\t\t\t<\/div>\n\t\t\t\t<\/div>\n\t\t<div class=\"elementor-element elementor-element-d462447 e-con-full e-flex e-con e-child\" data-id=\"d462447\" data-element_type=\"container\" data-e-type=\"container\">\n\t\t\t\t<div class=\"elementor-element elementor-element-47b2056 linkmediumblue elementor-invisible elementor-widget elementor-widget-text-editor\" data-id=\"47b2056\" data-element_type=\"widget\" data-e-type=\"widget\" data-settings=\"{&quot;_animation&quot;:&quot;fadeInDown&quot;,&quot;_animation_delay&quot;:300}\" data-widget_type=\"text-editor.default\">\n\t\t\t\t<div class=\"elementor-widget-container\">\n\t\t\t\t\t\t\t\t\t<p>Absolventen der Hull&#8217;s School haben Zugang zu britischen und amerikanischen Universit\u00e4ten. Rund 80 Prozent der Sch\u00fcler erf\u00fcllen zudem nach Abschluss des Kurzzeitgymnasiums an der Hull\u2019s School die Aufnahmebedingungen schweizerischer Universit\u00e4ten und f\u00fchrender Hochschulen im In- und Ausland. Die britische Hochschulreife bietet von allen internationalen Hochschulreifepr\u00fcfungen die besten Chancen f\u00fcr einen Anschluss an schweizerische Hochschulen.<\/p>\t\t\t\t\t\t\t\t<\/div>\n\t\t\t\t<\/div>\n\t\t\t\t<\/div>\n\t\t\t\t<\/div>\n\t\t<div class=\"elementor-element elementor-element-f671508 e-con-full c-box e-flex e-con e-child\" data-id=\"f671508\" data-element_type=\"container\" data-e-type=\"container\">\n\t\t<div class=\"elementor-element elementor-element-e4b081c e-con-full e-flex e-con e-child\" data-id=\"e4b081c\" data-element_type=\"container\" data-e-type=\"container\">\n\t\t\t\t<div class=\"elementor-element elementor-element-dbed939 elementor-invisible elementor-widget elementor-widget-heading\" data-id=\"dbed939\" data-element_type=\"widget\" data-e-type=\"widget\" data-settings=\"{&quot;_animation&quot;:&quot;fadeInDown&quot;}\" data-widget_type=\"heading.default\">\n\t\t\t\t<div class=\"elementor-widget-container\">\n\t\t\t\t\t<h2 class=\"elementor-heading-title elementor-size-default\">Lehrplan, Curriculum<\/h2>\t\t\t\t<\/div>\n\t\t\t\t<\/div>\n\t\t\t\t<\/div>\n\t\t<div class=\"elementor-element elementor-element-df80842 e-con-full e-flex e-con e-child\" data-id=\"df80842\" data-element_type=\"container\" data-e-type=\"container\">\n\t\t\t\t<div class=\"elementor-element elementor-element-9b0bb46 linkmediumblue elementor-invisible elementor-widget elementor-widget-text-editor\" data-id=\"9b0bb46\" data-element_type=\"widget\" data-e-type=\"widget\" data-settings=\"{&quot;_animation&quot;:&quot;fadeInDown&quot;,&quot;_animation_delay&quot;:300}\" data-widget_type=\"text-editor.default\">\n\t\t\t\t<div class=\"elementor-widget-container\">\n\t\t\t\t\t\t\t\t\t<p>Im Lehrplan der Hull&#8217;s School ist sowohl die f\u00fcr Schweizer Gymnasien typische Breite der humanistischen Bildung wie auch der hohe Spezialisierungsgrad des britischen Bildungssystems vereint. Sch\u00fcler der Hull&#8217;s School geniessen ausgezeichnete Bildung auf Englisch und kommen dennoch in den Genuss eines Deutschlehrplans, das den Schweizer Gymnasien in nichts nachsteht. Maturaarbeiten werden auf Deutsch und Englisch verfasst.<\/p>\t\t\t\t\t\t\t\t<\/div>\n\t\t\t\t<\/div>\n\t\t\t\t<\/div>\n\t\t\t\t<\/div>\n\t\t\t\t<\/div>\n\t\t\t\t<\/div>\n\t\t\t\t\t<\/div>\n\t\t\t\t<\/div>\n\t\t\t\t<\/div>\n\t\t\t\t<\/div>\n\t\t","protected":false},"excerpt":{"rendered":"<p>Das erste College der Schweiz mit einem englischen 10. Schuljahr \u00dcber uns Die Hull\u2019s School ist im Zentrum von Z\u00fcrich das erste englische Gymnasium f\u00fcr Jugendliche. Das vierj\u00e4hrige Kurzzeitgymnasium, wo abgesehen von den modernen Sprachen auf Englisch unterrichtet wird, umfasst die britischen Fifth und Sixth Forms. Die Sch\u00fcler werden auf die Stufe International General Certificate [&hellip;]<\/p>\n","protected":false},"author":1,"featured_media":0,"parent":0,"menu_order":3,"comment_status":"closed","ping_status":"closed","template":"elementor_header_footer","meta":{"footnotes":"","_links_to":"","_links_to_target":""},"class_list":["post-14724","page","type-page","status-publish","hentry"],"_links":{"self":[{"href":"https:\/\/www.hullschool.ch\/de\/wp-json\/wp\/v2\/pages\/14724","targetHints":{"allow":["GET"]}}],"collection":[{"href":"https:\/\/www.hullschool.ch\/de\/wp-json\/wp\/v2\/pages"}],"about":[{"href":"https:\/\/www.hullschool.ch\/de\/wp-json\/wp\/v2\/types\/page"}],"author":[{"embeddable":true,"href":"https:\/\/www.hullschool.ch\/de\/wp-json\/wp\/v2\/users\/1"}],"replies":[{"embeddable":true,"href":"https:\/\/www.hullschool.ch\/de\/wp-json\/wp\/v2\/comments?post=14724"}],"version-history":[{"count":0,"href":"https:\/\/www.hullschool.ch\/de\/wp-json\/wp\/v2\/pages\/14724\/revisions"}],"wp:attachment":[{"href":"https:\/\/www.hullschool.ch\/de\/wp-json\/wp\/v2\/media?parent=14724"}],"curies":[{"name":"wp","href":"https:\/\/api.w.org\/{rel}","templated":true}]}}