{"id":14707,"date":"2024-06-05T18:24:59","date_gmt":"2024-06-05T16:24:59","guid":{"rendered":"https:\/\/existing-lookandfeel.hullschool.ch\/?page_id=14707"},"modified":"2026-03-19T18:41:56","modified_gmt":"2026-03-19T17:41:56","slug":"infoanlass","status":"publish","type":"page","link":"https:\/\/www.hullschool.ch\/de\/infoanlass\/","title":{"rendered":"Infoanlass"},"content":{"rendered":"\t\t<div data-elementor-type=\"wp-page\" data-elementor-id=\"14707\" class=\"elementor elementor-14707 elementor-14346\" data-elementor-post-type=\"page\">\n\t\t\t\t<div class=\"elementor-element elementor-element-61e129cd e-con-full pad-tb-l-first e-flex e-con e-parent\" data-id=\"61e129cd\" data-element_type=\"container\" data-e-type=\"container\" data-settings=\"{&quot;background_background&quot;:&quot;classic&quot;}\">\n\t\t<div class=\"elementor-element elementor-element-53f79b45 c-box e-flex e-con-boxed e-con e-child\" data-id=\"53f79b45\" data-element_type=\"container\" data-e-type=\"container\">\n\t\t\t\t\t<div class=\"e-con-inner\">\n\t\t<div class=\"elementor-element elementor-element-7ce3ece1 e-con-full e-flex e-con e-child\" data-id=\"7ce3ece1\" data-element_type=\"container\" data-e-type=\"container\">\n\t\t\t\t<div class=\"elementor-element elementor-element-53a13dd3 elementor-invisible elementor-widget elementor-widget-heading\" data-id=\"53a13dd3\" data-element_type=\"widget\" data-e-type=\"widget\" data-settings=\"{&quot;_animation&quot;:&quot;fadeInDown&quot;,&quot;_animation_delay&quot;:200}\" data-widget_type=\"heading.default\">\n\t\t\t\t<div class=\"elementor-widget-container\">\n\t\t\t\t\t<p class=\"elementor-heading-title elementor-size-default\">Das erste College der Schweiz mit einem englischen 10. Schuljahr<\/p>\t\t\t\t<\/div>\n\t\t\t\t<\/div>\n\t\t\t\t<\/div>\n\t\t\t\t\t<\/div>\n\t\t\t\t<\/div>\n\t\t\t\t<\/div>\n\t\t<div class=\"elementor-element elementor-element-2ad1dac e-con-full e-flex e-con e-parent\" data-id=\"2ad1dac\" data-element_type=\"container\" data-e-type=\"container\" data-settings=\"{&quot;background_background&quot;:&quot;classic&quot;}\">\n\t\t<div class=\"elementor-element elementor-element-3d2f114 c-box pad-tb-m e-flex e-con-boxed e-con e-child\" data-id=\"3d2f114\" data-element_type=\"container\" data-e-type=\"container\" data-settings=\"{&quot;background_background&quot;:&quot;classic&quot;}\">\n\t\t\t\t\t<div class=\"e-con-inner\">\n\t\t<div class=\"elementor-element elementor-element-2dc6eda5 e-con-full elementor-hidden-tablet elementor-hidden-mobile elementor-hidden-tablet_extra e-flex e-con e-child\" data-id=\"2dc6eda5\" data-element_type=\"container\" data-e-type=\"container\" data-settings=\"{&quot;background_background&quot;:&quot;classic&quot;}\">\n\t\t\t\t<div class=\"elementor-element elementor-element-ff70eb8 verticalmenu elementor-nav-menu__text-align-aside elementor-widget elementor-widget-nav-menu\" data-id=\"ff70eb8\" data-element_type=\"widget\" data-e-type=\"widget\" data-settings=\"{&quot;layout&quot;:&quot;dropdown&quot;,&quot;submenu_icon&quot;:{&quot;value&quot;:&quot;&lt;svg aria-hidden=\\&quot;true\\&quot; class=\\&quot;fa-svg-chevron-down e-font-icon-svg e-fas-chevron-down\\&quot; viewBox=\\&quot;0 0 448 512\\&quot; xmlns=\\&quot;http:\\\/\\\/www.w3.org\\\/2000\\\/svg\\&quot;&gt;&lt;path d=\\&quot;M207.029 381.476L12.686 187.132c-9.373-9.373-9.373-24.569 0-33.941l22.667-22.667c9.357-9.357 24.522-9.375 33.901-.04L224 284.505l154.745-154.021c9.379-9.335 24.544-9.317 33.901.04l22.667 22.667c9.373 9.373 9.373 24.569 0 33.941L240.971 381.476c-9.373 9.372-24.569 9.372-33.942 0z\\&quot;&gt;&lt;\\\/path&gt;&lt;\\\/svg&gt;&quot;,&quot;library&quot;:&quot;fa-solid&quot;}}\" data-widget_type=\"nav-menu.default\">\n\t\t\t\t<div class=\"elementor-widget-container\">\n\t\t\t\t\t\t\t\t<nav class=\"elementor-nav-menu--dropdown elementor-nav-menu__container\" aria-hidden=\"true\">\n\t\t\t\t<ul id=\"menu-2-ff70eb8\" class=\"elementor-nav-menu\"><li class=\"menu-item menu-item-type-post_type menu-item-object-page menu-item-15300\"><a href=\"https:\/\/www.hullschool.ch\/de\/ueber-uns\/\" class=\"elementor-item\" tabindex=\"-1\">\u00dcber uns<\/a><\/li>\n<li class=\"menu-item menu-item-type-post_type menu-item-object-page menu-item-15301\"><a href=\"https:\/\/www.hullschool.ch\/de\/10-schuljahr\/\" class=\"elementor-item\" tabindex=\"-1\">10. Schuljahr<\/a><\/li>\n<li class=\"menu-item menu-item-type-post_type menu-item-object-page menu-item-15302\"><a href=\"https:\/\/www.hullschool.ch\/de\/gymnasium\/\" class=\"elementor-item\" tabindex=\"-1\">Gymnasium<\/a><\/li>\n<li class=\"menu-item menu-item-type-post_type menu-item-object-page menu-item-15304\"><a href=\"\/de\/eltern\/allgemeine-informationen\/\" class=\"elementor-item\" tabindex=\"-1\">Eltern<\/a><\/li>\n<li class=\"menu-item menu-item-type-post_type menu-item-object-page menu-item-15303\"><a href=\"https:\/\/www.hullschool.ch\/de\/kontakt\/\" class=\"elementor-item\" tabindex=\"-1\">Kontakt<\/a><\/li>\n<\/ul>\t\t\t<\/nav>\n\t\t\t\t\t\t<\/div>\n\t\t\t\t<\/div>\n\t\t\t\t<\/div>\n\t\t<div class=\"elementor-element elementor-element-c548b8b e-con-full e-flex e-con e-child\" data-id=\"c548b8b\" data-element_type=\"container\" data-e-type=\"container\">\n\t\t<div class=\"elementor-element elementor-element-67555326 e-con-full e-flex e-con e-child\" data-id=\"67555326\" data-element_type=\"container\" data-e-type=\"container\">\n\t\t\t\t<div class=\"elementor-element elementor-element-17f8e184 elementor-invisible elementor-widget elementor-widget-html\" data-id=\"17f8e184\" data-element_type=\"widget\" data-e-type=\"widget\" data-settings=\"{&quot;_animation&quot;:&quot;fadeInDown&quot;}\" data-widget_type=\"html.default\">\n\t\t\t\t<div class=\"elementor-widget-container\">\n\t\t\t\t\t<nav aria-label=\"breadcrumbs\" class=\"rank-math-breadcrumb\"><p><span class=\"last\">Home<\/span><\/p><\/nav>\t\t\t\t<\/div>\n\t\t\t\t<\/div>\n\t\t\t\t<div class=\"elementor-element elementor-element-d3efe8 titleafterstrich elementor-invisible elementor-widget elementor-widget-heading\" data-id=\"d3efe8\" data-element_type=\"widget\" data-e-type=\"widget\" data-settings=\"{&quot;_animation&quot;:&quot;fadeInDown&quot;}\" data-widget_type=\"heading.default\">\n\t\t\t\t<div class=\"elementor-widget-container\">\n\t\t\t\t\t<h1 class=\"elementor-heading-title elementor-size-default\">Infoanlass<\/h1>\t\t\t\t<\/div>\n\t\t\t\t<\/div>\n\t\t\t\t<div class=\"elementor-element elementor-element-236a2093 linkmediumblue pad-t-s elementor-invisible elementor-widget elementor-widget-text-editor\" data-id=\"236a2093\" data-element_type=\"widget\" data-e-type=\"widget\" data-settings=\"{&quot;_animation&quot;:&quot;fadeInDown&quot;,&quot;_animation_delay&quot;:300}\" data-widget_type=\"text-editor.default\">\n\t\t\t\t<div class=\"elementor-widget-container\">\n\t\t\t\t\t\t\t\t\t<p>Am Infoabend erfahren Sie alles zum englischen Kurzzeitgymnasium der Hull&#8217;s School, 10. Schuljahr auf English sowie zur britischen Maturit\u00e4t, die zum Studium an Schweizer Universit\u00e4ten berechtigt und \u00fcberdies weltweit anerkannt ist.<\/p><p><span style=\"color: var( --e-global-color-text ); font-family: var( --e-global-typography-text-font-family ); font-size: var( --e-global-typography-text-font-size ); font-weight: var( --e-global-typography-text-font-weight ); letter-spacing: var( --e-global-typography-text-letter-spacing ); background-color: var( --e-global-color-93db2b0 );\">Nach dem Infoabend wissen Sie, was alles f\u00fcr die Hull&#8217;s School spricht; Sie werden \u00fcber die Anforderungen Bescheid wissen und eine Antwort auf die Frage erhalten, weshalb sich bereits so viele Jugendliche f\u00fcr die Hull&#8217;s School entschieden haben.<\/span><\/p>\t\t\t\t\t\t\t\t<\/div>\n\t\t\t\t<\/div>\n\t\t\t\t<div class=\"elementor-element elementor-element-886bfb2 elementor-invisible elementor-widget elementor-widget-heading\" data-id=\"886bfb2\" data-element_type=\"widget\" data-e-type=\"widget\" data-settings=\"{&quot;_animation&quot;:&quot;fadeInDown&quot;,&quot;_animation_delay&quot;:100}\" data-widget_type=\"heading.default\">\n\t\t\t\t<div class=\"elementor-widget-container\">\n\t\t\t\t\t<h4 class=\"elementor-heading-title elementor-size-default\">Datum n\u00e4chster Infoanlass<\/h4>\t\t\t\t<\/div>\n\t\t\t\t<\/div>\n\t\t\t\t<div class=\"elementor-element elementor-element-4e7be5f linkmediumblue elementor-invisible elementor-widget elementor-widget-text-editor\" data-id=\"4e7be5f\" data-element_type=\"widget\" data-e-type=\"widget\" data-settings=\"{&quot;_animation&quot;:&quot;fadeInDown&quot;,&quot;_animation_delay&quot;:300}\" data-widget_type=\"text-editor.default\">\n\t\t\t\t<div class=\"elementor-widget-container\">\n\t\t\t\t\t\t\t\t\t<p>Donnerstag, 7. Mai 2026<\/p>\t\t\t\t\t\t\t\t<\/div>\n\t\t\t\t<\/div>\n\t\t\t\t<div class=\"elementor-element elementor-element-36c6d9f elementor-invisible elementor-widget elementor-widget-heading\" data-id=\"36c6d9f\" data-element_type=\"widget\" data-e-type=\"widget\" data-settings=\"{&quot;_animation&quot;:&quot;fadeInDown&quot;,&quot;_animation_delay&quot;:100}\" data-widget_type=\"heading.default\">\n\t\t\t\t<div class=\"elementor-widget-container\">\n\t\t\t\t\t<h4 class=\"elementor-heading-title elementor-size-default\">Zeit und Ort<\/h4>\t\t\t\t<\/div>\n\t\t\t\t<\/div>\n\t\t\t\t<div class=\"elementor-element elementor-element-0a94892 linkmediumblue elementor-invisible elementor-widget elementor-widget-text-editor\" data-id=\"0a94892\" data-element_type=\"widget\" data-e-type=\"widget\" data-settings=\"{&quot;_animation&quot;:&quot;fadeInDown&quot;,&quot;_animation_delay&quot;:300}\" data-widget_type=\"text-editor.default\">\n\t\t\t\t<div class=\"elementor-widget-container\">\n\t\t\t\t\t\t\t\t\t<p>Alle Informationsabende beginnen um 18:00 Uhr und finden an der Falkenstrasse 28a, 8008 Z\u00fcrich, statt.<\/p>\t\t\t\t\t\t\t\t<\/div>\n\t\t\t\t<\/div>\n\t\t\t\t<div class=\"elementor-element elementor-element-8dbe9d6 pad-t-s elementor-invisible elementor-widget elementor-widget-heading\" data-id=\"8dbe9d6\" data-element_type=\"widget\" data-e-type=\"widget\" data-settings=\"{&quot;_animation&quot;:&quot;fadeInDown&quot;}\" data-widget_type=\"heading.default\">\n\t\t\t\t<div class=\"elementor-widget-container\">\n\t\t\t\t\t<h2 class=\"elementor-heading-title elementor-size-default\">Anmeldeformular<\/h2>\t\t\t\t<\/div>\n\t\t\t\t<\/div>\n\t\t\t\t<div class=\"elementor-element elementor-element-87b7821 brightform elementor-widget elementor-widget-tp-wp-forms\" data-id=\"87b7821\" data-element_type=\"widget\" data-e-type=\"widget\" data-widget_type=\"tp-wp-forms.default\">\n\t\t\t\t<div class=\"elementor-widget-container\">\n\t\t\t\t\t<div class=\"pt_plus_wpforms\" \" ><style id=\"wpforms-css-vars-17410\">\n\t\t\t\t#wpforms-17410 {\n\t\t\t\t--wpforms-field-size-input-height: 43px;\n--wpforms-field-size-input-spacing: 15px;\n--wpforms-field-size-font-size: 16px;\n--wpforms-field-size-line-height: 19px;\n--wpforms-field-size-padding-h: 14px;\n--wpforms-field-size-checkbox-size: 16px;\n--wpforms-field-size-sublabel-spacing: 5px;\n--wpforms-field-size-icon-size: 1;\n--wpforms-label-size-font-size: 16px;\n--wpforms-label-size-line-height: 19px;\n--wpforms-label-size-sublabel-font-size: 14px;\n--wpforms-label-size-sublabel-line-height: 17px;\n--wpforms-button-size-font-size: 17px;\n--wpforms-button-size-height: 41px;\n--wpforms-button-size-padding-h: 15px;\n--wpforms-button-size-margin-top: 10px;\n--wpforms-container-shadow-size-box-shadow: none;\n\t\t\t}\n\t\t\t<\/style><div class=\"wpforms-container wpforms-container-full wpforms-render-modern\" id=\"wpforms-17410\"><form id=\"wpforms-form-17410\" class=\"wpforms-validate wpforms-form wpforms-ajax-form\" data-formid=\"17410\" method=\"post\" enctype=\"multipart\/form-data\" action=\"\/de\/wp-json\/wp\/v2\/pages\/14707\" data-token=\"b939a83b3ef86fd7c9b45edaacf525f8\" data-token-time=\"1778162373\"><noscript class=\"wpforms-error-noscript\">Bitte aktiviere JavaScript in deinem Browser, um dieses Formular fertigzustellen.<\/noscript><div id=\"wpforms-error-noscript\" style=\"display: none;\">Bitte aktiviere JavaScript in deinem Browser, um dieses Formular fertigzustellen.<\/div><div class=\"wpforms-field-container\"><div id=\"wpforms-17410-field_36-container\" class=\"wpforms-field wpforms-field-select wpforms-field-select-style-classic\" data-field-id=\"36\"><label class=\"wpforms-field-label\" for=\"wpforms-17410-field_36\">Next Information Evening <span class=\"wpforms-required-label\" aria-hidden=\"true\">*<\/span><\/label><select id=\"wpforms-17410-field_36\" class=\"wpforms-field-medium wpforms-field-required\" name=\"wpforms[fields][36]\" required=\"required\"><option value=\"\" class=\"placeholder\" disabled  selected='selected'>Please choose date<\/option><option value=\"Thursday 7th May 2026\"  class=\"choice-13 depth-1\"  >Thursday 7th May 2026<\/option><option value=\"Thursday 17th September 2026\"  class=\"choice-14 depth-1\"  >Thursday 17th September 2026<\/option><option value=\"Thursday 12th November 2026\"  class=\"choice-15 depth-1\"  >Thursday 12th November 2026<\/option><option value=\"Thursday 14th January 2027\"  class=\"choice-16 depth-1\"  >Thursday 14th January 2027<\/option><option value=\"Tuesday 23rd March 2027\"  class=\"choice-17 depth-1\"  >Tuesday 23rd March 2027<\/option><option value=\"Thursday 13th May 2027\"  class=\"choice-18 depth-1\"  >Thursday 13th May 2027<\/option><\/select><\/div><div id=\"wpforms-17410-field_75-container\" class=\"wpforms-field wpforms-field-select wpforms-field-select-style-classic\" data-field-id=\"75\"><label class=\"wpforms-field-label\" for=\"wpforms-17410-field_75\">How would you like to participate? <span class=\"wpforms-required-label\" aria-hidden=\"true\">*<\/span><\/label><select id=\"wpforms-17410-field_75\" class=\"wpforms-field-medium wpforms-field-required\" name=\"wpforms[fields][75]\" required=\"required\"><option value=\"\" class=\"placeholder\" disabled  selected='selected'>Please select<\/option><option value=\"I would like to participate in person.\"  class=\"choice-8 depth-1\"  >I would like to participate in person.<\/option><option value=\"I would like to participate online.\"  class=\"choice-2 depth-1\"  >I would like to participate online.<\/option><\/select><\/div><div id=\"wpforms-17410-field_73-container\" class=\"wpforms-field wpforms-field-divider wpformstrichhell\" data-field-id=\"73\"><\/div><div id=\"wpforms-17410-field_61-container\" class=\"wpforms-field wpforms-field-select wpforms-field-select-style-classic\" data-field-id=\"61\"><label class=\"wpforms-field-label\" for=\"wpforms-17410-field_61\">Title <span class=\"wpforms-required-label\" aria-hidden=\"true\">*<\/span><\/label><select id=\"wpforms-17410-field_61\" class=\"wpforms-field-medium wpforms-field-required\" name=\"wpforms[fields][61]\" required=\"required\"><option value=\"\" class=\"placeholder\" disabled  selected='selected'>Please choose Title<\/option><option value=\"Mr\"  class=\"choice-4 depth-1\"  >Mr<\/option><option value=\"Mrs\"  class=\"choice-8 depth-1\"  >Mrs<\/option><option value=\"Ms\"  class=\"choice-9 depth-1\"  >Ms<\/option><\/select><\/div><div id=\"wpforms-17410-field_59-container\" class=\"wpforms-field wpforms-field-layout\" data-field-id=\"59\"><div class=\"wpforms-field-layout-columns wpforms-field-layout-preset-50-50\"><div class=\"wpforms-layout-column wpforms-layout-column-50\" ><div id=\"wpforms-17410-field_60-container\" class=\"wpforms-field wpforms-field-text\" data-field-id=\"60\"><label class=\"wpforms-field-label\" for=\"wpforms-17410-field_60\">First Name <span class=\"wpforms-required-label\" aria-hidden=\"true\">*<\/span><\/label><input type=\"text\" id=\"wpforms-17410-field_60\" class=\"wpforms-field-medium wpforms-field-required\" name=\"wpforms[fields][60]\" aria-errormessage=\"wpforms-17410-field_60-error\" required><\/div><\/div><div class=\"wpforms-layout-column wpforms-layout-column-50\" ><div id=\"wpforms-17410-field_47-container\" class=\"wpforms-field wpforms-field-text\" data-field-id=\"47\"><label class=\"wpforms-field-label\" for=\"wpforms-17410-field_47\">Last Name <span class=\"wpforms-required-label\" aria-hidden=\"true\">*<\/span><\/label><input type=\"text\" id=\"wpforms-17410-field_47\" class=\"wpforms-field-medium wpforms-field-required\" name=\"wpforms[fields][47]\" aria-errormessage=\"wpforms-17410-field_47-error\" required><\/div><\/div><\/div><\/div><div id=\"wpforms-17410-field_56-container\" class=\"wpforms-field wpforms-field-text\" data-field-id=\"56\"><label class=\"wpforms-field-label\" for=\"wpforms-17410-field_56\">Address <span class=\"wpforms-required-label\" aria-hidden=\"true\">*<\/span><\/label><input type=\"text\" id=\"wpforms-17410-field_56\" class=\"wpforms-field-large wpforms-field-required\" name=\"wpforms[fields][56]\" aria-errormessage=\"wpforms-17410-field_56-error\" required><\/div><div id=\"wpforms-17410-field_62-container\" class=\"wpforms-field wpforms-field-layout\" data-field-id=\"62\"><div class=\"wpforms-field-layout-columns wpforms-field-layout-preset-50-50\"><div class=\"wpforms-layout-column wpforms-layout-column-50\" ><div id=\"wpforms-17410-field_57-container\" class=\"wpforms-field wpforms-field-text\" data-field-id=\"57\"><label class=\"wpforms-field-label\" for=\"wpforms-17410-field_57\">Zip, town <span class=\"wpforms-required-label\" aria-hidden=\"true\">*<\/span><\/label><input type=\"text\" id=\"wpforms-17410-field_57\" class=\"wpforms-field-medium wpforms-field-required\" name=\"wpforms[fields][57]\" aria-errormessage=\"wpforms-17410-field_57-error\" required><\/div><\/div><div class=\"wpforms-layout-column wpforms-layout-column-50\" ><div id=\"wpforms-17410-field_64-container\" class=\"wpforms-field wpforms-field-text\" data-field-id=\"64\"><label class=\"wpforms-field-label\" for=\"wpforms-17410-field_64\">Phone <span class=\"wpforms-required-label\" aria-hidden=\"true\">*<\/span><\/label><input type=\"text\" id=\"wpforms-17410-field_64\" class=\"wpforms-field-medium wpforms-field-required\" name=\"wpforms[fields][64]\" aria-errormessage=\"wpforms-17410-field_64-error\" required><\/div><\/div><\/div><\/div><div id=\"wpforms-17410-field_63-container\" class=\"wpforms-field wpforms-field-layout\" data-field-id=\"63\"><div class=\"wpforms-field-layout-columns wpforms-field-layout-preset-50-50\"><div class=\"wpforms-layout-column wpforms-layout-column-50\" ><div id=\"wpforms-17410-field_65-container\" class=\"wpforms-field wpforms-field-email\" data-field-id=\"65\"><label class=\"wpforms-field-label\" for=\"wpforms-17410-field_65\">E-Mail <span class=\"wpforms-required-label\" aria-hidden=\"true\">*<\/span><\/label><input type=\"email\" id=\"wpforms-17410-field_65\" class=\"wpforms-field-medium wpforms-field-required\" name=\"wpforms[fields][65]\" spellcheck=\"false\" aria-errormessage=\"wpforms-17410-field_65-error\" required><\/div><\/div><div class=\"wpforms-layout-column wpforms-layout-column-50\" ><div id=\"wpforms-17410-field_66-container\" class=\"wpforms-field wpforms-field-number-slider formsliderdarkbg\" data-field-id=\"66\"><label class=\"wpforms-field-label\" for=\"wpforms-17410-field_66\">Persons<\/label>\n<input\n\ttype=\"range\"\n\tid=\"wpforms-17410-field_66\" class=\"wpforms-field-medium\" name=\"wpforms[fields][66]\" value=\"1\" aria-errormessage=\"wpforms-17410-field_66-error\"\t\tmin=\"1\"\n\tmax=\"5\"\n\tstep=\"1\">\n\n<div class=\"wpforms-field-number-slider-hint\"\n\tdata-hint=\"Selected number of persons: {value}\">\n\tSelected number of persons: <b>1<\/b><\/div>\n<\/div><\/div><\/div><\/div><div id=\"wpforms-17410-field_72-container\" class=\"wpforms-field wpforms-field-divider wpformstrichhell\" data-field-id=\"72\"><\/div><div id=\"wpforms-17410-field_67-container\" class=\"wpforms-field wpforms-field-layout\" data-field-id=\"67\"><div class=\"wpforms-field-layout-columns wpforms-field-layout-preset-50-50\"><div class=\"wpforms-layout-column wpforms-layout-column-50\" ><div id=\"wpforms-17410-field_68-container\" class=\"wpforms-field wpforms-field-text\" data-field-id=\"68\"><label class=\"wpforms-field-label\" for=\"wpforms-17410-field_68\">Name Student <span class=\"wpforms-required-label\" aria-hidden=\"true\">*<\/span><\/label><input type=\"text\" id=\"wpforms-17410-field_68\" class=\"wpforms-field-medium wpforms-field-required\" name=\"wpforms[fields][68]\" aria-errormessage=\"wpforms-17410-field_68-error\" required><\/div><\/div><div class=\"wpforms-layout-column wpforms-layout-column-50\" ><div id=\"wpforms-17410-field_69-container\" class=\"wpforms-field wpforms-field-text\" data-field-id=\"69\"><label class=\"wpforms-field-label\" for=\"wpforms-17410-field_69\">Age Student <span class=\"wpforms-required-label\" aria-hidden=\"true\">*<\/span><\/label><input type=\"text\" id=\"wpforms-17410-field_69\" class=\"wpforms-field-medium wpforms-field-required\" name=\"wpforms[fields][69]\" aria-errormessage=\"wpforms-17410-field_69-error\" required><\/div><\/div><\/div><\/div><div id=\"wpforms-17410-field_74-container\" class=\"wpforms-field wpforms-field-divider wpformstrichhell\" data-field-id=\"74\"><\/div><div id=\"wpforms-17410-field_18-container\" class=\"wpforms-field wpforms-field-textarea\" data-field-id=\"18\"><label class=\"wpforms-field-label\" for=\"wpforms-17410-field_18\">Further queries and comments<\/label><textarea id=\"wpforms-17410-field_18\" class=\"wpforms-field-medium\" name=\"wpforms[fields][18]\" aria-errormessage=\"wpforms-17410-field_18-error\" ><\/textarea><\/div><div id=\"wpforms-17410-field_40-container\" class=\"wpforms-field wpforms-field-select wpforms-field-select-style-classic\" data-field-id=\"40\"><label class=\"wpforms-field-label\" for=\"wpforms-17410-field_40\">How did you learn about our school? <span class=\"wpforms-required-label\" aria-hidden=\"true\">*<\/span><\/label><select id=\"wpforms-17410-field_40\" class=\"wpforms-field-medium wpforms-field-required\" name=\"wpforms[fields][40]\" required=\"required\"><option value=\"\" class=\"placeholder\" disabled  selected='selected'>Please choose<\/option><option value=\"Newspaper advertisement\"  class=\"choice-1 depth-1\"  >Newspaper advertisement<\/option><option value=\"Newspaper article\"  class=\"choice-3 depth-1\"  >Newspaper article<\/option><option value=\"Word-of-mouth \/ recommendation\"  class=\"choice-4 depth-1\"  >Word-of-mouth \/ recommendation<\/option><option value=\"Tram advertisement\"  class=\"choice-5 depth-1\"  >Tram advertisement<\/option><option value=\"Internet\"  class=\"choice-2 depth-1\"  >Internet<\/option><option value=\"Facebook\"  class=\"choice-6 depth-1\"  >Facebook<\/option><option value=\"Instagram\"  class=\"choice-7 depth-1\"  >Instagram<\/option><option value=\"Posters\"  class=\"choice-8 depth-1\"  >Posters<\/option><option value=\"Other\"  class=\"choice-9 depth-1\"  >Other<\/option><\/select><\/div><\/div><!-- .wpforms-field-container --><div class=\"wpforms-recaptcha-container wpforms-is-turnstile\" ><div class=\"wpforms-turnstile\" data-sitekey=\"0x4AAAAAAAhAag8X7spfa_UY\" data-action=\"FormID-17410\"><\/div><input type=\"text\" name=\"g-recaptcha-hidden\" class=\"wpforms-recaptcha-hidden\" style=\"position:absolute!important;clip:rect(0,0,0,0)!important;height:1px!important;width:1px!important;border:0!important;overflow:hidden!important;padding:0!important;margin:0!important;\" data-rule-turnstile=\"1\"><\/div><div class=\"wpforms-submit-container\" ><input type=\"hidden\" name=\"wpforms[id]\" value=\"17410\"><input type=\"hidden\" name=\"page_title\" value=\"\"><input type=\"hidden\" name=\"page_url\" value=\"https:\/\/www.hullschool.ch\/de\/wp-json\/wp\/v2\/pages\/14707\"><input type=\"hidden\" name=\"url_referer\" value=\"\"><button type=\"submit\" name=\"wpforms[submit]\" id=\"wpforms-submit-17410\" class=\"wpforms-submit\" data-alt-text=\"Sending...\" data-submit-text=\"Submit\" aria-live=\"assertive\" value=\"wpforms-submit\">Submit<\/button><img decoding=\"async\" src=\"https:\/\/www.hullschool.ch\/wp-content\/plugins\/wpforms\/assets\/images\/submit-spin.svg\" class=\"wpforms-submit-spinner\" style=\"display: none;\" width=\"26\" height=\"26\" alt=\"Wird geladen\"><\/div><\/form><\/div>  <!-- .wpforms-container --><\/div>\t\t\t\t<\/div>\n\t\t\t\t<\/div>\n\t\t\t\t<\/div>\n\t\t\t\t<\/div>\n\t\t\t\t\t<\/div>\n\t\t\t\t<\/div>\n\t\t\t\t<\/div>\n\t\t\t\t<\/div>\n\t\t","protected":false},"excerpt":{"rendered":"<p>Das erste College der Schweiz mit einem englischen 10. Schuljahr Infoanlass Am Infoabend erfahren Sie alles zum englischen Kurzzeitgymnasium der Hull&#8217;s School, 10. Schuljahr auf English sowie zur britischen Maturit\u00e4t, die zum Studium an Schweizer Universit\u00e4ten berechtigt und \u00fcberdies weltweit anerkannt ist. Nach dem Infoabend wissen Sie, was alles f\u00fcr die Hull&#8217;s School spricht; Sie [&hellip;]<\/p>\n","protected":false},"author":1,"featured_media":0,"parent":0,"menu_order":1,"comment_status":"closed","ping_status":"closed","template":"elementor_header_footer","meta":{"footnotes":"","_links_to":"","_links_to_target":""},"class_list":["post-14707","page","type-page","status-publish","hentry"],"_links":{"self":[{"href":"https:\/\/www.hullschool.ch\/de\/wp-json\/wp\/v2\/pages\/14707","targetHints":{"allow":["GET"]}}],"collection":[{"href":"https:\/\/www.hullschool.ch\/de\/wp-json\/wp\/v2\/pages"}],"about":[{"href":"https:\/\/www.hullschool.ch\/de\/wp-json\/wp\/v2\/types\/page"}],"author":[{"embeddable":true,"href":"https:\/\/www.hullschool.ch\/de\/wp-json\/wp\/v2\/users\/1"}],"replies":[{"embeddable":true,"href":"https:\/\/www.hullschool.ch\/de\/wp-json\/wp\/v2\/comments?post=14707"}],"version-history":[{"count":3,"href":"https:\/\/www.hullschool.ch\/de\/wp-json\/wp\/v2\/pages\/14707\/revisions"}],"predecessor-version":[{"id":20196,"href":"https:\/\/www.hullschool.ch\/de\/wp-json\/wp\/v2\/pages\/14707\/revisions\/20196"}],"wp:attachment":[{"href":"https:\/\/www.hullschool.ch\/de\/wp-json\/wp\/v2\/media?parent=14707"}],"curies":[{"name":"wp","href":"https:\/\/api.w.org\/{rel}","templated":true}]}}